{"id":712,"date":"2024-03-13T09:04:25","date_gmt":"2024-03-13T08:04:25","guid":{"rendered":"https:\/\/wordpress.vecurosoft.com\/consik\/?page_id=712"},"modified":"2025-12-18T08:54:57","modified_gmt":"2025-12-18T08:54:57","slug":"projeler","status":"publish","type":"page","link":"https:\/\/zekiinsaatyapi.com\/index.php\/projeler\/","title":{"rendered":"Projeler"},"content":{"rendered":"\t\t<div data-elementor-type=\"wp-page\" data-elementor-id=\"712\" class=\"elementor elementor-712\">\n\t\t\t\t<div class=\"elementor-element elementor-element-06e0dbc e-flex e-con-boxed e-con e-parent\" data-id=\"06e0dbc\" data-element_type=\"container\">\n\t\t\t\t\t<div class=\"e-con-inner\">\n\t\t\t\t<div class=\"elementor-element elementor-element-b88b3f4 elementor-widget elementor-widget-consikprojects\" data-id=\"b88b3f4\" data-element_type=\"widget\" data-widget_type=\"consikprojects.default\">\n\t\t\t\t<div class=\"elementor-widget-container\">\n\t\t\t\t\t<!-- project style one -->\t   <div class=\"row gx-70 filter-active\">\n            <div class=\"col-lg-6 col-md-6 filter-item\">\n            <div class=\"project-block--style4\">\n                                    <div class=\"project-block__media\">\n                        <a href=\"https:\/\/zekiinsaatyapi.com\/index.php\/all-proejcts\/nas-plaza3-blok-is-merkezi-taahhut-projemiz\/\">\n                            <img decoding=\"async\" data-src=\"https:\/\/zekiinsaatyapi.com\/wp-content\/uploads\/2026\/02\/nas-plaza3-blok-is-merkezi-taahhut-projemiz-1.jpg\" class=\"project-block__img wp-post-image lazyload\" alt=\"\" src=\"data:image\/svg+xml;base64,PHN2ZyB3aWR0aD0iMSIgaGVpZ2h0PSIxIiB4bWxucz0iaHR0cDovL3d3dy53My5vcmcvMjAwMC9zdmciPjwvc3ZnPg==\" style=\"--smush-placeholder-width: 8064px; --smush-placeholder-aspect-ratio: 8064\/4536;\" \/>                        <\/a>\n                    <\/div>\n                                <div class=\"project-block__content\">\n                    <span class=\"project-block__subtitle\">\n                        \u0130stanbul  Tamamlanm\u0131\u015f                      <\/span>\n                    <h3 class=\"project-block__title h4\">\n                        <a class=\"project-block__title__link\" href=\"https:\/\/zekiinsaatyapi.com\/index.php\/all-proejcts\/nas-plaza3-blok-is-merkezi-taahhut-projemiz\/\">\n                            NAS PLAZA3 BLOK \u0130\u015e MERKEZ\u0130 TAAHH\u00dcT PROJEM\u0130Z                        <\/a>\n                    <\/h3>\n                                    <\/div>\n            <\/div>\n        <\/div>\n            <div class=\"col-lg-6 col-md-6 filter-item\">\n            <div class=\"project-block--style4\">\n                                    <div class=\"project-block__media\">\n                        <a href=\"https:\/\/zekiinsaatyapi.com\/index.php\/all-proejcts\/zeki-insaat-kat-karsiligi-kartal-atalar-mah-7-daire\/\">\n                            <img decoding=\"async\" data-src=\"https:\/\/zekiinsaatyapi.com\/wp-content\/uploads\/2026\/02\/zeki-insaat-kat-karsiligi-kartal-atalar-mah-7-daire-1.jpg\" class=\"project-block__img wp-post-image lazyload\" alt=\"\" src=\"data:image\/svg+xml;base64,PHN2ZyB3aWR0aD0iMSIgaGVpZ2h0PSIxIiB4bWxucz0iaHR0cDovL3d3dy53My5vcmcvMjAwMC9zdmciPjwvc3ZnPg==\" style=\"--smush-placeholder-width: 8064px; --smush-placeholder-aspect-ratio: 8064\/4536;\" \/>                        <\/a>\n                    <\/div>\n                                <div class=\"project-block__content\">\n                    <span class=\"project-block__subtitle\">\n                        \u0130stanbul  Tamamlanm\u0131\u015f                      <\/span>\n                    <h3 class=\"project-block__title h4\">\n                        <a class=\"project-block__title__link\" href=\"https:\/\/zekiinsaatyapi.com\/index.php\/all-proejcts\/zeki-insaat-kat-karsiligi-kartal-atalar-mah-7-daire\/\">\n                            ZEK\u0130 \u0130N\u015eAAT KAT KAR\u015eILI\u011eI KARTAL ATALAR MAH. 7 DA\u0130RE                        <\/a>\n                    <\/h3>\n                                    <\/div>\n            <\/div>\n        <\/div>\n            <div class=\"col-lg-6 col-md-6 filter-item\">\n            <div class=\"project-block--style4\">\n                                    <div class=\"project-block__media\">\n                        <a href=\"https:\/\/zekiinsaatyapi.com\/index.php\/all-proejcts\/beta-yapi-16-daire\/\">\n                            <img decoding=\"async\" data-src=\"https:\/\/zekiinsaatyapi.com\/wp-content\/uploads\/2026\/02\/beta-yapi-16-daire-1.jpg\" class=\"project-block__img wp-post-image lazyload\" alt=\"\" src=\"data:image\/svg+xml;base64,PHN2ZyB3aWR0aD0iMSIgaGVpZ2h0PSIxIiB4bWxucz0iaHR0cDovL3d3dy53My5vcmcvMjAwMC9zdmciPjwvc3ZnPg==\" style=\"--smush-placeholder-width: 3840px; --smush-placeholder-aspect-ratio: 3840\/2160;\" \/>                        <\/a>\n                    <\/div>\n                                <div class=\"project-block__content\">\n                    <span class=\"project-block__subtitle\">\n                        \u0130stanbul  Tamamlanm\u0131\u015f                      <\/span>\n                    <h3 class=\"project-block__title h4\">\n                        <a class=\"project-block__title__link\" href=\"https:\/\/zekiinsaatyapi.com\/index.php\/all-proejcts\/beta-yapi-16-daire\/\">\n                            BETA YAPI 16 DA\u0130RE                        <\/a>\n                    <\/h3>\n                                    <\/div>\n            <\/div>\n        <\/div>\n            <div class=\"col-lg-6 col-md-6 filter-item\">\n            <div class=\"project-block--style4\">\n                                    <div class=\"project-block__media\">\n                        <a href=\"https:\/\/zekiinsaatyapi.com\/index.php\/all-proejcts\/zeki-insaat-kat-karsiligi-sancaktepe-sefa-mah-32-daire-4-blok\/\">\n                            <img decoding=\"async\" data-src=\"https:\/\/zekiinsaatyapi.com\/wp-content\/uploads\/2026\/02\/zeki-insaat-kat-karsiligi-sancaktepe-sefa-mah-32-daire-4-blok-1.jpg\" class=\"project-block__img wp-post-image lazyload\" alt=\"\" src=\"data:image\/svg+xml;base64,PHN2ZyB3aWR0aD0iMSIgaGVpZ2h0PSIxIiB4bWxucz0iaHR0cDovL3d3dy53My5vcmcvMjAwMC9zdmciPjwvc3ZnPg==\" style=\"--smush-placeholder-width: 8064px; --smush-placeholder-aspect-ratio: 8064\/4536;\" \/>                        <\/a>\n                    <\/div>\n                                <div class=\"project-block__content\">\n                    <span class=\"project-block__subtitle\">\n                        \u0130stanbul  Tamamlanm\u0131\u015f                      <\/span>\n                    <h3 class=\"project-block__title h4\">\n                        <a class=\"project-block__title__link\" href=\"https:\/\/zekiinsaatyapi.com\/index.php\/all-proejcts\/zeki-insaat-kat-karsiligi-sancaktepe-sefa-mah-32-daire-4-blok\/\">\n                            ZEK\u0130 \u0130N\u015eAAT KAT KAR\u015eILI\u011eI SANCAKTEPE SEFA MAH. 32 DA\u0130RE 4 BLOK                        <\/a>\n                    <\/h3>\n                                    <\/div>\n            <\/div>\n        <\/div>\n            <div class=\"col-lg-6 col-md-6 filter-item\">\n            <div class=\"project-block--style4\">\n                                    <div class=\"project-block__media\">\n                        <a href=\"https:\/\/zekiinsaatyapi.com\/index.php\/all-proejcts\/zeki-insaat-kat-karsiligi-sancaktepe-yeniogan-mah-10-daire\/\">\n                            <img decoding=\"async\" data-src=\"https:\/\/zekiinsaatyapi.com\/wp-content\/uploads\/2026\/02\/zeki-insaat-kat-karsiligi-sancaktepe-yeniogan-mah-10-daire-1.jpg\" class=\"project-block__img wp-post-image lazyload\" alt=\"\" src=\"data:image\/svg+xml;base64,PHN2ZyB3aWR0aD0iMSIgaGVpZ2h0PSIxIiB4bWxucz0iaHR0cDovL3d3dy53My5vcmcvMjAwMC9zdmciPjwvc3ZnPg==\" style=\"--smush-placeholder-width: 8064px; --smush-placeholder-aspect-ratio: 8064\/4536;\" \/>                        <\/a>\n                    <\/div>\n                                <div class=\"project-block__content\">\n                    <span class=\"project-block__subtitle\">\n                        \u0130stanbul  Tamamlanm\u0131\u015f                      <\/span>\n                    <h3 class=\"project-block__title h4\">\n                        <a class=\"project-block__title__link\" href=\"https:\/\/zekiinsaatyapi.com\/index.php\/all-proejcts\/zeki-insaat-kat-karsiligi-sancaktepe-yeniogan-mah-10-daire\/\">\n                            ZEK\u0130 \u0130N\u015eAAT KAT KAR\u015eILI\u011eI SANCAKTEPE YEN\u0130O\u011eAN MAH. 10 DA\u0130RE                        <\/a>\n                    <\/h3>\n                                    <\/div>\n            <\/div>\n        <\/div>\n            <div class=\"col-lg-6 col-md-6 filter-item\">\n            <div class=\"project-block--style4\">\n                                    <div class=\"project-block__media\">\n                        <a href=\"https:\/\/zekiinsaatyapi.com\/index.php\/all-proejcts\/zeki-insaat-kat-karsiligi-sancaktepe-hilal-mah-24-daire\/\">\n                            <img decoding=\"async\" data-src=\"https:\/\/zekiinsaatyapi.com\/wp-content\/uploads\/2026\/02\/zeki-insaat-kat-karsiligi-sancaktepe-hilal-mah-24-daire-1.jpg\" class=\"project-block__img wp-post-image lazyload\" alt=\"\" src=\"data:image\/svg+xml;base64,PHN2ZyB3aWR0aD0iMSIgaGVpZ2h0PSIxIiB4bWxucz0iaHR0cDovL3d3dy53My5vcmcvMjAwMC9zdmciPjwvc3ZnPg==\" style=\"--smush-placeholder-width: 8064px; --smush-placeholder-aspect-ratio: 8064\/4536;\" \/>                        <\/a>\n                    <\/div>\n                                <div class=\"project-block__content\">\n                    <span class=\"project-block__subtitle\">\n                        \u0130stanbul  Tamamlanm\u0131\u015f                      <\/span>\n                    <h3 class=\"project-block__title h4\">\n                        <a class=\"project-block__title__link\" href=\"https:\/\/zekiinsaatyapi.com\/index.php\/all-proejcts\/zeki-insaat-kat-karsiligi-sancaktepe-hilal-mah-24-daire\/\">\n                            ZEK\u0130 \u0130N\u015eAAT KAT KAR\u015eILI\u011eI SANCAKTEPE H\u0130LAL MAH. 24 DA\u0130RE                        <\/a>\n                    <\/h3>\n                                    <\/div>\n            <\/div>\n        <\/div>\n            <div class=\"col-lg-6 col-md-6 filter-item\">\n            <div class=\"project-block--style4\">\n                                    <div class=\"project-block__media\">\n                        <a href=\"https:\/\/zekiinsaatyapi.com\/index.php\/all-proejcts\/beta-yapi-2-bloktan-olusan-taahhut-projemiz-acibadem-tangor-sitesi\/\">\n                            <img decoding=\"async\" data-src=\"https:\/\/zekiinsaatyapi.com\/wp-content\/uploads\/2026\/02\/beta-yapi-2-bloktan-olusan-taahhut-projemiz-acibadem-tangor-sitesi-1.jpg\" class=\"project-block__img wp-post-image lazyload\" alt=\"\" src=\"data:image\/svg+xml;base64,PHN2ZyB3aWR0aD0iMSIgaGVpZ2h0PSIxIiB4bWxucz0iaHR0cDovL3d3dy53My5vcmcvMjAwMC9zdmciPjwvc3ZnPg==\" style=\"--smush-placeholder-width: 1422px; --smush-placeholder-aspect-ratio: 1422\/835;\" \/>                        <\/a>\n                    <\/div>\n                                <div class=\"project-block__content\">\n                    <span class=\"project-block__subtitle\">\n                        \u0130stanbul  Tamamlanm\u0131\u015f                      <\/span>\n                    <h3 class=\"project-block__title h4\">\n                        <a class=\"project-block__title__link\" href=\"https:\/\/zekiinsaatyapi.com\/index.php\/all-proejcts\/beta-yapi-2-bloktan-olusan-taahhut-projemiz-acibadem-tangor-sitesi\/\">\n                            BETA YAPI 2 BLOKTAN OLU\u015eAN TAAHH\u00dcT PROJEM\u0130Z ACIBADEM TANG\u00d6R S\u0130TES\u0130                        <\/a>\n                    <\/h3>\n                                    <\/div>\n            <\/div>\n        <\/div>\n            <div class=\"col-lg-6 col-md-6 filter-item\">\n            <div class=\"project-block--style4\">\n                                    <div class=\"project-block__media\">\n                        <a href=\"https:\/\/zekiinsaatyapi.com\/index.php\/all-proejcts\/alit-yapi-2-bloktan-olusan-42-daire-taahhut-projemiz-kartal-atalar-mah\/\">\n                            <img decoding=\"async\" data-src=\"https:\/\/zekiinsaatyapi.com\/wp-content\/uploads\/2026\/02\/alit-yapi-2-bloktan-olusan-42-daire-taahhut-projemiz-kartal-atalar-mah-1.jpg\" class=\"project-block__img wp-post-image lazyload\" alt=\"\" src=\"data:image\/svg+xml;base64,PHN2ZyB3aWR0aD0iMSIgaGVpZ2h0PSIxIiB4bWxucz0iaHR0cDovL3d3dy53My5vcmcvMjAwMC9zdmciPjwvc3ZnPg==\" style=\"--smush-placeholder-width: 1539px; --smush-placeholder-aspect-ratio: 1539\/843;\" \/>                        <\/a>\n                    <\/div>\n                                <div class=\"project-block__content\">\n                    <span class=\"project-block__subtitle\">\n                        \u0130stanbul  Tamamlanm\u0131\u015f                      <\/span>\n                    <h3 class=\"project-block__title h4\">\n                        <a class=\"project-block__title__link\" href=\"https:\/\/zekiinsaatyapi.com\/index.php\/all-proejcts\/alit-yapi-2-bloktan-olusan-42-daire-taahhut-projemiz-kartal-atalar-mah\/\">\n                            AL\u0130T YAPI 2 BLOKTAN OLU\u015eAN 42 DA\u0130RE TAAHH\u00dcT PROJEM\u0130Z KARTAL ATALAR MAH                        <\/a>\n                    <\/h3>\n                                    <\/div>\n            <\/div>\n        <\/div>\n    <\/div>\n    <div class=\"row\">\n        <div class=\"col-12 text-center\"> \n            <div class=\"vs-pagination\">\n                <span aria-label=\"Sayfa 1\" aria-current=\"page\" class=\"page-numbers current\">1<\/span>\n<a aria-label=\"Sayfa 2\" class=\"page-numbers\" href=\"https:\/\/zekiinsaatyapi.com\/index.php\/wp-json\/wp\/v2\/pages\/712\/page\/2\/\">2<\/a>\n<a aria-label=\"Sayfa 3\" class=\"page-numbers\" href=\"https:\/\/zekiinsaatyapi.com\/index.php\/wp-json\/wp\/v2\/pages\/712\/page\/3\/\">3<\/a>\n<span class=\"page-numbers dots\">&hellip;<\/span>\n<a aria-label=\"Sayfa 5\" class=\"page-numbers\" href=\"https:\/\/zekiinsaatyapi.com\/index.php\/wp-json\/wp\/v2\/pages\/712\/page\/5\/\">5<\/a>\n<a class=\"next page-numbers\" href=\"https:\/\/zekiinsaatyapi.com\/index.php\/wp-json\/wp\/v2\/pages\/712\/page\/2\/\">Sonraki<\/a>            <\/div>\n        <\/div>\n    <\/div>\n    \t\t\t\t<\/div>\n\t\t\t\t<\/div>\n\t\t\t\t\t<\/div>\n\t\t\t\t<\/div>\n\t\t\t\t<\/div>\n\t\t","protected":false},"excerpt":{"rendered":"<p>TODDLER Life Science Center CONSTRUCTION Park Offices CONSTRUCTION Oil Mill Construction CONSTRUCTION Road Construction CONSTRUCTION Building Construction CONSTRUCTION Visual Design CONSTRUCTION House Renovation CONSTRUCTION Secure Online Persona 1 2 Sonraki<\/p>\n","protected":false},"author":1,"featured_media":0,"parent":0,"menu_order":0,"comment_status":"closed","ping_status":"closed","template":"elementor_header_footer","meta":{"_monsterinsights_skip_tracking":false,"_monsterinsights_sitenote_active":false,"_monsterinsights_sitenote_note":"","_monsterinsights_sitenote_category":0,"footnotes":""},"class_list":["post-712","page","type-page","status-publish","hentry"],"aioseo_notices":[],"_links":{"self":[{"href":"https:\/\/zekiinsaatyapi.com\/index.php\/wp-json\/wp\/v2\/pages\/712","targetHints":{"allow":["GET"]}}],"collection":[{"href":"https:\/\/zekiinsaatyapi.com\/index.php\/wp-json\/wp\/v2\/pages"}],"about":[{"href":"https:\/\/zekiinsaatyapi.com\/index.php\/wp-json\/wp\/v2\/types\/page"}],"author":[{"embeddable":true,"href":"https:\/\/zekiinsaatyapi.com\/index.php\/wp-json\/wp\/v2\/users\/1"}],"replies":[{"embeddable":true,"href":"https:\/\/zekiinsaatyapi.com\/index.php\/wp-json\/wp\/v2\/comments?post=712"}],"version-history":[{"count":8,"href":"https:\/\/zekiinsaatyapi.com\/index.php\/wp-json\/wp\/v2\/pages\/712\/revisions"}],"predecessor-version":[{"id":3572,"href":"https:\/\/zekiinsaatyapi.com\/index.php\/wp-json\/wp\/v2\/pages\/712\/revisions\/3572"}],"wp:attachment":[{"href":"https:\/\/zekiinsaatyapi.com\/index.php\/wp-json\/wp\/v2\/media?parent=712"}],"curies":[{"name":"wp","href":"https:\/\/api.w.org\/{rel}","templated":true}]}}