{"id":49,"date":"2024-01-30T07:39:09","date_gmt":"2024-01-30T06:39:09","guid":{"rendered":"https:\/\/wordpress.vecurosoft.com\/consik\/?page_id=49"},"modified":"2025-12-22T00:07:36","modified_gmt":"2025-12-22T00:07:36","slug":"iletisim","status":"publish","type":"page","link":"https:\/\/zekiinsaatyapi.com\/index.php\/iletisim\/","title":{"rendered":"\u0130leti\u015fim"},"content":{"rendered":"\t\t<div data-elementor-type=\"wp-page\" data-elementor-id=\"49\" class=\"elementor elementor-49\">\n\t\t\t\t<div class=\"elementor-element elementor-element-4a20eda e-con-full e-flex e-con e-parent\" data-id=\"4a20eda\" data-element_type=\"container\">\n\t\t<div class=\"elementor-element elementor-element-b9cddf1 e-flex e-con-boxed e-con e-child\" data-id=\"b9cddf1\" data-element_type=\"container\">\n\t\t\t\t\t<div class=\"e-con-inner\">\n\t\t<div class=\"elementor-element elementor-element-88f0aef e-con-full e-flex e-con e-child\" data-id=\"88f0aef\" data-element_type=\"container\">\n\t\t\t\t<div class=\"elementor-element elementor-element-a50a8b2 elementor-widget elementor-widget-consiksectiontitle\" data-id=\"a50a8b2\" data-element_type=\"widget\" data-widget_type=\"consiksectiontitle.default\">\n\t\t\t\t<div class=\"elementor-widget-container\">\n\t\t\t\t\t<!-- Section Title --><div class=\"title-area\" ><span class=\"sec-subtitle2\">\u0130leti\u015fimde Kalal\u0131m<\/span><h2 class=\"sec-title title-selector\">Kentsel D\u00f6n\u00fc\u015f\u00fcm \u0130\u00e7in \u0130leti\u015fime Ge\u00e7in <\/h2><\/div><!-- End Section Title -->\t\t\t\t<\/div>\n\t\t\t\t<\/div>\n\t\t\t\t<\/div>\n\t\t<div class=\"elementor-element elementor-element-b99bce0 e-con-full e-flex e-con e-child\" data-id=\"b99bce0\" data-element_type=\"container\" data-settings=\"{&quot;background_background&quot;:&quot;classic&quot;}\">\n\t\t<div class=\"elementor-element elementor-element-ae8ce70 e-con-full e-flex e-con e-child\" data-id=\"ae8ce70\" data-element_type=\"container\" data-settings=\"{&quot;background_background&quot;:&quot;classic&quot;}\">\n\t\t<div class=\"elementor-element elementor-element-bb64a2a e-con-full e-flex e-con e-child\" data-id=\"bb64a2a\" data-element_type=\"container\" data-settings=\"{&quot;background_background&quot;:&quot;classic&quot;}\">\n\t\t\t\t<div class=\"elementor-element elementor-element-87f8902 elementor-widget elementor-widget-consiksectiontitle\" data-id=\"87f8902\" data-element_type=\"widget\" data-widget_type=\"consiksectiontitle.default\">\n\t\t\t\t<div class=\"elementor-widget-container\">\n\t\t\t\t\t<!-- Section Title --><div class=\"title-area\" ><h2 class=\"sec-title title-selector\">Mesaj B\u0131rak\u0131n <\/h2><p class=\"sec-text\">Feel some love, to see what we can do...<\/p><\/div><!-- End Section Title -->\t\t\t\t<\/div>\n\t\t\t\t<\/div>\n\t\t\t\t<div class=\"elementor-element elementor-element-ac23ead elementor-widget elementor-widget-shortcode\" data-id=\"ac23ead\" data-element_type=\"widget\" data-widget_type=\"shortcode.default\">\n\t\t\t\t\t\t\t<div class=\"elementor-shortcode\">\n<div class=\"wpcf7 no-js\" id=\"wpcf7-f2085-o1\" lang=\"en-US\" dir=\"ltr\" data-wpcf7-id=\"2085\">\n<div class=\"screen-reader-response\"><p role=\"status\" aria-live=\"polite\" aria-atomic=\"true\"><\/p> <ul><\/ul><\/div>\n<form action=\"\/index.php\/wp-json\/wp\/v2\/pages\/49#wpcf7-f2085-o1\" method=\"post\" class=\"wpcf7-form init\" aria-label=\"Contact form\" novalidate=\"novalidate\" data-status=\"init\">\n<fieldset class=\"hidden-fields-container\"><input type=\"hidden\" name=\"_wpcf7\" value=\"2085\" \/><input type=\"hidden\" name=\"_wpcf7_version\" value=\"6.1.4\" \/><input type=\"hidden\" name=\"_wpcf7_locale\" value=\"en_US\" \/><input type=\"hidden\" name=\"_wpcf7_unit_tag\" value=\"wpcf7-f2085-o1\" \/><input type=\"hidden\" name=\"_wpcf7_container_post\" value=\"0\" \/><input type=\"hidden\" name=\"_wpcf7_posted_data_hash\" value=\"\" \/>\n<\/fieldset>\n<div class=\"form--contact\">\n<div class=\"row gx-20\">\n  <div class=\"col-12 col-md-8 col-lg-12 form-group\">\n    <span class=\"wpcf7-form-control-wrap\" data-name=\"name\"><input size=\"40\" maxlength=\"400\" class=\"wpcf7-form-control wpcf7-text wpcf7-validates-as-required\" aria-required=\"true\" aria-invalid=\"false\" placeholder=\"\u0130sim &amp; Soyisim\" value=\"\" type=\"text\" name=\"name\" \/><\/span>\n    <div class=\"form-icon\">\n      <i class=\"far fa-user\"><\/i>\n    <\/div>\n  <\/div>\n  <div class=\"col-12 col-md-8 col-lg-12 form-group\">\n    <span class=\"wpcf7-form-control-wrap\" data-name=\"email\"><input size=\"40\" maxlength=\"400\" class=\"wpcf7-form-control wpcf7-email wpcf7-validates-as-required wpcf7-text wpcf7-validates-as-email\" aria-required=\"true\" aria-invalid=\"false\" placeholder=\"E-Posta Adresi\" value=\"\" type=\"email\" name=\"email\" \/><\/span>\n    <div class=\"form-icon\">\n       <i class=\"far fa-envelope-open\"><\/i>\n    <\/div>\n  <\/div>\n  <div class=\"col-12 col-md-8 col-lg-12 form-group\">\n    <span class=\"wpcf7-form-control-wrap\" data-name=\"phone\"><input size=\"40\" maxlength=\"400\" class=\"wpcf7-form-control wpcf7-tel wpcf7-validates-as-required wpcf7-text wpcf7-validates-as-tel\" aria-required=\"true\" aria-invalid=\"false\" placeholder=\"Telefon Numaras\u0131\" value=\"\" type=\"tel\" name=\"phone\" \/><\/span>\n    <div class=\"form-icon\">\n      <i class=\"fas fa-mobile-alt\"><\/i>\n    <\/div>\n  <\/div>\n  <div class=\"col-12 col-md-8 col-lg-12 form-group\">\n    <span class=\"wpcf7-form-control-wrap\" data-name=\"message\"><textarea cols=\"40\" rows=\"10\" maxlength=\"2000\" class=\"wpcf7-form-control wpcf7-textarea wpcf7-validates-as-required\" aria-required=\"true\" aria-invalid=\"false\" placeholder=\"Mesaj\u0131n\u0131z\" name=\"message\"><\/textarea><\/span>\n    <div class=\"form-icon\">\n      <i class=\"far fa-comment-alt\"><\/i>\n    <\/div>\n  <\/div>\n\n<div class=\"col-12 form-group\">\n    <button class=\"vs-btn style3\" type=\"submit\">\n       <span class=\"vs-btn__bar\"><\/span>\n          G\u00f6nder\n   <\/button> \n<\/div> \n                   \n<\/div><\/div><div class=\"wpcf7-response-output\" aria-hidden=\"true\"><\/div>\n<\/form>\n<\/div>\n<\/div>\n\t\t\t\t\t\t<\/div>\n\t\t\t\t<\/div>\n\t\t<div class=\"elementor-element elementor-element-d3c0569 e-con-full e-flex e-con e-child\" data-id=\"d3c0569\" data-element_type=\"container\" data-settings=\"{&quot;background_background&quot;:&quot;classic&quot;}\">\n\t\t<div class=\"elementor-element elementor-element-c175c9d e-con-full e-flex e-con e-child\" data-id=\"c175c9d\" data-element_type=\"container\" data-settings=\"{&quot;background_background&quot;:&quot;classic&quot;}\">\n\t\t\t\t<div class=\"elementor-element elementor-element-6448306 elementor-widget elementor-widget-consik-footer-info\" data-id=\"6448306\" data-element_type=\"widget\" data-widget_type=\"consik-footer-info.default\">\n\t\t\t\t<div class=\"elementor-widget-container\">\n\t\t\t\t\t\t\t\t\t\t\t\t<div class=\"footer-info--style5\">\n\t\t\t\t\t<div class=\"footer-info_icon\">\n\t\t\t\t\t\t<i>\n\t\t\t\t\t\t\t<svg xmlns=\"http:\/\/www.w3.org\/2000\/svg\" xmlns:xlink=\"http:\/\/www.w3.org\/1999\/xlink\" width=\"15\" height=\"24\" viewBox=\"0 0 15 24\"><image id=\"Layer_3_copy\" data-name=\"Layer 3 copy\" width=\"15\" height=\"24\" xlink:href=\"data:image\/png;base64,iVBORw0KGgoAAAANSUhEUgAAAA8AAAAYCAYAAAAlBadpAAAABHNCSVQICAgIfAhkiAAAARtJREFUOE\/tlL9LQlEUx3sRgoM\/FiGsRV0U\/4GivyEwJxuCaHJQwcW\/IxwcpHR1c8i\/IWwPbQgpopYEUxc16vX5yh2ekPpm8cKHc94953vuuZfHsWzb3mGdQRGiYGljxXolVoaGhTiF01wj+C98IfEzkZgqQQ1+VxRSV+dwBZ8ST3E8pkDPRQdBcgbKk3iE9cERPLgQx8npwkziL5wAnMC9C3GSnEeYbMXbB1v2v2zqTxLiwmnYgx+4g3fzCAt3HrLph2NomwSNmbzjxVr4p+Y7ge3A1DkMImy8mIQwVjNNQ+IbbuDJxHSQDpwPgzfsIVTgFjQR+zCGXdBY8sK+EWewJRWQ+BKn7mjRrVuQWMlZyMGBulmj\/iBehes\/loiq5VLxBfkAAAAASUVORK5CYII=\"><\/image><\/svg>\t\t\t\t\t\t<\/i>\n\t\t\t\t\t<\/div>\n\t\t\t\t\t<div class=\"media-body\">\n\t\t\t\t\t\t\t\t\t\t\t\t\t<span class=\"footer-info_label\">\n\t\t\t\t\t\t\t\tTelefon \/ WhatsApp:\t\t\t\t\t\t\t<\/span>\n\t\t\t\t\t\t\n\t\t\t\t\t\t\t\t\t\t\t\t\t\t\t\t\t\t\t\t\t<div class=\"footer-info_link\">\n\t\t\t\t\t\t\t\t\t<a href=\"tel:+90 536 220 54 26\">\n\t\t\t\t\t\t\t\t\t\t+90 536 220 54 26\t\t\t\t\t\t\t\t\t<\/a>\n\t\t\t\t\t\t\t\t<\/div>\n\t\t\t\t\t\t\t\t\t\t\t\t\t\n\t\t\t\t\t<\/div>\n\t\t\t\t<\/div>\n\t\t\t\t\n        \t\t\t\t<\/div>\n\t\t\t\t<\/div>\n\t\t\t\t<div class=\"elementor-element elementor-element-1e22e62 elementor-widget elementor-widget-consik-footer-info\" data-id=\"1e22e62\" data-element_type=\"widget\" data-widget_type=\"consik-footer-info.default\">\n\t\t\t\t<div class=\"elementor-widget-container\">\n\t\t\t\t\t\t\t\t\t\t\t\t<div class=\"footer-info--style5\">\n\t\t\t\t\t<div class=\"footer-info_icon\">\n\t\t\t\t\t\t<i>\n\t\t\t\t\t\t\t<svg xmlns=\"http:\/\/www.w3.org\/2000\/svg\" xmlns:xlink=\"http:\/\/www.w3.org\/1999\/xlink\" width=\"15\" height=\"24\" viewBox=\"0 0 15 24\"><image id=\"Layer_3_copy\" data-name=\"Layer 3 copy\" width=\"15\" height=\"24\" xlink:href=\"data:image\/png;base64,iVBORw0KGgoAAAANSUhEUgAAAA8AAAAYCAYAAAAlBadpAAAABHNCSVQICAgIfAhkiAAAARtJREFUOE\/tlL9LQlEUx3sRgoM\/FiGsRV0U\/4GivyEwJxuCaHJQwcW\/IxwcpHR1c8i\/IWwPbQgpopYEUxc16vX5yh2ekPpm8cKHc94953vuuZfHsWzb3mGdQRGiYGljxXolVoaGhTiF01wj+C98IfEzkZgqQQ1+VxRSV+dwBZ8ST3E8pkDPRQdBcgbKk3iE9cERPLgQx8npwkziL5wAnMC9C3GSnEeYbMXbB1v2v2zqTxLiwmnYgx+4g3fzCAt3HrLph2NomwSNmbzjxVr4p+Y7ge3A1DkMImy8mIQwVjNNQ+IbbuDJxHSQDpwPgzfsIVTgFjQR+zCGXdBY8sK+EWewJRWQ+BKn7mjRrVuQWMlZyMGBulmj\/iBehes\/loiq5VLxBfkAAAAASUVORK5CYII=\"><\/image><\/svg>\t\t\t\t\t\t<\/i>\n\t\t\t\t\t<\/div>\n\t\t\t\t\t<div class=\"media-body\">\n\t\t\t\t\t\t\t\t\t\t\t\t\t<span class=\"footer-info_label\">\n\t\t\t\t\t\t\t\tTelefon \/ WhatsApp:\t\t\t\t\t\t\t<\/span>\n\t\t\t\t\t\t\n\t\t\t\t\t\t\t\t\t\t\t\t\t\t\t\t\t\t\t\t\t<div class=\"footer-info_link\">\n\t\t\t\t\t\t\t\t\t<a href=\"tel:+90 532 621 81 95 \">\n\t\t\t\t\t\t\t\t\t\t+90 532 621 81 95 \t\t\t\t\t\t\t\t\t<\/a>\n\t\t\t\t\t\t\t\t<\/div>\n\t\t\t\t\t\t\t\t\t\t\t\t\t\n\t\t\t\t\t<\/div>\n\t\t\t\t<\/div>\n\t\t\t\t\n        \t\t\t\t<\/div>\n\t\t\t\t<\/div>\n\t\t\t\t<div class=\"elementor-element elementor-element-5da0f91 elementor-widget elementor-widget-consik-footer-info\" data-id=\"5da0f91\" data-element_type=\"widget\" data-widget_type=\"consik-footer-info.default\">\n\t\t\t\t<div class=\"elementor-widget-container\">\n\t\t\t\t\t\t\t\t\t\t\t\t<div class=\"footer-info--style5\">\n\t\t\t\t\t<div class=\"footer-info_icon\">\n\t\t\t\t\t\t<i>\n\t\t\t\t\t\t\t<svg xmlns=\"http:\/\/www.w3.org\/2000\/svg\" xmlns:xlink=\"http:\/\/www.w3.org\/1999\/xlink\" width=\"20\" height=\"18\" viewBox=\"0 0 20 18\"><image id=\"open-mail\" width=\"20\" height=\"18\" xlink:href=\"data:image\/png;base64,iVBORw0KGgoAAAANSUhEUgAAABQAAAASCAYAAABb0P4QAAAABHNCSVQICAgIfAhkiAAAAYlJREFUOE+1lMsrRGEYh40Nyp1Ss5rYTCn\/Ahu3DbksXRZISeRW7MRCUTIkEeUSO8kGSwtlJ8oGSclCyi2XlRzPr76jaTrnOEy+enq\/2\/uc853vnQlYlpXwQ6tlfR5SoR1WvfYHPITVJE5CPjzBOwThDnph3UnsJKxiYwRC8GGSZ0xyM3EKMuEeumAjWhwt1NHGocCI+ojTLsdrYX4Csswb9xPXtFfCZOIulMAzDMGciyh2uomJMdCnOIJKCWVugE6Y9SlyEq8wuSfhI51TI9wnjoIuw0\/T0fWZymEQKiS8ovMGdbAJhfAArbDlYi1lfgFCcANl5nRhCS8Z5IHqTK0eFiEDjqEDDs1aEVEXVQwq4DZYMmvXxERbqDLIiXmbAcY6jpoe8AI9ZqzPMgyfUTkX9FO8hNqbDiPQbRKXiaqC25iHa+hLaOeF6STBiYPInvqV0MPzvfR\/QpVNGuT6eQ2PPWfy2IWtEsiOU3hOflBC\/b81gm7w9Y9SXZhqckdCDbZBP5942gHJNV9Xi4R\/T85a2wAAAABJRU5ErkJggg==\"><\/image><\/svg>\t\t\t\t\t\t<\/i>\n\t\t\t\t\t<\/div>\n\t\t\t\t\t<div class=\"media-body\">\n\t\t\t\t\t\t\t\t\t\t\t\t\t<span class=\"footer-info_label\">\n\t\t\t\t\t\t\t\tE-Posta\t\t\t\t\t\t\t<\/span>\n\t\t\t\t\t\t\n\t\t\t\t\t\t\t\t\t\t\t\t\t\t\t\t\t\t\t\t\t<div class=\"footer-info_link\">\n\t\t\t\t\t\t\t\t\t<a href=\"mailto:info@zekiinsaatyapi.com\">\n\t\t\t\t\t\t\t\t\t\tinfo@zekiinsaatyapi.com\t\t\t\t\t\t\t\t\t<\/a>\n\t\t\t\t\t\t\t\t<\/div>\n\t\t\t\t\t\t\t\t\t\t\t\t\t\n\t\t\t\t\t<\/div>\n\t\t\t\t<\/div>\n\t\t\t\t\n        \t\t\t\t<\/div>\n\t\t\t\t<\/div>\n\t\t\t\t<div class=\"elementor-element elementor-element-7cb1ac7 elementor-widget elementor-widget-consik-footer-info\" data-id=\"7cb1ac7\" data-element_type=\"widget\" data-widget_type=\"consik-footer-info.default\">\n\t\t\t\t<div class=\"elementor-widget-container\">\n\t\t\t\t\t\t\t\t\t\t\t\t<div class=\"footer-info--style5\">\n\t\t\t\t\t<div class=\"footer-info_icon\">\n\t\t\t\t\t\t<i>\n\t\t\t\t\t\t\t<svg xmlns=\"http:\/\/www.w3.org\/2000\/svg\" xmlns:xlink=\"http:\/\/www.w3.org\/1999\/xlink\" width=\"16\" height=\"20\" viewBox=\"0 0 16 20\"><image id=\"Layer_1\" data-name=\"Layer 1\" width=\"16\" height=\"20\" xlink:href=\"data:image\/png;base64,iVBORw0KGgoAAAANSUhEUgAAABAAAAAUCAYAAACEYr13AAAABHNCSVQICAgIfAhkiAAAAe9JREFUOE+Fk00oplEUx73I54KSjxAbQsxImGKLBfWmWdqxIVlMkkwWwySZJguLWYyspmQpSd58ZCXloyHTxCymXgsfszFjlEw+Xr\/\/dK+uxyO3ft1z7z3n\/5z3nPMGIpFIlM8q564BSiEA32EZtr2+AR+BAZz6Ic7jfMN5GPR+v1yBdG7XoACuYRw2QSlWQTvEQxhq4VgqViAW+xAy4CP0eVM1Z2Wg7E4hBy6twDSH1+Zx5Ilge92DMQpzEJRAHsYBqFBlTnANdoeyhAlYdd62sCuhUALvMN5DE4SMUyP7vCcTZThj7tShRRiRwBJGPaSBfls0nIPq8gpuYR1iINGcU9l\/w4oEvmJUQAL8A1X6Er7BS\/PFDfZqSIYL8xG1dUcCsxhByIb\/rWHtwgtQweQ4Bj+g2Lxnsp9ASAJdGJ+gFb4YB4kp7VxzlrCKqmJrtcAU9EogBeMP\/IIs42C3Zgx1wRbP3ocx8iHdzoFSfAPauz0i3uMHLjRon6HTHeV9LopALR18QkRTqGn8CRr5+1GWrRbtmdQkICF3veWgKT0CFVOtfiCgc5IR0XRqwIaMgg1WMRX81yr7\/Z1dkTYcr2ASFFwCZ25afgJ618CoJraN6rm+\/CDY7ye44hJRgEZYo\/so+DkBvdeB\/hMLrrJr3wHN1ZtNo5UuFQAAAABJRU5ErkJggg==\"><\/image><\/svg>\t\t\t\t\t\t<\/i>\n\t\t\t\t\t<\/div>\n\t\t\t\t\t<div class=\"media-body\">\n\t\t\t\t\t\t\t\t\t\t\t\t\t<span class=\"footer-info_label\">\n\t\t\t\t\t\t\t\tZeki \u0130n\u015faat Merkez Ofis\t\t\t\t\t\t\t<\/span>\n\t\t\t\t\t\t\n\t\t\t\t\t\t\t\t\t\t\t\t\t\t\t\t\t\t\t\t\t<div class=\"footer-info_link\">\n\t\t\t\t\t\t\t\t\t\u00c7akmak Mh. Gazeteci Tahsin Sk. No: 6\/5 \u00dcmraniye \/ \u0130STANBUL\t\t\t\t\t\t\t\t<\/div>\n\t\t\t\t\t\t\t\t\t\t\t\t\t\n\t\t\t\t\t<\/div>\n\t\t\t\t<\/div>\n\t\t\t\t\n        \t\t\t\t<\/div>\n\t\t\t\t<\/div>\n\t\t\t\t<div class=\"elementor-element elementor-element-b3de94e footer-widget elementor-widget elementor-widget-consik_footer_social\" data-id=\"b3de94e\" data-element_type=\"widget\" data-widget_type=\"consik_footer_social.default\">\n\t\t\t\t<div class=\"elementor-widget-container\">\n\t\t\t\t\t\t\n\t\t\t\t\t\t\t<div class=\"social-style\">\n\t\t\t\t\t<ul>\n\t\t\t\t\t\t\t\t\t\t\t\t\t<li>\n\t\t\t\t\t\t\t\t<a  target=\"_blank\"  rel=\"nofollow\" href=\"https:\/\/www.facebook.com\/\">\n\t\t\t\t\t\t\t\t\t<svg aria-hidden=\"true\" class=\"e-font-icon-svg e-fab-facebook\" viewBox=\"0 0 512 512\" xmlns=\"http:\/\/www.w3.org\/2000\/svg\"><path d=\"M504 256C504 119 393 8 256 8S8 119 8 256c0 123.78 90.69 226.38 209.25 245V327.69h-63V256h63v-54.64c0-62.15 37-96.48 93.67-96.48 27.14 0 55.52 4.84 55.52 4.84v61h-31.28c-30.8 0-40.41 19.12-40.41 38.73V256h68.78l-11 71.69h-57.78V501C413.31 482.38 504 379.78 504 256z\"><\/path><\/svg>\t\t\t\t\t\t\t\t<\/a>\n\t\t\t\t\t\t\t<\/li>\n\t\t\t\t\t\t\t\t\t\t\t\t\t<li>\n\t\t\t\t\t\t\t\t<a  target=\"_blank\"  rel=\"nofollow\" href=\"https:\/\/www.twitter.com\/\">\n\t\t\t\t\t\t\t\t\t<svg aria-hidden=\"true\" class=\"e-font-icon-svg e-fab-twitter\" viewBox=\"0 0 512 512\" xmlns=\"http:\/\/www.w3.org\/2000\/svg\"><path d=\"M459.37 151.716c.325 4.548.325 9.097.325 13.645 0 138.72-105.583 298.558-298.558 298.558-59.452 0-114.68-17.219-161.137-47.106 8.447.974 16.568 1.299 25.34 1.299 49.055 0 94.213-16.568 130.274-44.832-46.132-.975-84.792-31.188-98.112-72.772 6.498.974 12.995 1.624 19.818 1.624 9.421 0 18.843-1.3 27.614-3.573-48.081-9.747-84.143-51.98-84.143-102.985v-1.299c13.969 7.797 30.214 12.67 47.431 13.319-28.264-18.843-46.781-51.005-46.781-87.391 0-19.492 5.197-37.36 14.294-52.954 51.655 63.675 129.3 105.258 216.365 109.807-1.624-7.797-2.599-15.918-2.599-24.04 0-57.828 46.782-104.934 104.934-104.934 30.213 0 57.502 12.67 76.67 33.137 23.715-4.548 46.456-13.32 66.599-25.34-7.798 24.366-24.366 44.833-46.132 57.827 21.117-2.273 41.584-8.122 60.426-16.243-14.292 20.791-32.161 39.308-52.628 54.253z\"><\/path><\/svg>\t\t\t\t\t\t\t\t<\/a>\n\t\t\t\t\t\t\t<\/li>\n\t\t\t\t\t\t\t\t\t\t\t\t\t<li>\n\t\t\t\t\t\t\t\t<a  target=\"_blank\"  rel=\"nofollow\" href=\"https:\/\/www.instagram.com\/\">\n\t\t\t\t\t\t\t\t\t<svg aria-hidden=\"true\" class=\"e-font-icon-svg e-fab-instagram\" viewBox=\"0 0 448 512\" xmlns=\"http:\/\/www.w3.org\/2000\/svg\"><path d=\"M224.1 141c-63.6 0-114.9 51.3-114.9 114.9s51.3 114.9 114.9 114.9S339 319.5 339 255.9 287.7 141 224.1 141zm0 189.6c-41.1 0-74.7-33.5-74.7-74.7s33.5-74.7 74.7-74.7 74.7 33.5 74.7 74.7-33.6 74.7-74.7 74.7zm146.4-194.3c0 14.9-12 26.8-26.8 26.8-14.9 0-26.8-12-26.8-26.8s12-26.8 26.8-26.8 26.8 12 26.8 26.8zm76.1 27.2c-1.7-35.9-9.9-67.7-36.2-93.9-26.2-26.2-58-34.4-93.9-36.2-37-2.1-147.9-2.1-184.9 0-35.8 1.7-67.6 9.9-93.9 36.1s-34.4 58-36.2 93.9c-2.1 37-2.1 147.9 0 184.9 1.7 35.9 9.9 67.7 36.2 93.9s58 34.4 93.9 36.2c37 2.1 147.9 2.1 184.9 0 35.9-1.7 67.7-9.9 93.9-36.2 26.2-26.2 34.4-58 36.2-93.9 2.1-37 2.1-147.8 0-184.8zM398.8 388c-7.8 19.6-22.9 34.7-42.6 42.6-29.5 11.7-99.5 9-132.1 9s-102.7 2.6-132.1-9c-19.6-7.8-34.7-22.9-42.6-42.6-11.7-29.5-9-99.5-9-132.1s-2.6-102.7 9-132.1c7.8-19.6 22.9-34.7 42.6-42.6 29.5-11.7 99.5-9 132.1-9s102.7-2.6 132.1 9c19.6 7.8 34.7 22.9 42.6 42.6 11.7 29.5 9 99.5 9 132.1s2.7 102.7-9 132.1z\"><\/path><\/svg>\t\t\t\t\t\t\t\t<\/a>\n\t\t\t\t\t\t\t<\/li>\n\t\t\t\t\t\t\t\t\t\t\t\t\t<li>\n\t\t\t\t\t\t\t\t<a  target=\"_blank\"  rel=\"nofollow\" href=\"https:\/\/www.behance.com\/\">\n\t\t\t\t\t\t\t\t\t<svg aria-hidden=\"true\" class=\"e-font-icon-svg e-fab-behance\" viewBox=\"0 0 576 512\" xmlns=\"http:\/\/www.w3.org\/2000\/svg\"><path d=\"M232 237.2c31.8-15.2 48.4-38.2 48.4-74 0-70.6-52.6-87.8-113.3-87.8H0v354.4h171.8c64.4 0 124.9-30.9 124.9-102.9 0-44.5-21.1-77.4-64.7-89.7zM77.9 135.9H151c28.1 0 53.4 7.9 53.4 40.5 0 30.1-19.7 42.2-47.5 42.2h-79v-82.7zm83.3 233.7H77.9V272h84.9c34.3 0 56 14.3 56 50.6 0 35.8-25.9 47-57.6 47zm358.5-240.7H376V94h143.7v34.9zM576 305.2c0-75.9-44.4-139.2-124.9-139.2-78.2 0-131.3 58.8-131.3 135.8 0 79.9 50.3 134.7 131.3 134.7 61.3 0 101-27.6 120.1-86.3H509c-6.7 21.9-34.3 33.5-55.7 33.5-41.3 0-63-24.2-63-65.3h185.1c.3-4.2.6-8.7.6-13.2zM390.4 274c2.3-33.7 24.7-54.8 58.5-54.8 35.4 0 53.2 20.8 56.2 54.8H390.4z\"><\/path><\/svg>\t\t\t\t\t\t\t\t<\/a>\n\t\t\t\t\t\t\t<\/li>\n\t\t\t\t\t\t\t\t\t\t\t\t<\/ul>\n\t\t\t\t<\/div>\n\t\t\t        \t\t\t\t<\/div>\n\t\t\t\t<\/div>\n\t\t\t\t<\/div>\n\t\t\t\t<\/div>\n\t\t\t\t<\/div>\n\t\t\t\t<\/div>\n\t\t<div class=\"elementor-element elementor-element-fc1a2fc e-con-full e-flex e-con e-child\" data-id=\"fc1a2fc\" data-element_type=\"container\">\n\t\t\t\t<div class=\"elementor-element elementor-element-f9cf299 elementor-widget elementor-widget-google_maps\" data-id=\"f9cf299\" data-element_type=\"widget\" data-widget_type=\"google_maps.default\">\n\t\t\t\t\t\t\t<div class=\"elementor-custom-embed\">\n\t\t\t<iframe\n\t\t\t\t\tdata-src=\"https:\/\/maps.google.com\/maps?q=Zeki%20%C4%B0n%C5%9Faat%20Yap%C4%B1%20Tadilat%20%C3%87akmak%2C%20Gazeteci%20Hasan%20Tahsin%20Sk.%20No%3A6%2F5%2C%2034400%20%C3%9Cmraniye%2F%C4%B0stanbul&#038;t=m&#038;z=15&#038;output=embed&#038;iwloc=near\"\n\t\t\t\t\ttitle=\"Zeki \u0130n\u015faat Yap\u0131 Tadilat \u00c7akmak, Gazeteci Hasan Tahsin Sk. No:6\/5, 34400 \u00dcmraniye\/\u0130stanbul\"\n\t\t\t\t\taria-label=\"Zeki \u0130n\u015faat Yap\u0131 Tadilat \u00c7akmak, Gazeteci Hasan Tahsin Sk. No:6\/5, 34400 \u00dcmraniye\/\u0130stanbul\"\n\t\t\t src=\"data:image\/svg+xml;base64,PHN2ZyB3aWR0aD0iMSIgaGVpZ2h0PSIxIiB4bWxucz0iaHR0cDovL3d3dy53My5vcmcvMjAwMC9zdmciPjwvc3ZnPg==\" class=\"lazyload\" data-load-mode=\"1\"><\/iframe>\n\t\t<\/div>\n\t\t\t\t\t\t<\/div>\n\t\t\t\t<\/div>\n\t\t\t\t\t<\/div>\n\t\t\t\t<\/div>\n\t\t\t\t<\/div>\n\t\t\t\t<\/div>\n\t\t","protected":false},"excerpt":{"rendered":"<p>\u0130leti\u015fimde Kalal\u0131m Kentsel D\u00f6n\u00fc\u015f\u00fcm \u0130\u00e7in \u0130leti\u015fime Ge\u00e7in Mesaj B\u0131rak\u0131n Feel some love, to see what we can do&#8230; Telefon \/ WhatsApp: +90 536 220 54 26 Telefon \/ WhatsApp: +90 532 621 81 95 E-Posta info@zekiinsaatyapi.com Zeki \u0130n\u015faat Merkez Ofis \u00c7akmak Mh. Gazeteci Tahsin Sk. No: 6\/5 \u00dcmraniye \/ \u0130STANBUL<\/p>\n","protected":false},"author":1,"featured_media":0,"parent":0,"menu_order":0,"comment_status":"closed","ping_status":"closed","template":"elementor_header_footer","meta":{"_monsterinsights_skip_tracking":false,"_monsterinsights_sitenote_active":false,"_monsterinsights_sitenote_note":"","_monsterinsights_sitenote_category":0,"footnotes":""},"class_list":["post-49","page","type-page","status-publish","hentry"],"aioseo_notices":[],"_links":{"self":[{"href":"https:\/\/zekiinsaatyapi.com\/index.php\/wp-json\/wp\/v2\/pages\/49","targetHints":{"allow":["GET"]}}],"collection":[{"href":"https:\/\/zekiinsaatyapi.com\/index.php\/wp-json\/wp\/v2\/pages"}],"about":[{"href":"https:\/\/zekiinsaatyapi.com\/index.php\/wp-json\/wp\/v2\/types\/page"}],"author":[{"embeddable":true,"href":"https:\/\/zekiinsaatyapi.com\/index.php\/wp-json\/wp\/v2\/users\/1"}],"replies":[{"embeddable":true,"href":"https:\/\/zekiinsaatyapi.com\/index.php\/wp-json\/wp\/v2\/comments?post=49"}],"version-history":[{"count":24,"href":"https:\/\/zekiinsaatyapi.com\/index.php\/wp-json\/wp\/v2\/pages\/49\/revisions"}],"predecessor-version":[{"id":3726,"href":"https:\/\/zekiinsaatyapi.com\/index.php\/wp-json\/wp\/v2\/pages\/49\/revisions\/3726"}],"wp:attachment":[{"href":"https:\/\/zekiinsaatyapi.com\/index.php\/wp-json\/wp\/v2\/media?parent=49"}],"curies":[{"name":"wp","href":"https:\/\/api.w.org\/{rel}","templated":true}]}}