{"id":41,"date":"2024-01-30T07:38:00","date_gmt":"2024-01-30T06:38:00","guid":{"rendered":"https:\/\/wordpress.vecurosoft.com\/consik\/?page_id=41"},"modified":"2026-02-13T12:01:22","modified_gmt":"2026-02-13T12:01:22","slug":"hakkimizda","status":"publish","type":"page","link":"https:\/\/zekiinsaatyapi.com\/index.php\/hakkimizda\/","title":{"rendered":"Hakk\u0131m\u0131zda"},"content":{"rendered":"\t\t<div data-elementor-type=\"wp-page\" data-elementor-id=\"41\" class=\"elementor elementor-41\">\n\t\t\t\t<div class=\"elementor-element elementor-element-a44d1c1 e-con-full e-flex e-con e-parent\" data-id=\"a44d1c1\" data-element_type=\"container\" data-settings=\"{&quot;background_background&quot;:&quot;classic&quot;}\">\n\t\t<div class=\"elementor-element elementor-element-2eec849 e-flex e-con-boxed e-con e-child\" data-id=\"2eec849\" data-element_type=\"container\">\n\t\t\t\t\t<div class=\"e-con-inner\">\n\t\t\t\t\t<\/div>\n\t\t\t\t<\/div>\n\t\t<div class=\"elementor-element elementor-element-c52eeab e-flex e-con-boxed e-con e-child\" data-id=\"c52eeab\" data-element_type=\"container\">\n\t\t\t\t\t<div class=\"e-con-inner\">\n\t\t<div class=\"elementor-element elementor-element-8c96ca7 e-con-full e-flex e-con e-child\" data-id=\"8c96ca7\" data-element_type=\"container\">\n\t\t\t\t<div class=\"elementor-element elementor-element-8220dcf elementor-widget elementor-widget-consikimagebox\" data-id=\"8220dcf\" data-element_type=\"widget\" data-widget_type=\"consikimagebox.default\">\n\t\t\t\t<div class=\"elementor-widget-container\">\n\t\t\t\t\t        <div class=\"client-img\">\n            <div class=\"client-img__two\">\n            <img decoding=\"async\" data-src=\"https:\/\/wordpress.vecurosoft.com\/consik\/wp-content\/uploads\/2024\/03\/ab-2-1.jpg\" alt=\"ab 2 1\" src=\"data:image\/svg+xml;base64,PHN2ZyB3aWR0aD0iMSIgaGVpZ2h0PSIxIiB4bWxucz0iaHR0cDovL3d3dy53My5vcmcvMjAwMC9zdmciPjwvc3ZnPg==\" class=\"lazyload\" \/>        <\/div>\n        \n            <div class=\"client-img__one\">\n            <img decoding=\"async\" data-src=\"https:\/\/wordpress.vecurosoft.com\/consik\/wp-content\/uploads\/2024\/03\/ab-2-2.jpg\" alt=\"ab 2 2\" src=\"data:image\/svg+xml;base64,PHN2ZyB3aWR0aD0iMSIgaGVpZ2h0PSIxIiB4bWxucz0iaHR0cDovL3d3dy53My5vcmcvMjAwMC9zdmciPjwvc3ZnPg==\" class=\"lazyload\" \/>        <\/div>\n    <\/div>\t\t\t\t\t<\/div>\n\t\t\t\t<\/div>\n\t\t\t\t<\/div>\n\t\t<div class=\"elementor-element elementor-element-dd6765a e-con-full e-flex e-con e-child\" data-id=\"dd6765a\" data-element_type=\"container\">\n\t\t\t\t<div class=\"elementor-element elementor-element-e2cea37 elementor-widget elementor-widget-consiksectiontitle\" data-id=\"e2cea37\" data-element_type=\"widget\" data-widget_type=\"consiksectiontitle.default\">\n\t\t\t\t<div class=\"elementor-widget-container\">\n\t\t\t\t\t<!-- Section Title --><div class=\"title-area\" ><span class=\"sec-subtitle2\">Zeki \u0130n\u015faat \u2013 Hakk\u0131m\u0131zda\n<\/span><p class=\"sec-text\">Zeki \u0130n\u015faat Yap\u0131, 1992 y\u0131l\u0131nda yap\u0131 sekt\u00f6r\u00fcne ad\u0131m atarak in\u015faat ve yap\u0131 malzemeleri alan\u0131nda toptan ve perakende sat\u0131\u015f hizmetleriyle faaliyetlerine ba\u015flam\u0131\u015ft\u0131r. Kuruldu\u011fu g\u00fcnden bu yana kalite, g\u00fcven ve m\u00fc\u015fteri memnuniyetini esas alan yakla\u015f\u0131m\u0131yla s\u00fcrekli geli\u015fmi\u015f; sekt\u00f6r\u00fcnde g\u00fc\u00e7l\u00fc, g\u00fcvenilir ve kurumsal bir marka olma yolunda emin ad\u0131mlarla ilerlemi\u015ftir.\n\n2005 y\u0131l\u0131na kadar \u0130stanbul \u00dcmraniye\u2019deki showroom ve sat\u0131\u015f merkezimiz \u00fczerinden yap\u0131 malzemeleri sat\u0131\u015f\u0131 ger\u00e7ekle\u015ftirilmi\u015f; bu s\u00fcre\u00e7te ayn\u0131 zamanda dekorasyon hizmetleri sunularak, m\u00fc\u015fterilerimize kaliteli \u00fcr\u00fcnleri ekonomik fiyatlarla uygulamal\u0131 olarak sunma prensibi benimsenmi\u015ftir.\n\nZeki \u0130n\u015faat Yap\u0131, Anahtar teslim in\u015faat \u00e7\u00f6z\u00fcmlerimizle; komple in\u015faat alan\u0131nda faaliyet g\u00f6stermektedir.\n\n2005 y\u0131l\u0131ndan itibaren firmam\u0131z, faaliyet alan\u0131n\u0131 geni\u015fleterek kat kar\u015f\u0131l\u0131\u011f\u0131 in\u015faat projeleri, merkezi lokasyonlarda arsa al\u0131m\u0131 ve kendi arsalar\u0131 \u00fczerinde konut projeleri geli\u015ftirme konular\u0131nda da \u00e7al\u0131\u015fmalar y\u00fcr\u00fctmektedir. Bu kapsamda, temelden \u00e7at\u0131ya kadar kaba ve ince in\u015faat taahh\u00fct i\u015fleri, tadilat, dekorasyon ve uygulama hizmetleri firmam\u0131z taraf\u0131ndan profesyonel bir yakla\u015f\u0131mla hayata ge\u00e7irilmektedir.<\/p><\/div><!-- End Section Title -->\t\t\t\t<\/div>\n\t\t\t\t<\/div>\n\t\t\t\t<\/div>\n\t\t\t\t\t<\/div>\n\t\t\t\t<\/div>\n\t\t\t\t<\/div>\n\t\t<div class=\"elementor-element elementor-element-6b45674 e-con-full e-flex e-con e-parent\" data-id=\"6b45674\" data-element_type=\"container\" data-settings=\"{&quot;background_background&quot;:&quot;classic&quot;}\">\n\t\t\t\t<div class=\"elementor-element elementor-element-13ddd65 elementor-absolute elementor-widget elementor-widget-image\" data-id=\"13ddd65\" data-element_type=\"widget\" data-settings=\"{&quot;_position&quot;:&quot;absolute&quot;}\" data-widget_type=\"image.default\">\n\t\t\t\t\t\t\t\t\t\t\t\t\t\t\t<img fetchpriority=\"high\" decoding=\"async\" width=\"751\" height=\"436\" src=\"https:\/\/zekiinsaatyapi.com\/wp-content\/uploads\/2024\/03\/ab-4-1.png\" class=\"attachment-large size-large wp-image-1189\" alt=\"\" srcset=\"https:\/\/zekiinsaatyapi.com\/wp-content\/uploads\/2024\/03\/ab-4-1.png 804w, https:\/\/zekiinsaatyapi.com\/wp-content\/uploads\/2024\/03\/ab-4-1-600x349.png 600w, https:\/\/zekiinsaatyapi.com\/wp-content\/uploads\/2024\/03\/ab-4-1-300x174.png 300w, https:\/\/zekiinsaatyapi.com\/wp-content\/uploads\/2024\/03\/ab-4-1-768x446.png 768w\" sizes=\"(max-width: 751px) 100vw, 751px\" \/>\t\t\t\t\t\t\t\t\t\t\t\t\t\t\t<\/div>\n\t\t<div class=\"elementor-element elementor-element-f1ba66f e-flex e-con-boxed e-con e-child\" data-id=\"f1ba66f\" data-element_type=\"container\">\n\t\t\t\t\t<div class=\"e-con-inner\">\n\t\t\t\t<div class=\"elementor-element elementor-element-f4ff9ed elementor-widget elementor-widget-consiksectiontitle\" data-id=\"f4ff9ed\" data-element_type=\"widget\" data-widget_type=\"consiksectiontitle.default\">\n\t\t\t\t<div class=\"elementor-widget-container\">\n\t\t\t\t\t<!-- Section Title --><div class=\"title-area\" ><span class=\"sec-subtitle2\">Hikayemiz<\/span><h2 class=\"sec-title title-selector\">Kilometre Ta\u015flar\u0131m\u0131z<\/h2><p class=\"sec-text\">\n<\/p><\/div><!-- End Section Title -->\t\t\t\t<\/div>\n\t\t\t\t<\/div>\n\t\t\t\t\t<\/div>\n\t\t\t\t<\/div>\n\t\t<div class=\"elementor-element elementor-element-9cb1ef3 e-flex e-con-boxed e-con e-child\" data-id=\"9cb1ef3\" data-element_type=\"container\">\n\t\t\t\t\t<div class=\"e-con-inner\">\n\t\t<div class=\"elementor-element elementor-element-43ddc45 e-con-full e-flex e-con e-child\" data-id=\"43ddc45\" data-element_type=\"container\">\n\t\t\t\t<div class=\"elementor-element elementor-element-2764882 elementor-widget elementor-widget-consikhistorytab\" data-id=\"2764882\" data-element_type=\"widget\" data-widget_type=\"consikhistorytab.default\">\n\t\t\t\t<div class=\"elementor-widget-container\">\n\t\t\t\t\t                            <div class=\"history-style d-flex align-items-start\">\n                    <div class=\"nav flex-column nav-pills me-3\" id=\"v-pills-tab\" role=\"tablist\" aria-orientation=\"vertical\">\n                                                    <button class=\"nav-link active\" id=\"v-pills-1-tab\" data-bs-toggle=\"pill\" data-bs-target=\"#v-pills-1\" type=\"button\" role=\"tab\" aria-controls=\"v-pills-1\" aria-selected=\"true\">1992<\/button>\n                                                    <button class=\"nav-link \" id=\"v-pills-2-tab\" data-bs-toggle=\"pill\" data-bs-target=\"#v-pills-2\" type=\"button\" role=\"tab\" aria-controls=\"v-pills-2\" aria-selected=\"false\">2000<\/button>\n                                                    <button class=\"nav-link \" id=\"v-pills-3-tab\" data-bs-toggle=\"pill\" data-bs-target=\"#v-pills-3\" type=\"button\" role=\"tab\" aria-controls=\"v-pills-3\" aria-selected=\"false\">2013<\/button>\n                                                    <button class=\"nav-link \" id=\"v-pills-4-tab\" data-bs-toggle=\"pill\" data-bs-target=\"#v-pills-4\" type=\"button\" role=\"tab\" aria-controls=\"v-pills-4\" aria-selected=\"false\">2018<\/button>\n                                                    <button class=\"nav-link \" id=\"v-pills-5-tab\" data-bs-toggle=\"pill\" data-bs-target=\"#v-pills-5\" type=\"button\" role=\"tab\" aria-controls=\"v-pills-5\" aria-selected=\"false\">2025<\/button>\n                                            <\/div>\n                    <div class=\"tab-content\" id=\"v-pills-tabContent\">\n                                                    <div class=\"tab-pane fade show active\" id=\"v-pills-1\" role=\"tabpanel\" aria-labelledby=\"v-pills-1-tab\">\n                                <div class=\"history-block\">\n                                    <h3 class=\"history-block__title\">Kurulu\u015f<\/h3>\n                                    <p class=\"history-block__text\">Mustafa Zeki taraf\u0131ndan Zeki \u0130n\u015faat, 1992 y\u0131l\u0131nda kuruldu.<\/p>\n                                    <span class=\"history-block__year\">1992<\/span>\n                                <\/div>\n                            <\/div>\n                                                    <div class=\"tab-pane fade \" id=\"v-pills-2\" role=\"tabpanel\" aria-labelledby=\"v-pills-2-tab\">\n                                <div class=\"history-block\">\n                                    <h3 class=\"history-block__title\">Projeler<\/h3>\n                                    <p class=\"history-block__text\">Zeki \u0130n\u015faat belli ba\u015fl\u0131 \u00e7aplarda bir \u00e7ok projeye imza att\u0131.<\/p>\n                                    <span class=\"history-block__year\">2000<\/span>\n                                <\/div>\n                            <\/div>\n                                                    <div class=\"tab-pane fade \" id=\"v-pills-3\" role=\"tabpanel\" aria-labelledby=\"v-pills-3-tab\">\n                                <div class=\"history-block\">\n                                    <h3 class=\"history-block__title\">\u0130novasyon<\/h3>\n                                    <p class=\"history-block__text\">Globalde bir \u00e7ok firma gibi Zeki \u0130n\u015faat, inovasyon ve yenilik a\u00e7\u0131s\u0131ndan yat\u0131r\u0131m ve \u00fcretkenlik \u00e7al\u0131\u015fmalar\u0131n\u0131 ba\u015flatt\u0131.<\/p>\n                                    <span class=\"history-block__year\">2013<\/span>\n                                <\/div>\n                            <\/div>\n                                                    <div class=\"tab-pane fade \" id=\"v-pills-4\" role=\"tabpanel\" aria-labelledby=\"v-pills-4-tab\">\n                                <div class=\"history-block\">\n                                    <h3 class=\"history-block__title\">Geli\u015fmi\u015f Yap\u0131lar<\/h3>\n                                    <p class=\"history-block__text\">\u0130novasyon ve yenilik \u00e7at\u0131s\u0131 alt\u0131nda bir \u00e7ok projesinde \u00e7\u0131\u011f\u0131r a\u00e7an Zeki \u0130n\u015faat projelerine devam etti.<\/p>\n                                    <span class=\"history-block__year\">2018<\/span>\n                                <\/div>\n                            <\/div>\n                                                    <div class=\"tab-pane fade \" id=\"v-pills-5\" role=\"tabpanel\" aria-labelledby=\"v-pills-5-tab\">\n                                <div class=\"history-block\">\n                                    <h3 class=\"history-block__title\">S\u00fcreklilik<\/h3>\n                                    <p class=\"history-block__text\">G\u00fcn\u00fcm\u00fczde hala \u00e7al\u0131\u015fmalar\u0131n\u0131 ivedilik ile s\u00fcrd\u00fcren Zeki \u0130n\u015faat, inovasyon, dayan\u0131kl\u0131l\u0131k ve yenilik \u00e7at\u0131s\u0131 alt\u0131nda t\u00fcm projelerini hala s\u00fcrd\u00fcrmekte.<\/p>\n                                    <span class=\"history-block__year\">2025<\/span>\n                                <\/div>\n                            <\/div>\n                                            <\/div>\n                <\/div>\n                    \t\t\t\t<\/div>\n\t\t\t\t<\/div>\n\t\t\t\t<\/div>\n\t\t<div class=\"elementor-element elementor-element-5ca4a13 e-con-full e-flex e-con e-child\" data-id=\"5ca4a13\" data-element_type=\"container\">\n\t\t\t\t<div class=\"elementor-element elementor-element-ad2451b elementor-widget elementor-widget-image\" data-id=\"ad2451b\" data-element_type=\"widget\" data-widget_type=\"image.default\">\n\t\t\t\t\t\t\t\t\t\t\t\t\t\t\t<img decoding=\"async\" width=\"574\" height=\"384\" data-src=\"https:\/\/zekiinsaatyapi.com\/wp-content\/uploads\/2024\/03\/ab-4-2.jpg\" class=\"attachment-large size-large wp-image-1208 lazyload\" alt=\"\" data-srcset=\"https:\/\/zekiinsaatyapi.com\/wp-content\/uploads\/2024\/03\/ab-4-2.jpg 574w, https:\/\/zekiinsaatyapi.com\/wp-content\/uploads\/2024\/03\/ab-4-2-300x201.jpg 300w, https:\/\/zekiinsaatyapi.com\/wp-content\/uploads\/2024\/03\/ab-4-2-570x380.jpg 570w\" data-sizes=\"(max-width: 574px) 100vw, 574px\" src=\"data:image\/svg+xml;base64,PHN2ZyB3aWR0aD0iMSIgaGVpZ2h0PSIxIiB4bWxucz0iaHR0cDovL3d3dy53My5vcmcvMjAwMC9zdmciPjwvc3ZnPg==\" style=\"--smush-placeholder-width: 574px; --smush-placeholder-aspect-ratio: 574\/384;\" \/>\t\t\t\t\t\t\t\t\t\t\t\t\t\t\t<\/div>\n\t\t\t\t<\/div>\n\t\t\t\t\t<\/div>\n\t\t\t\t<\/div>\n\t\t\t\t<\/div>\n\t\t<div class=\"elementor-element elementor-element-47c8c22 e-con-full e-flex e-con e-parent\" data-id=\"47c8c22\" data-element_type=\"container\" data-settings=\"{&quot;background_background&quot;:&quot;classic&quot;}\">\n\t\t<div class=\"elementor-element elementor-element-7b65258 e-flex e-con-boxed e-con e-child\" data-id=\"7b65258\" data-element_type=\"container\">\n\t\t\t\t\t<div class=\"e-con-inner\">\n\t\t<div class=\"elementor-element elementor-element-069d187 e-con-full e-flex e-con e-child\" data-id=\"069d187\" data-element_type=\"container\">\n\t\t\t\t<div class=\"elementor-element elementor-element-76d5052 elementor-widget elementor-widget-consiksectiontitle\" data-id=\"76d5052\" data-element_type=\"widget\" data-widget_type=\"consiksectiontitle.default\">\n\t\t\t\t<div class=\"elementor-widget-container\">\n\t\t\t\t\t<!-- Section Title --><div class=\"title-area\" ><span class=\"sec-subtitle2\">M\u00fchendislik<\/span><\/div><!-- End Section Title -->\t\t\t\t<\/div>\n\t\t\t\t<\/div>\n\t\t\t\t<div class=\"elementor-element elementor-element-66e9448 elementor-widget elementor-widget-text-editor\" data-id=\"66e9448\" data-element_type=\"widget\" data-widget_type=\"text-editor.default\">\n\t\t\t\t\t\t\t\t\t<h2 class=\"sec-titlexh1 text-white\">Projeleriniz <span class=\"highlight\">Yenilik<\/span> ile sizlerle.<\/h2>\t\t\t\t\t\t\t\t<\/div>\n\t\t\t\t<\/div>\n\t\t\t\t\t<\/div>\n\t\t\t\t<\/div>\n\t\t\t\t<\/div>\n\t\t<div class=\"elementor-element elementor-element-63531f6 e-flex e-con-boxed e-con e-child\" data-id=\"63531f6\" data-element_type=\"container\">\n\t\t\t\t\t<div class=\"e-con-inner\">\n\t\t<div class=\"elementor-element elementor-element-3749a0b e-flex e-con-boxed e-con e-child\" data-id=\"3749a0b\" data-element_type=\"container\">\n\t\t\t\t\t<div class=\"e-con-inner\">\n\t\t\t\t<div class=\"elementor-element elementor-element-35a93ec elementor-widget elementor-widget-consikimageboxtwo\" data-id=\"35a93ec\" data-element_type=\"widget\" data-widget_type=\"consikimageboxtwo.default\">\n\t\t\t\t<div class=\"elementor-widget-container\">\n\t\t\t\t\t            <div class=\"sucess-block--style1 background-image lazyload\" style=\"background-image:inherit;\" data-bg-image=\"url(https:\/\/wordpress.vecurosoft.com\/consik\/wp-content\/uploads\/2024\/03\/sucess-bg-1.svg)\">\n                <div class=\"sucess-block__icon\">\n                                            <img decoding=\"async\" data-src=\"https:\/\/zekiinsaatyapi.com\/wp-content\/uploads\/2024\/03\/sucess-icon-2.svg\" alt=\"sucess icon 2\" src=\"data:image\/svg+xml;base64,PHN2ZyB3aWR0aD0iMSIgaGVpZ2h0PSIxIiB4bWxucz0iaHR0cDovL3d3dy53My5vcmcvMjAwMC9zdmciPjwvc3ZnPg==\" class=\"lazyload\" \/>                     >\n                <\/div>\n\n                <div class=\"sucess-block__number\">\n                                            <span>80<\/span>\n                    \n                                        Yap\u0131.                    \n                                            <sup>Bitirilmi\u015f<\/sup>\n                                    <\/div>\n                                    <P class=\"sucess-block__text\"  >Anahtar teslim \u015feklindedir.<\/p>\n                            <\/div>\n\t    \t\t\t\t<\/div>\n\t\t\t\t<\/div>\n\t\t\t\t\t<\/div>\n\t\t\t\t<\/div>\n\t\t<div class=\"elementor-element elementor-element-e6f047c e-con-full e-flex e-con e-child\" data-id=\"e6f047c\" data-element_type=\"container\">\n\t\t\t\t<div class=\"elementor-element elementor-element-c1c94c2 elementor-widget elementor-widget-consikimageboxtwo\" data-id=\"c1c94c2\" data-element_type=\"widget\" data-widget_type=\"consikimageboxtwo.default\">\n\t\t\t\t<div class=\"elementor-widget-container\">\n\t\t\t\t\t            <div class=\"sucess-block--style1 background-image lazyload\" style=\"background-image:inherit;\" data-bg-image=\"url(https:\/\/wordpress.vecurosoft.com\/consik\/wp-content\/uploads\/2024\/03\/sucess-bg-1.svg)\">\n                <div class=\"sucess-block__icon\">\n                                            <img decoding=\"async\" data-src=\"https:\/\/wordpress.vecurosoft.com\/consik\/wp-content\/uploads\/2024\/03\/sucess-icon-2.svg\" alt=\"sucess icon 2\" src=\"data:image\/svg+xml;base64,PHN2ZyB3aWR0aD0iMSIgaGVpZ2h0PSIxIiB4bWxucz0iaHR0cDovL3d3dy53My5vcmcvMjAwMC9zdmciPjwvc3ZnPg==\" class=\"lazyload\" \/>                     >\n                <\/div>\n\n                <div class=\"sucess-block__number\">\n                                            <span>50<\/span>\n                    \n                                        Kurumsal \u00e7al\u0131\u015fma                    \n                                            <sup>Bitirilmi\u015f<\/sup>\n                                    <\/div>\n                                    <P class=\"sucess-block__text\"  >S\u00fcrd\u00fcr\u00fclebilirlik i\u00e7in sa\u011flanm\u0131\u015ft\u0131r.<\/p>\n                            <\/div>\n\t    \t\t\t\t<\/div>\n\t\t\t\t<\/div>\n\t\t\t\t<\/div>\n\t\t<div class=\"elementor-element elementor-element-c45ea5c e-con-full e-flex e-con e-child\" data-id=\"c45ea5c\" data-element_type=\"container\">\n\t\t\t\t<div class=\"elementor-element elementor-element-6af018d elementor-widget elementor-widget-consikimageboxtwo\" data-id=\"6af018d\" data-element_type=\"widget\" data-widget_type=\"consikimageboxtwo.default\">\n\t\t\t\t<div class=\"elementor-widget-container\">\n\t\t\t\t\t            <div class=\"sucess-block--style1 background-image lazyload\" style=\"background-image:inherit;\" data-bg-image=\"url(https:\/\/wordpress.vecurosoft.com\/consik\/wp-content\/uploads\/2024\/03\/sucess-bg-1.svg)\">\n                <div class=\"sucess-block__icon\">\n                                            <img decoding=\"async\" data-src=\"https:\/\/wordpress.vecurosoft.com\/consik\/wp-content\/uploads\/2024\/03\/sucess-icon-3.svg\" alt=\"sucess icon 3\" src=\"data:image\/svg+xml;base64,PHN2ZyB3aWR0aD0iMSIgaGVpZ2h0PSIxIiB4bWxucz0iaHR0cDovL3d3dy53My5vcmcvMjAwMC9zdmciPjwvc3ZnPg==\" class=\"lazyload\" \/>                     >\n                <\/div>\n\n                <div class=\"sucess-block__number\">\n                                            <span>100+<\/span>\n                    \n                                        Proje                    \n                                            <sup>Yap\u0131lacak<\/sup>\n                                    <\/div>\n                                    <P class=\"sucess-block__text\"  >Gelecek i\u00e7in.<\/p>\n                            <\/div>\n\t    \t\t\t\t<\/div>\n\t\t\t\t<\/div>\n\t\t\t\t<\/div>\n\t\t\t\t\t<\/div>\n\t\t\t\t<\/div>\n\t\t\t\t<\/div>\n\t\t","protected":false},"excerpt":{"rendered":"<p>Zeki \u0130n\u015faat \u2013 Hakk\u0131m\u0131zda Zeki \u0130n\u015faat Yap\u0131, 1992 y\u0131l\u0131nda yap\u0131 sekt\u00f6r\u00fcne ad\u0131m atarak in\u015faat ve yap\u0131 malzemeleri alan\u0131nda toptan ve perakende sat\u0131\u015f hizmetleriyle faaliyetlerine ba\u015flam\u0131\u015ft\u0131r. Kuruldu\u011fu g\u00fcnden bu yana kalite, g\u00fcven ve m\u00fc\u015fteri memnuniyetini esas alan yakla\u015f\u0131m\u0131yla s\u00fcrekli geli\u015fmi\u015f; sekt\u00f6r\u00fcnde g\u00fc\u00e7l\u00fc, g\u00fcvenilir ve kurumsal bir marka olma yolunda emin ad\u0131mlarla ilerlemi\u015ftir. 2005 y\u0131l\u0131na kadar \u0130stanbul&#8230;<\/p>\n","protected":false},"author":1,"featured_media":0,"parent":0,"menu_order":0,"comment_status":"closed","ping_status":"closed","template":"elementor_header_footer","meta":{"_monsterinsights_skip_tracking":false,"_monsterinsights_sitenote_active":false,"_monsterinsights_sitenote_note":"","_monsterinsights_sitenote_category":0,"footnotes":""},"class_list":["post-41","page","type-page","status-publish","hentry"],"aioseo_notices":[],"_links":{"self":[{"href":"https:\/\/zekiinsaatyapi.com\/index.php\/wp-json\/wp\/v2\/pages\/41","targetHints":{"allow":["GET"]}}],"collection":[{"href":"https:\/\/zekiinsaatyapi.com\/index.php\/wp-json\/wp\/v2\/pages"}],"about":[{"href":"https:\/\/zekiinsaatyapi.com\/index.php\/wp-json\/wp\/v2\/types\/page"}],"author":[{"embeddable":true,"href":"https:\/\/zekiinsaatyapi.com\/index.php\/wp-json\/wp\/v2\/users\/1"}],"replies":[{"embeddable":true,"href":"https:\/\/zekiinsaatyapi.com\/index.php\/wp-json\/wp\/v2\/comments?post=41"}],"version-history":[{"count":30,"href":"https:\/\/zekiinsaatyapi.com\/index.php\/wp-json\/wp\/v2\/pages\/41\/revisions"}],"predecessor-version":[{"id":3753,"href":"https:\/\/zekiinsaatyapi.com\/index.php\/wp-json\/wp\/v2\/pages\/41\/revisions\/3753"}],"wp:attachment":[{"href":"https:\/\/zekiinsaatyapi.com\/index.php\/wp-json\/wp\/v2\/media?parent=41"}],"curies":[{"name":"wp","href":"https:\/\/api.w.org\/{rel}","templated":true}]}}