{"id":3637,"date":"2025-12-19T21:40:26","date_gmt":"2025-12-19T21:40:26","guid":{"rendered":"https:\/\/zekiinsaatyapi.com\/index.php\/kentsel-donusum\/"},"modified":"2025-12-19T21:40:26","modified_gmt":"2025-12-19T21:40:26","slug":"kentsel-donusum","status":"publish","type":"page","link":"https:\/\/zekiinsaatyapi.com\/index.php\/kentsel-donusum\/","title":{"rendered":"Kentsel D\u00f6n\u00fc\u015f\u00fcm"},"content":{"rendered":"<style type=\"text\/css\" data-created_by=\"avia_inline_auto\" id=\"style-css-av-22hcp-b9a294acfc4157030a0563f4ce62ee2e\">\n.flex_column.av-22hcp-b9a294acfc4157030a0563f4ce62ee2e{\nwidth:31.333333333333%;\npadding:15px 15px 15px 15px;\nbackground-color:#f2f2f2;\n}\n<\/style>\n<div  class='flex_column av-22hcp-b9a294acfc4157030a0563f4ce62ee2e av_one_third  avia-builder-el-0  el_before_av_two_third  avia-builder-el-first  first flex_column_div  '     >\n<style type=\"text\/css\" data-created_by=\"avia_inline_auto\" id=\"style-css-av-mdud4pvs-6c3902e29243881b20de3e7489e669f5\">\n#top .av_textblock_section.av-mdud4pvs-6c3902e29243881b20de3e7489e669f5 .avia_textblock{\nfont-size:16px;\ncolor:#000000;\n}\n<\/style>\n<section  class='av_textblock_section av-mdud4pvs-6c3902e29243881b20de3e7489e669f5 '   itemscope=\"itemscope\" itemtype=\"https:\/\/schema.org\/CreativeWork\" >\n<div class='avia_textblock av_inherit_color'  itemprop=\"text\" >\n<p><strong><a href=\"https:\/\/zekiinsaatyapi.com\/kentsel-donusum\">Kentsel D\u00f6n\u00fc\u015f\u00fcm<\/a><\/strong><\/p>\n<p><strong><a href=\"https:\/\/zekiinsaatyapi.com\/insaat\">\u0130n\u015faat<\/a><\/strong><\/p>\n<p><strong><a href=\"https:\/\/zekiinsaatyapi.com\/taahhut\">Taahh\u00fct<\/a><\/strong><\/p>\n<\/div>\n<\/section>\n<\/div>\n<style type=\"text\/css\" data-created_by=\"avia_inline_auto\" id=\"style-css-av-1nb7l-b03f84cbbe7f8fa5a734660925eac5ee\">\n.flex_column.av-1nb7l-b03f84cbbe7f8fa5a734660925eac5ee{\nwidth:65.666666666667%;\nmargin-left:3%;\n}\n<\/style>\n<div  class='flex_column av-1nb7l-b03f84cbbe7f8fa5a734660925eac5ee av_two_third  avia-builder-el-2  el_after_av_one_third  avia-builder-el-last  flex_column_div  '     >\n<p><style type=\"text\/css\" data-created_by=\"avia_inline_auto\" id=\"style-css-av-yuvx-4c08b51a8ec9e26375cd8bcf3d523eac\">\n.avia-image-container.av-yuvx-4c08b51a8ec9e26375cd8bcf3d523eac img.avia_image{\nbox-shadow:none;\n}\n.avia-image-container.av-yuvx-4c08b51a8ec9e26375cd8bcf3d523eac .av-image-caption-overlay-center{\ncolor:#ffffff;\n}\n<\/style>\n<div  class='avia-image-container av-yuvx-4c08b51a8ec9e26375cd8bcf3d523eac av-styling- avia-align-center  avia-builder-el-3  el_before_av_hr  avia-builder-el-first '   itemprop=\"image\" itemscope=\"itemscope\" itemtype=\"https:\/\/schema.org\/ImageObject\" >\n<div class=\"avia-image-container-inner\">\n<div class=\"avia-image-overlay-wrap\"><img fetchpriority=\"high\" decoding=\"async\" fetchpriority=\"high\" class='wp-image-105 avia-img-lazy-loading-not-105 avia_image ' src=\"https:\/\/zekiinsaatyapi.com\/wp-content\/uploads\/kentsel-donusum.jpg\" alt='in\u015faat, in\u015faat \u015firketi, in\u015faat firmas\u0131, istanbul in\u015faat firmalar\u0131, in\u015faat projeleri, kentsel d\u00f6n\u00fc\u015f\u00fcm, kat kar\u015f\u0131l\u0131\u011f\u0131 in\u015faat, taahh\u00fct in\u015faat,' title='kentsel-donusum'  height=\"500\" width=\"1200\"  itemprop=\"thumbnailUrl\" srcset=\"https:\/\/zekiinsaatyapi.com\/wp-content\/uploads\/kentsel-donusum.jpg 1200w, https:\/\/zekiinsaatyapi.com\/wp-content\/uploads\/kentsel-donusum-400x167.jpg 400w, https:\/\/zekiinsaatyapi.com\/wp-content\/uploads\/kentsel-donusum-1024x427.jpg 1024w, https:\/\/zekiinsaatyapi.com\/wp-content\/uploads\/kentsel-donusum-768x320.jpg 768w, https:\/\/zekiinsaatyapi.com\/wp-content\/uploads\/kentsel-donusum-705x294.jpg 705w\" sizes=\"(max-width: 1200px) 100vw, 1200px\" \/><\/div>\n<\/div>\n<\/div>\n<p><\/p>\n<style type=\"text\/css\" data-created_by=\"avia_inline_auto\" id=\"style-css-av-mdudd31d-1b6bd9ce2c88f2ae167deb26efc3f10b\">\n#top .hr.hr-invisible.av-mdudd31d-1b6bd9ce2c88f2ae167deb26efc3f10b{\nheight:30px;\n}\n<\/style>\n<div  class='hr av-mdudd31d-1b6bd9ce2c88f2ae167deb26efc3f10b hr-invisible  avia-builder-el-4  el_after_av_image  el_before_av_textblock '><span class='hr-inner '><span class=\"hr-inner-style\"><\/span><\/span><\/div>\n<p><\/p>\n<style type=\"text\/css\" data-created_by=\"avia_inline_auto\" id=\"style-css-av-mdud6atc-b660f9edeeb2531e66ca6b844dcee8f2\">\n#top .av_textblock_section.av-mdud6atc-b660f9edeeb2531e66ca6b844dcee8f2 .avia_textblock{\nfont-size:16px;\ncolor:#000000;\n}\n<\/style>\n<section  class='av_textblock_section av-mdud6atc-b660f9edeeb2531e66ca6b844dcee8f2 '   itemscope=\"itemscope\" itemtype=\"https:\/\/schema.org\/CreativeWork\" >\n<div class='avia_textblock av_inherit_color'  itemprop=\"text\" >\n<h2 style=\"text-align: left;\" data-start=\"285\" data-end=\"367\"><strong data-start=\"289\" data-end=\"367\">Gelece\u011fi \u0130n\u015fa Ediyoruz \u2013 ZEK\u0130 \u0130N\u015eAAT ile Kentsel D\u00f6n\u00fc\u015f\u00fcmde G\u00fcvenli Ad\u0131mlar<\/strong><\/h2>\n<p style=\"text-align: left;\" data-start=\"369\" data-end=\"695\">Kentsel d\u00f6n\u00fc\u015f\u00fcm, sadece binalar\u0131 yenilemek de\u011fil; daha g\u00fcvenli, estetik ve ya\u015fanabilir \u015fehirler kurma hedefidir. Zeki \u0130n\u015faat olarak biz, bu hedefi ger\u00e7e\u011fe d\u00f6n\u00fc\u015ft\u00fcrmek i\u00e7in \u00e7al\u0131\u015f\u0131yoruz. Deprem riski ta\u015f\u0131yan yap\u0131lar\u0131 modern ya\u015fam alanlar\u0131na d\u00f6n\u00fc\u015ft\u00fcrerek hem \u015fehir siluetini yeniliyoruz hem de insan hayat\u0131n\u0131 \u00f6nceliklendiriyoruz.<\/p>\n<p style=\"text-align: left;\" data-start=\"697\" data-end=\"961\">Y\u0131llar\u0131n verdi\u011fi tecr\u00fcbe, m\u00fchendislik g\u00fcc\u00fc ve kaliteli i\u015f\u00e7ilikle, her projeye titizlikle yakla\u015f\u0131yoruz. Proje geli\u015ftirme, ruhsatland\u0131rma, y\u0131k\u0131m, temel g\u00fc\u00e7lendirme, modern mimari \u00e7\u00f6z\u00fcmler ve anahtar teslim in\u015faat s\u00fcre\u00e7lerinin tamam\u0131nda uzman ekibimizle yan\u0131n\u0131zday\u0131z.<\/p>\n<p style=\"text-align: left;\" data-start=\"963\" data-end=\"1123\">\u2705 <strong data-start=\"965\" data-end=\"994\">Depreme dayan\u0131kl\u0131 yap\u0131lar<\/strong><br data-start=\"994\" data-end=\"997\" \/>\u2705 <strong data-start=\"999\" data-end=\"1037\">Enerji verimli ve \u00e7evreci \u00e7\u00f6z\u00fcmler<\/strong><br data-start=\"1037\" data-end=\"1040\" \/>\u2705 <strong data-start=\"1042\" data-end=\"1073\">Yasal ve teknik dan\u0131\u015fmanl\u0131k<\/strong><br data-start=\"1073\" data-end=\"1076\" \/>\u2705 <strong data-start=\"1078\" data-end=\"1123\">Zaman\u0131nda teslimat, \u015feffaf s\u00fcre\u00e7 y\u00f6netimi<\/strong><\/p>\n<p style=\"text-align: left;\" data-start=\"1125\" data-end=\"1298\">Kentsel d\u00f6n\u00fc\u015f\u00fcm s\u00fcrecinizde g\u00fcvenilir bir \u00e7\u00f6z\u00fcm orta\u011f\u0131 ar\u0131yorsan\u0131z, Zeki \u0130n\u015faat olarak sizinle birlikte \u00e7al\u0131\u015fmaya haz\u0131r\u0131z. Gelece\u011fe de\u011fer katmak i\u00e7in ilk ad\u0131m\u0131 bug\u00fcn atal\u0131m.<\/p>\n<p style=\"text-align: left;\" data-start=\"1300\" data-end=\"1362\">\ud83d\udccd <strong data-start=\"1303\" data-end=\"1362\">Bizimle ileti\u015fime ge\u00e7in, yap\u0131n\u0131z\u0131 birlikte yenileyelim.<\/strong><\/p>\n<\/div>\n<\/section>\n<p><\/p>\n<style type=\"text\/css\" data-created_by=\"avia_inline_auto\" id=\"style-css-av-mdudcdt4-26be5b2ba8765589acb77220ac7c8c5e\">\n.avia-image-container.av-mdudcdt4-26be5b2ba8765589acb77220ac7c8c5e img.avia_image{\nbox-shadow:none;\n}\n.avia-image-container.av-mdudcdt4-26be5b2ba8765589acb77220ac7c8c5e .av-image-caption-overlay-center{\ncolor:#ffffff;\n}\n<\/style>\n<div  class='avia-image-container av-mdudcdt4-26be5b2ba8765589acb77220ac7c8c5e av-styling- avia-align-center  avia-builder-el-6  el_after_av_textblock  avia-builder-el-last '   itemprop=\"image\" itemscope=\"itemscope\" itemtype=\"https:\/\/schema.org\/ImageObject\" >\n<div class=\"avia-image-container-inner\">\n<div class=\"avia-image-overlay-wrap\"><img fetchpriority=\"high\" decoding=\"async\" fetchpriority=\"high\" class='wp-image-78 avia-img-lazy-loading-not-78 avia_image ' src=\"https:\/\/zekiinsaatyapi.com\/wp-content\/uploads\/insaat-cizim-projesi.jpg\" alt='in\u015faat, in\u015faat \u015firketi, in\u015faat firmas\u0131, istanbul in\u015faat firmalar\u0131, in\u015faat projeleri, kentsel d\u00f6n\u00fc\u015f\u00fcm, kat kar\u015f\u0131l\u0131\u011f\u0131 in\u015faat, taahh\u00fct in\u015faat,' title='insaat-cizim-projesi'  height=\"1300\" width=\"1300\"  itemprop=\"thumbnailUrl\" srcset=\"https:\/\/zekiinsaatyapi.com\/wp-content\/uploads\/insaat-cizim-projesi.jpg 1300w, https:\/\/zekiinsaatyapi.com\/wp-content\/uploads\/insaat-cizim-projesi-400x400.jpg 400w, https:\/\/zekiinsaatyapi.com\/wp-content\/uploads\/insaat-cizim-projesi-1024x1024.jpg 1024w, https:\/\/zekiinsaatyapi.com\/wp-content\/uploads\/insaat-cizim-projesi-150x150.jpg 150w, https:\/\/zekiinsaatyapi.com\/wp-content\/uploads\/insaat-cizim-projesi-768x768.jpg 768w, https:\/\/zekiinsaatyapi.com\/wp-content\/uploads\/insaat-cizim-projesi-36x36.jpg 36w, https:\/\/zekiinsaatyapi.com\/wp-content\/uploads\/insaat-cizim-projesi-180x180.jpg 180w, https:\/\/zekiinsaatyapi.com\/wp-content\/uploads\/insaat-cizim-projesi-705x705.jpg 705w\" sizes=\"(max-width: 1300px) 100vw, 1300px\" \/><\/div>\n<\/div>\n<\/div>\n<\/div>\n","protected":false},"excerpt":{"rendered":"<p>Kentsel D\u00f6n\u00fc\u015f\u00fcm \u0130n\u015faat Taahh\u00fct Gelece\u011fi \u0130n\u015fa Ediyoruz \u2013 ZEK\u0130 \u0130N\u015eAAT ile Kentsel D\u00f6n\u00fc\u015f\u00fcmde G\u00fcvenli Ad\u0131mlar Kentsel d\u00f6n\u00fc\u015f\u00fcm, sadece binalar\u0131 yenilemek de\u011fil; daha g\u00fcvenli, estetik ve ya\u015fanabilir \u015fehirler kurma hedefidir. Zeki \u0130n\u015faat olarak biz, bu hedefi ger\u00e7e\u011fe d\u00f6n\u00fc\u015ft\u00fcrmek i\u00e7in \u00e7al\u0131\u015f\u0131yoruz. Deprem riski ta\u015f\u0131yan yap\u0131lar\u0131 modern ya\u015fam alanlar\u0131na d\u00f6n\u00fc\u015ft\u00fcrerek hem \u015fehir siluetini yeniliyoruz hem de insan hayat\u0131n\u0131&#8230;<\/p>\n","protected":false},"author":1,"featured_media":0,"parent":0,"menu_order":0,"comment_status":"closed","ping_status":"closed","template":"","meta":{"_monsterinsights_skip_tracking":false,"_monsterinsights_sitenote_active":false,"_monsterinsights_sitenote_note":"","_monsterinsights_sitenote_category":0,"footnotes":""},"class_list":["post-3637","page","type-page","status-publish","hentry","page--item"],"aioseo_notices":[],"_links":{"self":[{"href":"https:\/\/zekiinsaatyapi.com\/index.php\/wp-json\/wp\/v2\/pages\/3637","targetHints":{"allow":["GET"]}}],"collection":[{"href":"https:\/\/zekiinsaatyapi.com\/index.php\/wp-json\/wp\/v2\/pages"}],"about":[{"href":"https:\/\/zekiinsaatyapi.com\/index.php\/wp-json\/wp\/v2\/types\/page"}],"author":[{"embeddable":true,"href":"https:\/\/zekiinsaatyapi.com\/index.php\/wp-json\/wp\/v2\/users\/1"}],"replies":[{"embeddable":true,"href":"https:\/\/zekiinsaatyapi.com\/index.php\/wp-json\/wp\/v2\/comments?post=3637"}],"version-history":[{"count":0,"href":"https:\/\/zekiinsaatyapi.com\/index.php\/wp-json\/wp\/v2\/pages\/3637\/revisions"}],"wp:attachment":[{"href":"https:\/\/zekiinsaatyapi.com\/index.php\/wp-json\/wp\/v2\/media?parent=3637"}],"curies":[{"name":"wp","href":"https:\/\/api.w.org\/{rel}","templated":true}]}}