{"id":3633,"date":"2025-12-19T21:40:25","date_gmt":"2025-12-19T21:40:25","guid":{"rendered":"https:\/\/zekiinsaatyapi.com\/index.php\/insaat\/"},"modified":"2025-12-19T21:40:25","modified_gmt":"2025-12-19T21:40:25","slug":"insaat","status":"publish","type":"page","link":"https:\/\/zekiinsaatyapi.com\/index.php\/insaat\/","title":{"rendered":"\u0130n\u015faat"},"content":{"rendered":"<style type=\"text\/css\" data-created_by=\"avia_inline_auto\" id=\"style-css-av-3t8hw-8c83c177cdc8acb0bfb3d0ba5aef5835\">\n.flex_column.av-3t8hw-8c83c177cdc8acb0bfb3d0ba5aef5835{\nwidth:31.333333333333%;\npadding:15px 15px 15px 15px;\nbackground-color:#f2f2f2;\n}\n<\/style>\n<div  class='flex_column av-3t8hw-8c83c177cdc8acb0bfb3d0ba5aef5835 av_one_third  avia-builder-el-0  el_before_av_two_third  avia-builder-el-first  first flex_column_div  '     >\n<style type=\"text\/css\" data-created_by=\"avia_inline_auto\" id=\"style-css-av-3b294-e9ba7494986481cbb5c1dbb574169c34\">\n#top .av_textblock_section.av-3b294-e9ba7494986481cbb5c1dbb574169c34 .avia_textblock{\nfont-size:16px;\ncolor:#000000;\n}\n<\/style>\n<section  class='av_textblock_section av-3b294-e9ba7494986481cbb5c1dbb574169c34 '   itemscope=\"itemscope\" itemtype=\"https:\/\/schema.org\/CreativeWork\" >\n<div class='avia_textblock av_inherit_color'  itemprop=\"text\" >\n<p><strong><a href=\"https:\/\/zekiinsaatyapi.com\/kentsel-donusum\">Kentsel D\u00f6n\u00fc\u015f\u00fcm<\/a><\/strong><\/p>\n<p><strong><a href=\"https:\/\/zekiinsaatyapi.com\/insaat\">\u0130n\u015faat<\/a><\/strong><\/p>\n<p><strong><a href=\"https:\/\/zekiinsaatyapi.com\/taahhut\">Taahh\u00fct<\/a><\/strong><\/p>\n<\/div>\n<\/section>\n<\/div>\n<style type=\"text\/css\" data-created_by=\"avia_inline_auto\" id=\"style-css-av-2qy98-9bcaf905934abb0d083bc4444678ac67\">\n.flex_column.av-2qy98-9bcaf905934abb0d083bc4444678ac67{\nwidth:65.666666666667%;\nmargin-left:3%;\n}\n<\/style>\n<div  class='flex_column av-2qy98-9bcaf905934abb0d083bc4444678ac67 av_two_third  avia-builder-el-2  el_after_av_one_third  avia-builder-el-last  flex_column_div  '     >\n<p><style type=\"text\/css\" data-created_by=\"avia_inline_auto\" id=\"style-css-av-275iw-580b9ef5355ccbe5fd4caefde3c2ac34\">\n.avia-image-container.av-275iw-580b9ef5355ccbe5fd4caefde3c2ac34 img.avia_image{\nbox-shadow:none;\n}\n.avia-image-container.av-275iw-580b9ef5355ccbe5fd4caefde3c2ac34 .av-image-caption-overlay-center{\ncolor:#ffffff;\n}\n<\/style>\n<div  class='avia-image-container av-275iw-580b9ef5355ccbe5fd4caefde3c2ac34 av-styling- avia-align-center  avia-builder-el-3  el_before_av_hr  avia-builder-el-first '   itemprop=\"image\" itemscope=\"itemscope\" itemtype=\"https:\/\/schema.org\/ImageObject\" >\n<div class=\"avia-image-container-inner\">\n<div class=\"avia-image-overlay-wrap\"><img fetchpriority=\"high\" decoding=\"async\" fetchpriority=\"high\" class='wp-image-104 avia-img-lazy-loading-not-104 avia_image ' src=\"https:\/\/zekiinsaatyapi.com\/wp-content\/uploads\/insaat.jpg\" alt='in\u015faat, in\u015faat \u015firketi, in\u015faat firmas\u0131, istanbul in\u015faat firmalar\u0131, in\u015faat projeleri, kentsel d\u00f6n\u00fc\u015f\u00fcm, kat kar\u015f\u0131l\u0131\u011f\u0131 in\u015faat, taahh\u00fct in\u015faat,' title='insaat'  height=\"500\" width=\"1200\"  itemprop=\"thumbnailUrl\" srcset=\"https:\/\/zekiinsaatyapi.com\/wp-content\/uploads\/insaat.jpg 1200w, https:\/\/zekiinsaatyapi.com\/wp-content\/uploads\/insaat-400x167.jpg 400w, https:\/\/zekiinsaatyapi.com\/wp-content\/uploads\/insaat-1024x427.jpg 1024w, https:\/\/zekiinsaatyapi.com\/wp-content\/uploads\/insaat-768x320.jpg 768w, https:\/\/zekiinsaatyapi.com\/wp-content\/uploads\/insaat-705x294.jpg 705w\" sizes=\"(max-width: 1200px) 100vw, 1200px\" \/><\/div>\n<\/div>\n<\/div>\n<p><\/p>\n<style type=\"text\/css\" data-created_by=\"avia_inline_auto\" id=\"style-css-av-6170-f04e2136189bfdcd46e832edaf1184fa\">\n#top .hr.hr-invisible.av-6170-f04e2136189bfdcd46e832edaf1184fa{\nheight:30px;\n}\n<\/style>\n<div  class='hr av-6170-f04e2136189bfdcd46e832edaf1184fa hr-invisible  avia-builder-el-4  el_after_av_image  el_before_av_textblock '><span class='hr-inner '><span class=\"hr-inner-style\"><\/span><\/span><\/div>\n<p><\/p>\n<style type=\"text\/css\" data-created_by=\"avia_inline_auto\" id=\"style-css-av-mdx6wafe-e65ee4ca4bdc636a44e280fabe2a9a7a\">\n#top .av_textblock_section.av-mdx6wafe-e65ee4ca4bdc636a44e280fabe2a9a7a .avia_textblock{\nfont-size:16px;\ncolor:#000000;\n}\n<\/style>\n<section  class='av_textblock_section av-mdx6wafe-e65ee4ca4bdc636a44e280fabe2a9a7a '   itemscope=\"itemscope\" itemtype=\"https:\/\/schema.org\/CreativeWork\" >\n<div class='avia_textblock av_inherit_color'  itemprop=\"text\" >\n<h2 data-start=\"241\" data-end=\"295\"><strong data-start=\"245\" data-end=\"295\">G\u00fcveni ve Kaliteyi \u0130n\u015fa Ediyoruz \u2013 ZEK\u0130 \u0130N\u015eAAT<\/strong><\/h2>\n<p data-start=\"297\" data-end=\"632\">Zeki \u0130n\u015faat, modern in\u015faat \u00e7\u00f6z\u00fcmleriyle gelece\u011fi \u015fekillendiren, m\u00fchendislik g\u00fcc\u00fcn\u00fc estetikle bulu\u015fturan bir in\u015faat firmas\u0131d\u0131r. Y\u0131llara dayanan tecr\u00fcbemiz, g\u00fc\u00e7l\u00fc teknik altyap\u0131m\u0131z ve uzman kadromuzla; konut projelerinden ticari yap\u0131lara, sanayi tesislerinden kamu binalar\u0131na kadar geni\u015f bir yelpazede kaliteli yap\u0131lar in\u015fa ediyoruz.<\/p>\n<p data-start=\"634\" data-end=\"889\">Her projede; <strong data-start=\"647\" data-end=\"706\">sa\u011flaml\u0131k, estetik, fonksiyonellik ve s\u00fcrd\u00fcr\u00fclebilirlik<\/strong> ilkelerini \u00f6n planda tutuyoruz. M\u00fc\u015fteri memnuniyetini sadece teslimatta de\u011fil, projenin her a\u015famas\u0131nda sa\u011flamay\u0131 hedefliyor, i\u015fimizi s\u00f6z verdi\u011fimiz gibi ve zaman\u0131nda teslim ediyoruz.<\/p>\n<p data-start=\"891\" data-end=\"1075\">\u2705 Anahtar teslim projeler<br data-start=\"916\" data-end=\"919\" \/>\u2705 Mimari, statik ve teknik proje hizmetleri<br data-start=\"962\" data-end=\"965\" \/>\u2705 \u015eantiye ve uygulama y\u00f6netimi<br data-start=\"995\" data-end=\"998\" \/>\u2705 Kaliteli malzeme ve i\u015f\u00e7ilik garantisi<br data-start=\"1037\" data-end=\"1040\" \/>\u2705 Yasal s\u00fcre\u00e7 takibi ve dan\u0131\u015fmanl\u0131k<\/p>\n<p data-start=\"1077\" data-end=\"1237\">\u0130n\u015faatta g\u00fcven, zaman\u0131nda teslimat ve y\u00fcksek kalite ar\u0131yorsan\u0131z, Zeki \u0130n\u015faat sizin i\u00e7in do\u011fru adrestir. Hayalinizdeki yap\u0131y\u0131 birlikte in\u015fa etmek i\u00e7in buraday\u0131z.<\/p>\n<p data-start=\"1239\" data-end=\"1295\">\ud83d\udcde <a href=\"https:\/\/www.semaytextile.com\/zeki\/iletisim\/\">Bize ula\u015f\u0131n<\/a>, projelerinizi birlikte hayata ge\u00e7irelim.<\/p>\n<\/div>\n<\/section>\n<p><\/p>\n<style type=\"text\/css\" data-created_by=\"avia_inline_auto\" id=\"style-css-av-srmw-e1009f740c1ecece4f76386f70614022\">\n.avia-image-container.av-srmw-e1009f740c1ecece4f76386f70614022 img.avia_image{\nbox-shadow:none;\n}\n.avia-image-container.av-srmw-e1009f740c1ecece4f76386f70614022 .av-image-caption-overlay-center{\ncolor:#ffffff;\n}\n<\/style>\n<div  class='avia-image-container av-srmw-e1009f740c1ecece4f76386f70614022 av-styling- avia-align-center  avia-builder-el-6  el_after_av_textblock  avia-builder-el-last '   itemprop=\"image\" itemscope=\"itemscope\" itemtype=\"https:\/\/schema.org\/ImageObject\" >\n<div class=\"avia-image-container-inner\">\n<div class=\"avia-image-overlay-wrap\"><img fetchpriority=\"high\" decoding=\"async\" fetchpriority=\"high\" class='wp-image-78 avia-img-lazy-loading-not-78 avia_image ' src=\"https:\/\/zekiinsaatyapi.com\/wp-content\/uploads\/insaat-cizim-projesi.jpg\" alt='in\u015faat, in\u015faat \u015firketi, in\u015faat firmas\u0131, istanbul in\u015faat firmalar\u0131, in\u015faat projeleri, kentsel d\u00f6n\u00fc\u015f\u00fcm, kat kar\u015f\u0131l\u0131\u011f\u0131 in\u015faat, taahh\u00fct in\u015faat,' title='insaat-cizim-projesi'  height=\"1300\" width=\"1300\"  itemprop=\"thumbnailUrl\" srcset=\"https:\/\/zekiinsaatyapi.com\/wp-content\/uploads\/insaat-cizim-projesi.jpg 1300w, https:\/\/zekiinsaatyapi.com\/wp-content\/uploads\/insaat-cizim-projesi-400x400.jpg 400w, https:\/\/zekiinsaatyapi.com\/wp-content\/uploads\/insaat-cizim-projesi-1024x1024.jpg 1024w, https:\/\/zekiinsaatyapi.com\/wp-content\/uploads\/insaat-cizim-projesi-150x150.jpg 150w, https:\/\/zekiinsaatyapi.com\/wp-content\/uploads\/insaat-cizim-projesi-768x768.jpg 768w, https:\/\/zekiinsaatyapi.com\/wp-content\/uploads\/insaat-cizim-projesi-36x36.jpg 36w, https:\/\/zekiinsaatyapi.com\/wp-content\/uploads\/insaat-cizim-projesi-180x180.jpg 180w, https:\/\/zekiinsaatyapi.com\/wp-content\/uploads\/insaat-cizim-projesi-705x705.jpg 705w\" sizes=\"(max-width: 1300px) 100vw, 1300px\" \/><\/div>\n<\/div>\n<\/div>\n<\/div>\n","protected":false},"excerpt":{"rendered":"<p>Kentsel D\u00f6n\u00fc\u015f\u00fcm \u0130n\u015faat Taahh\u00fct G\u00fcveni ve Kaliteyi \u0130n\u015fa Ediyoruz \u2013 ZEK\u0130 \u0130N\u015eAAT Zeki \u0130n\u015faat, modern in\u015faat \u00e7\u00f6z\u00fcmleriyle gelece\u011fi \u015fekillendiren, m\u00fchendislik g\u00fcc\u00fcn\u00fc estetikle bulu\u015fturan bir in\u015faat firmas\u0131d\u0131r. Y\u0131llara dayanan tecr\u00fcbemiz, g\u00fc\u00e7l\u00fc teknik altyap\u0131m\u0131z ve uzman kadromuzla; konut projelerinden ticari yap\u0131lara, sanayi tesislerinden kamu binalar\u0131na kadar geni\u015f bir yelpazede kaliteli yap\u0131lar in\u015fa ediyoruz. Her projede; sa\u011flaml\u0131k, estetik,&#8230;<\/p>\n","protected":false},"author":1,"featured_media":0,"parent":0,"menu_order":0,"comment_status":"closed","ping_status":"closed","template":"","meta":{"_monsterinsights_skip_tracking":false,"_monsterinsights_sitenote_active":false,"_monsterinsights_sitenote_note":"","_monsterinsights_sitenote_category":0,"footnotes":""},"class_list":["post-3633","page","type-page","status-publish","hentry","page--item"],"aioseo_notices":[],"_links":{"self":[{"href":"https:\/\/zekiinsaatyapi.com\/index.php\/wp-json\/wp\/v2\/pages\/3633","targetHints":{"allow":["GET"]}}],"collection":[{"href":"https:\/\/zekiinsaatyapi.com\/index.php\/wp-json\/wp\/v2\/pages"}],"about":[{"href":"https:\/\/zekiinsaatyapi.com\/index.php\/wp-json\/wp\/v2\/types\/page"}],"author":[{"embeddable":true,"href":"https:\/\/zekiinsaatyapi.com\/index.php\/wp-json\/wp\/v2\/users\/1"}],"replies":[{"embeddable":true,"href":"https:\/\/zekiinsaatyapi.com\/index.php\/wp-json\/wp\/v2\/comments?post=3633"}],"version-history":[{"count":0,"href":"https:\/\/zekiinsaatyapi.com\/index.php\/wp-json\/wp\/v2\/pages\/3633\/revisions"}],"wp:attachment":[{"href":"https:\/\/zekiinsaatyapi.com\/index.php\/wp-json\/wp\/v2\/media?parent=3633"}],"curies":[{"name":"wp","href":"https:\/\/api.w.org\/{rel}","templated":true}]}}