{"id":3629,"date":"2025-12-19T21:40:25","date_gmt":"2025-12-19T21:40:25","guid":{"rendered":"https:\/\/zekiinsaatyapi.com\/index.php\/faaliyetlerimiz\/"},"modified":"2025-12-19T21:40:25","modified_gmt":"2025-12-19T21:40:25","slug":"faaliyetlerimiz","status":"publish","type":"page","link":"https:\/\/zekiinsaatyapi.com\/index.php\/faaliyetlerimiz\/","title":{"rendered":"Faaliyetlerimiz"},"content":{"rendered":"<style type=\"text\/css\" data-created_by=\"avia_inline_auto\" id=\"style-css-av-12w9t4-7a08a4ba165d8d9300e9a77c15fc3cdc\">\n.flex_column.av-12w9t4-7a08a4ba165d8d9300e9a77c15fc3cdc{\nwidth:31.333333333333%;\npadding:15px 15px 15px 15px;\nbackground-color:#f2f2f2;\n}\n<\/style>\n<div  class='flex_column av-12w9t4-7a08a4ba165d8d9300e9a77c15fc3cdc av_one_third  avia-builder-el-0  el_before_av_two_third  avia-builder-el-first  first flex_column_div  '     >\n<style type=\"text\/css\" data-created_by=\"avia_inline_auto\" id=\"style-css-av-me3ls0rh-23e9bd1be4af87abef39c71c17c7eeb9\">\n#top .av_textblock_section.av-me3ls0rh-23e9bd1be4af87abef39c71c17c7eeb9 .avia_textblock{\nfont-size:16px;\ncolor:#000000;\n}\n<\/style>\n<section  class='av_textblock_section av-me3ls0rh-23e9bd1be4af87abef39c71c17c7eeb9 '   itemscope=\"itemscope\" itemtype=\"https:\/\/schema.org\/CreativeWork\" >\n<div class='avia_textblock av_inherit_color'  itemprop=\"text\" >\n<p><strong><a href=\"https:\/\/zekiinsaatyapi.com\/kentsel-donusum\">Kentsel D\u00f6n\u00fc\u015f\u00fcm<\/a><\/strong><\/p>\n<p><strong><a href=\"https:\/\/zekiinsaatyapi.com\/insaat\">\u0130n\u015faat<\/a><\/strong><\/p>\n<p><strong><a href=\"https:\/\/zekiinsaatyapi.com\/taahhut\">Taahh\u00fct<\/a><\/strong><\/p>\n<\/div>\n<\/section>\n<\/div>\n<style type=\"text\/css\" data-created_by=\"avia_inline_auto\" id=\"style-css-av-z49z4-edf6f0dd38073475e4e260f509aeeaf0\">\n.flex_column.av-z49z4-edf6f0dd38073475e4e260f509aeeaf0{\nwidth:65.666666666667%;\nmargin-left:3%;\n}\n<\/style>\n<div  class='flex_column av-z49z4-edf6f0dd38073475e4e260f509aeeaf0 av_two_third  avia-builder-el-2  el_after_av_one_third  avia-builder-el-last  flex_column_div  '     >\n<p><style type=\"text\/css\" data-created_by=\"avia_inline_auto\" id=\"style-css-av-me3ls8nk-b0ee193bc4f41396024d2465098592ec\">\n.avia-image-container.av-me3ls8nk-b0ee193bc4f41396024d2465098592ec img.avia_image{\nbox-shadow:none;\n}\n.avia-image-container.av-me3ls8nk-b0ee193bc4f41396024d2465098592ec .av-image-caption-overlay-center{\ncolor:#ffffff;\n}\n<\/style>\n<div  class='avia-image-container av-me3ls8nk-b0ee193bc4f41396024d2465098592ec av-styling- av-img-linked avia-align-center  avia-builder-el-3  el_before_av_hr  avia-builder-el-first '   itemprop=\"image\" itemscope=\"itemscope\" itemtype=\"https:\/\/schema.org\/ImageObject\" >\n<div class=\"avia-image-container-inner\">\n<div class=\"avia-image-overlay-wrap\"><a href=\"https:\/\/zekiinsaatyapi.com\/kentsel-donusum\/\" class='avia_image '  aria-label='kentsel-donusum'><img fetchpriority=\"high\" decoding=\"async\" fetchpriority=\"high\" class='wp-image-105 avia-img-lazy-loading-not-105 avia_image ' src=\"https:\/\/zekiinsaatyapi.com\/wp-content\/uploads\/kentsel-donusum.jpg\" alt='in\u015faat, in\u015faat \u015firketi, in\u015faat firmas\u0131, istanbul in\u015faat firmalar\u0131, in\u015faat projeleri, kentsel d\u00f6n\u00fc\u015f\u00fcm, kat kar\u015f\u0131l\u0131\u011f\u0131 in\u015faat, taahh\u00fct in\u015faat,' title='kentsel-donusum'  height=\"500\" width=\"1200\"  itemprop=\"thumbnailUrl\" srcset=\"https:\/\/zekiinsaatyapi.com\/wp-content\/uploads\/kentsel-donusum.jpg 1200w, https:\/\/zekiinsaatyapi.com\/wp-content\/uploads\/kentsel-donusum-400x167.jpg 400w, https:\/\/zekiinsaatyapi.com\/wp-content\/uploads\/kentsel-donusum-1024x427.jpg 1024w, https:\/\/zekiinsaatyapi.com\/wp-content\/uploads\/kentsel-donusum-768x320.jpg 768w, https:\/\/zekiinsaatyapi.com\/wp-content\/uploads\/kentsel-donusum-705x294.jpg 705w\" sizes=\"(max-width: 1200px) 100vw, 1200px\" \/><\/a><\/div>\n<\/div>\n<\/div>\n<p><\/p>\n<style type=\"text\/css\" data-created_by=\"avia_inline_auto\" id=\"style-css-av-me3lsgou-ad7efa415609183800e7b75437ecd75b\">\n#top .hr.hr-invisible.av-me3lsgou-ad7efa415609183800e7b75437ecd75b{\nheight:20px;\n}\n<\/style>\n<div  class='hr av-me3lsgou-ad7efa415609183800e7b75437ecd75b hr-invisible  avia-builder-el-4  el_after_av_image  el_before_av_textblock '><span class='hr-inner '><span class=\"hr-inner-style\"><\/span><\/span><\/div>\n<p><\/p>\n<style type=\"text\/css\" data-created_by=\"avia_inline_auto\" id=\"style-css-av-me3lsyfy-ba718d72453ad2de5aea8b29afc53012\">\n#top .av_textblock_section.av-me3lsyfy-ba718d72453ad2de5aea8b29afc53012 .avia_textblock{\nfont-size:16px;\ncolor:#000000;\n}\n<\/style>\n<section  class='av_textblock_section av-me3lsyfy-ba718d72453ad2de5aea8b29afc53012 '   itemscope=\"itemscope\" itemtype=\"https:\/\/schema.org\/CreativeWork\" >\n<div class='avia_textblock av_inherit_color'  itemprop=\"text\" >\n<p style=\"text-align: center;\" data-start=\"369\" data-end=\"695\"><strong>KENTSEL D\u00d6N\u00dc\u015e\u00dcM<\/strong><br \/>\nKentsel d\u00f6n\u00fc\u015f\u00fcm, sadece binalar\u0131 yenilemek de\u011fil; daha g\u00fcvenli, estetik ve ya\u015fanabilir \u015fehirler kurma hedefidir. Zeki \u0130n\u015faat olarak biz, bu hedefi ger\u00e7e\u011fe d\u00f6n\u00fc\u015ft\u00fcrmek i\u00e7in \u00e7al\u0131\u015f\u0131yoruz.<\/p>\n<\/div>\n<\/section>\n<p><\/p>\n<div  class='avia-button-wrap av-me3ltp3f-f3beab49fa6daae5e828a429f0f913b4-wrap avia_animated_button av-animated-when-visible-95 top-to-bottom avia-button-center  avia-builder-el-6  el_after_av_textblock  el_before_av_hr '>\n<style type=\"text\/css\" data-created_by=\"avia_inline_auto\" id=\"style-css-av-me3ltp3f-f3beab49fa6daae5e828a429f0f913b4\">\n@keyframes av_sonarEffect_av-me3ltp3f-f3beab49fa6daae5e828a429f0f913b4 {\n  0% {opacity: 0.3;}\n 40% {opacity: 0.5; box-shadow: 0 0 0 2px rgba(255,255,255,0.1), 0 0 10px 10px #ffffff, 0 0 0 10px rgba(255,255,255,0.5);}\n100% {opacity: 0; box-shadow: 0 0 0 2px rgba(255,255,255,0.1), 0 0 10px 10px #ffffff, 0 0 0 10px rgba(255,255,255,0.5); transform: scale(1.5);}\n}\n#top #wrap_all .avia-button.av-me3ltp3f-f3beab49fa6daae5e828a429f0f913b4{\nfont-size:16px;\ncolor:#0a0a0a;\nborder-style:solid;\nborder-radius:10px 10px 10px 10px;\ntransition:all 0.4s ease-in-out;\npadding:15px 15px 15px 15px;\n}\n#top #wrap_all .avia-button.av-me3ltp3f-f3beab49fa6daae5e828a429f0f913b4:hover{\nbackground-color:#0a0a0a;\ncolor:#ffffff;\ntransition:all 0.4s ease-in-out;\n}\n#top #wrap_all.avia-button.av-me3ltp3f-f3beab49fa6daae5e828a429f0f913b4:hover .avia_button_background{\nborder-radius:10px 10px 10px 10px;\n}\n.avia-button.av-me3ltp3f-f3beab49fa6daae5e828a429f0f913b4.avia-sonar-shadow:after{\nborder-radius:10px 10px 10px 10px;\nanimation:av_sonarEffect_av-me3ltp3f-f3beab49fa6daae5e828a429f0f913b4 1s ease-in-out .1s infinite;\n}\n<\/style>\n<p><a href='https:\/\/zekiinsaatyapi.com\/kentsel-donusum\/'  class='avia-button av-me3ltp3f-f3beab49fa6daae5e828a429f0f913b4 av-link-btn avia-icon_select-no avia-size-small avia-position-center avia-sonar-shadow'   aria-label=\"Devam\u0131 \u0130\u00e7in T\u0131klay\u0131n\u0131z\"><span class='avia_iconbox_title' >Devam\u0131 \u0130\u00e7in T\u0131klay\u0131n\u0131z<\/span><\/a><\/div>\n<p><\/p>\n<div  class='hr av-me3laf8o-fc3a9ee6e17b6020248891ca4e0dfefe hr-short  avia-builder-el-7  el_after_av_button  el_before_av_image  hr-center'><span class='hr-inner '><span class=\"hr-inner-style\"><\/span><\/span><\/div>\n<p><\/p>\n<style type=\"text\/css\" data-created_by=\"avia_inline_auto\" id=\"style-css-av-me3ld3s7-4e6cb722d242a01cb4852eacc89da0a5\">\n.avia-image-container.av-me3ld3s7-4e6cb722d242a01cb4852eacc89da0a5 img.avia_image{\nbox-shadow:none;\n}\n.avia-image-container.av-me3ld3s7-4e6cb722d242a01cb4852eacc89da0a5 .av-image-caption-overlay-center{\ncolor:#ffffff;\n}\n<\/style>\n<div  class='avia-image-container av-me3ld3s7-4e6cb722d242a01cb4852eacc89da0a5 av-styling- av-img-linked avia-align-center  avia-builder-el-8  el_after_av_hr  el_before_av_hr '   itemprop=\"image\" itemscope=\"itemscope\" itemtype=\"https:\/\/schema.org\/ImageObject\" >\n<div class=\"avia-image-container-inner\">\n<div class=\"avia-image-overlay-wrap\"><a href=\"https:\/\/zekiinsaatyapi.com\/insaat\/\" class='avia_image '  aria-label='insaat'><img fetchpriority=\"high\" decoding=\"async\" fetchpriority=\"high\" class='wp-image-104 avia-img-lazy-loading-not-104 avia_image ' src=\"https:\/\/zekiinsaatyapi.com\/wp-content\/uploads\/insaat.jpg\" alt='in\u015faat, in\u015faat \u015firketi, in\u015faat firmas\u0131, istanbul in\u015faat firmalar\u0131, in\u015faat projeleri, kentsel d\u00f6n\u00fc\u015f\u00fcm, kat kar\u015f\u0131l\u0131\u011f\u0131 in\u015faat, taahh\u00fct in\u015faat,' title='insaat'  height=\"500\" width=\"1200\"  itemprop=\"thumbnailUrl\" srcset=\"https:\/\/zekiinsaatyapi.com\/wp-content\/uploads\/insaat.jpg 1200w, https:\/\/zekiinsaatyapi.com\/wp-content\/uploads\/insaat-400x167.jpg 400w, https:\/\/zekiinsaatyapi.com\/wp-content\/uploads\/insaat-1024x427.jpg 1024w, https:\/\/zekiinsaatyapi.com\/wp-content\/uploads\/insaat-768x320.jpg 768w, https:\/\/zekiinsaatyapi.com\/wp-content\/uploads\/insaat-705x294.jpg 705w\" sizes=\"(max-width: 1200px) 100vw, 1200px\" \/><\/a><\/div>\n<\/div>\n<\/div>\n<p><\/p>\n<style type=\"text\/css\" data-created_by=\"avia_inline_auto\" id=\"style-css-av-rzgls-0ed3e2e7bf5dfbb420f6e52cb089388b\">\n#top .hr.hr-invisible.av-rzgls-0ed3e2e7bf5dfbb420f6e52cb089388b{\nheight:20px;\n}\n<\/style>\n<div  class='hr av-rzgls-0ed3e2e7bf5dfbb420f6e52cb089388b hr-invisible  avia-builder-el-9  el_after_av_image  el_before_av_textblock '><span class='hr-inner '><span class=\"hr-inner-style\"><\/span><\/span><\/div>\n<p><\/p>\n<style type=\"text\/css\" data-created_by=\"avia_inline_auto\" id=\"style-css-av-me3lcvc5-66a62e2e63cf4d91529294db5f2081a7\">\n#top .av_textblock_section.av-me3lcvc5-66a62e2e63cf4d91529294db5f2081a7 .avia_textblock{\nfont-size:16px;\ncolor:#000000;\n}\n<\/style>\n<section  class='av_textblock_section av-me3lcvc5-66a62e2e63cf4d91529294db5f2081a7 '   itemscope=\"itemscope\" itemtype=\"https:\/\/schema.org\/CreativeWork\" >\n<div class='avia_textblock av_inherit_color'  itemprop=\"text\" >\n<p style=\"text-align: center;\" data-start=\"369\" data-end=\"695\"><strong>\u0130N\u015eAAT<\/strong><br \/>\nZeki \u0130n\u015faat, modern in\u015faat \u00e7\u00f6z\u00fcmleriyle gelece\u011fi \u015fekillendiren, m\u00fchendislik g\u00fcc\u00fcn\u00fc estetikle bulu\u015fturan bir in\u015faat firmas\u0131d\u0131r. Y\u0131llara dayanan tecr\u00fcbemiz, g\u00fc\u00e7l\u00fc teknik altyap\u0131m\u0131z ve uzman kadromuzla; konut projelerinden ticari yap\u0131lara, sanayi tesislerinden kamu binalar\u0131na kadar geni\u015f bir yelpazede kaliteli yap\u0131lar in\u015fa ediyoruz.<\/p>\n<\/div>\n<\/section>\n<p><\/p>\n<div  class='avia-button-wrap av-me3ldn3u-02e89079f5232ab919769d1571b98075-wrap avia_animated_button av-animated-when-visible-95 top-to-bottom avia-button-center  avia-builder-el-11  el_after_av_textblock  el_before_av_hr '>\n<style type=\"text\/css\" data-created_by=\"avia_inline_auto\" id=\"style-css-av-me3ldn3u-02e89079f5232ab919769d1571b98075\">\n@keyframes av_sonarEffect_av-me3ldn3u-02e89079f5232ab919769d1571b98075 {\n  0% {opacity: 0.3;}\n 40% {opacity: 0.5; box-shadow: 0 0 0 2px rgba(255,255,255,0.1), 0 0 10px 10px #ffffff, 0 0 0 10px rgba(255,255,255,0.5);}\n100% {opacity: 0; box-shadow: 0 0 0 2px rgba(255,255,255,0.1), 0 0 10px 10px #ffffff, 0 0 0 10px rgba(255,255,255,0.5); transform: scale(1.5);}\n}\n#top #wrap_all .avia-button.av-me3ldn3u-02e89079f5232ab919769d1571b98075{\nfont-size:16px;\ncolor:#0a0a0a;\nborder-style:solid;\nborder-radius:10px 10px 10px 10px;\ntransition:all 0.4s ease-in-out;\npadding:15px 15px 15px 15px;\n}\n#top #wrap_all .avia-button.av-me3ldn3u-02e89079f5232ab919769d1571b98075:hover{\nbackground-color:#0a0a0a;\ncolor:#ffffff;\ntransition:all 0.4s ease-in-out;\n}\n#top #wrap_all.avia-button.av-me3ldn3u-02e89079f5232ab919769d1571b98075:hover .avia_button_background{\nborder-radius:10px 10px 10px 10px;\n}\n.avia-button.av-me3ldn3u-02e89079f5232ab919769d1571b98075.avia-sonar-shadow:after{\nborder-radius:10px 10px 10px 10px;\nanimation:av_sonarEffect_av-me3ldn3u-02e89079f5232ab919769d1571b98075 1s ease-in-out .1s infinite;\n}\n<\/style>\n<p><a href='https:\/\/zekiinsaatyapi.com\/insaat\/'  class='avia-button av-me3ldn3u-02e89079f5232ab919769d1571b98075 av-link-btn avia-icon_select-no avia-size-small avia-position-center avia-sonar-shadow'   aria-label=\"Devam\u0131 \u0130\u00e7in T\u0131klay\u0131n\u0131z\"><span class='avia_iconbox_title' >Devam\u0131 \u0130\u00e7in T\u0131klay\u0131n\u0131z<\/span><\/a><\/div>\n<p><\/p>\n<div  class='hr av-lmdow-ed8975d4afc833a90872e1e9a2840fae hr-short  avia-builder-el-12  el_after_av_button  el_before_av_image  hr-center'><span class='hr-inner '><span class=\"hr-inner-style\"><\/span><\/span><\/div>\n<p><\/p>\n<style type=\"text\/css\" data-created_by=\"avia_inline_auto\" id=\"style-css-av-me3le8ej-6633c3eb0f4ae8270e7c9575ce2818b7\">\n.avia-image-container.av-me3le8ej-6633c3eb0f4ae8270e7c9575ce2818b7 img.avia_image{\nbox-shadow:none;\n}\n.avia-image-container.av-me3le8ej-6633c3eb0f4ae8270e7c9575ce2818b7 .av-image-caption-overlay-center{\ncolor:#ffffff;\n}\n<\/style>\n<div  class='avia-image-container av-me3le8ej-6633c3eb0f4ae8270e7c9575ce2818b7 av-styling- av-img-linked avia-align-center  avia-builder-el-13  el_after_av_hr  el_before_av_hr '   itemprop=\"image\" itemscope=\"itemscope\" itemtype=\"https:\/\/schema.org\/ImageObject\" >\n<div class=\"avia-image-container-inner\">\n<div class=\"avia-image-overlay-wrap\"><a href=\"https:\/\/zekiinsaatyapi.com\/taahhut\/\" class='avia_image '  aria-label='taahhut'><img fetchpriority=\"high\" decoding=\"async\" fetchpriority=\"high\" class='wp-image-106 avia-img-lazy-loading-not-106 avia_image ' src=\"https:\/\/zekiinsaatyapi.com\/wp-content\/uploads\/taahhut.jpg\" alt='in\u015faat, in\u015faat \u015firketi, in\u015faat firmas\u0131, istanbul in\u015faat firmalar\u0131, in\u015faat projeleri, kentsel d\u00f6n\u00fc\u015f\u00fcm, kat kar\u015f\u0131l\u0131\u011f\u0131 in\u015faat, taahh\u00fct in\u015faat,' title='taahhut'  height=\"500\" width=\"1200\"  itemprop=\"thumbnailUrl\" srcset=\"https:\/\/zekiinsaatyapi.com\/wp-content\/uploads\/taahhut.jpg 1200w, https:\/\/zekiinsaatyapi.com\/wp-content\/uploads\/taahhut-400x167.jpg 400w, https:\/\/zekiinsaatyapi.com\/wp-content\/uploads\/taahhut-1024x427.jpg 1024w, https:\/\/zekiinsaatyapi.com\/wp-content\/uploads\/taahhut-768x320.jpg 768w, https:\/\/zekiinsaatyapi.com\/wp-content\/uploads\/taahhut-705x294.jpg 705w\" sizes=\"(max-width: 1200px) 100vw, 1200px\" \/><\/a><\/div>\n<\/div>\n<\/div>\n<p><\/p>\n<style type=\"text\/css\" data-created_by=\"avia_inline_auto\" id=\"style-css-av-djhgw-2b29e33a2a82a9b2a06882dceb65e98a\">\n#top .hr.hr-invisible.av-djhgw-2b29e33a2a82a9b2a06882dceb65e98a{\nheight:20px;\n}\n<\/style>\n<div  class='hr av-djhgw-2b29e33a2a82a9b2a06882dceb65e98a hr-invisible  avia-builder-el-14  el_after_av_image  el_before_av_textblock '><span class='hr-inner '><span class=\"hr-inner-style\"><\/span><\/span><\/div>\n<p><\/p>\n<style type=\"text\/css\" data-created_by=\"avia_inline_auto\" id=\"style-css-av-me3lez0i-7b4efb352e81cd2ac63e6bf94be4ea2a\">\n#top .av_textblock_section.av-me3lez0i-7b4efb352e81cd2ac63e6bf94be4ea2a .avia_textblock{\nfont-size:16px;\ncolor:#000000;\n}\n<\/style>\n<section  class='av_textblock_section av-me3lez0i-7b4efb352e81cd2ac63e6bf94be4ea2a '   itemscope=\"itemscope\" itemtype=\"https:\/\/schema.org\/CreativeWork\" >\n<div class='avia_textblock av_inherit_color'  itemprop=\"text\" >\n<p style=\"text-align: center;\" data-start=\"369\" data-end=\"695\"><strong>TAAHH\u00dcT<\/strong><br \/>\nZeki \u0130n\u015faat, in\u015faat sekt\u00f6r\u00fcnde taahh\u00fct projeleri alan\u0131nda uzmanla\u015fm\u0131\u015f, kalite ve g\u00fcven esas\u0131na dayanan hizmet anlay\u0131\u015f\u0131yla \u00f6ne \u00e7\u0131kan bir m\u00fchendislik ve uygulama firmas\u0131d\u0131r. Kuruldu\u011fumuz g\u00fcnden bu yana, kamu kurumlar\u0131 ve \u00f6zel sekt\u00f6r yat\u0131r\u0131mc\u0131lar\u0131 ad\u0131na \u00fcstlendi\u011fimiz projeleri zaman\u0131nda, eksiksiz ve y\u00fcksek standartlarda tamamlayarak sekt\u00f6rde sayg\u0131n bir yer edindik.<\/p>\n<\/div>\n<\/section>\n<p><\/p>\n<div  class='avia-button-wrap av-me3lf4ju-c8fd25fe7b7c0192f10964180e5e4851-wrap avia_animated_button av-animated-when-visible-95 top-to-bottom avia-button-center  avia-builder-el-16  el_after_av_textblock  el_before_av_image '>\n<style type=\"text\/css\" data-created_by=\"avia_inline_auto\" id=\"style-css-av-me3lf4ju-c8fd25fe7b7c0192f10964180e5e4851\">\n@keyframes av_sonarEffect_av-me3lf4ju-c8fd25fe7b7c0192f10964180e5e4851 {\n  0% {opacity: 0.3;}\n 40% {opacity: 0.5; box-shadow: 0 0 0 2px rgba(255,255,255,0.1), 0 0 10px 10px #ffffff, 0 0 0 10px rgba(255,255,255,0.5);}\n100% {opacity: 0; box-shadow: 0 0 0 2px rgba(255,255,255,0.1), 0 0 10px 10px #ffffff, 0 0 0 10px rgba(255,255,255,0.5); transform: scale(1.5);}\n}\n#top #wrap_all .avia-button.av-me3lf4ju-c8fd25fe7b7c0192f10964180e5e4851{\nfont-size:16px;\ncolor:#0a0a0a;\nborder-style:solid;\nborder-radius:10px 10px 10px 10px;\ntransition:all 0.4s ease-in-out;\npadding:15px 15px 15px 15px;\n}\n#top #wrap_all .avia-button.av-me3lf4ju-c8fd25fe7b7c0192f10964180e5e4851:hover{\nbackground-color:#0a0a0a;\ncolor:#ffffff;\ntransition:all 0.4s ease-in-out;\n}\n#top #wrap_all.avia-button.av-me3lf4ju-c8fd25fe7b7c0192f10964180e5e4851:hover .avia_button_background{\nborder-radius:10px 10px 10px 10px;\n}\n.avia-button.av-me3lf4ju-c8fd25fe7b7c0192f10964180e5e4851.avia-sonar-shadow:after{\nborder-radius:10px 10px 10px 10px;\nanimation:av_sonarEffect_av-me3lf4ju-c8fd25fe7b7c0192f10964180e5e4851 1s ease-in-out .1s infinite;\n}\n<\/style>\n<p><a href='https:\/\/zekiinsaatyapi.com\/taahhut\/'  class='avia-button av-me3lf4ju-c8fd25fe7b7c0192f10964180e5e4851 av-link-btn avia-icon_select-no avia-size-small avia-position-center avia-sonar-shadow'   aria-label=\"Devam\u0131 \u0130\u00e7in T\u0131klay\u0131n\u0131z\"><span class='avia_iconbox_title' >Devam\u0131 \u0130\u00e7in T\u0131klay\u0131n\u0131z<\/span><\/a><\/div>\n<p><\/p>\n<style type=\"text\/css\" data-created_by=\"avia_inline_auto\" id=\"style-css-av-7t8bc-a482d737acde3d65cc63bbd32bbb6461\">\n.avia-image-container.av-7t8bc-a482d737acde3d65cc63bbd32bbb6461 img.avia_image{\nbox-shadow:none;\n}\n.avia-image-container.av-7t8bc-a482d737acde3d65cc63bbd32bbb6461 .av-image-caption-overlay-center{\ncolor:#ffffff;\n}\n<\/style>\n<div  class='avia-image-container av-7t8bc-a482d737acde3d65cc63bbd32bbb6461 av-styling- avia-align-center  avia-builder-el-17  el_after_av_button  avia-builder-el-last '   itemprop=\"image\" itemscope=\"itemscope\" itemtype=\"https:\/\/schema.org\/ImageObject\" >\n<div class=\"avia-image-container-inner\">\n<div class=\"avia-image-overlay-wrap\"><img fetchpriority=\"high\" decoding=\"async\" fetchpriority=\"high\" class='wp-image-78 avia-img-lazy-loading-not-78 avia_image ' src=\"https:\/\/zekiinsaatyapi.com\/wp-content\/uploads\/insaat-cizim-projesi.jpg\" alt='in\u015faat, in\u015faat \u015firketi, in\u015faat firmas\u0131, istanbul in\u015faat firmalar\u0131, in\u015faat projeleri, kentsel d\u00f6n\u00fc\u015f\u00fcm, kat kar\u015f\u0131l\u0131\u011f\u0131 in\u015faat, taahh\u00fct in\u015faat,' title='insaat-cizim-projesi'  height=\"1300\" width=\"1300\"  itemprop=\"thumbnailUrl\" srcset=\"https:\/\/zekiinsaatyapi.com\/wp-content\/uploads\/insaat-cizim-projesi.jpg 1300w, https:\/\/zekiinsaatyapi.com\/wp-content\/uploads\/insaat-cizim-projesi-400x400.jpg 400w, https:\/\/zekiinsaatyapi.com\/wp-content\/uploads\/insaat-cizim-projesi-1024x1024.jpg 1024w, https:\/\/zekiinsaatyapi.com\/wp-content\/uploads\/insaat-cizim-projesi-150x150.jpg 150w, https:\/\/zekiinsaatyapi.com\/wp-content\/uploads\/insaat-cizim-projesi-768x768.jpg 768w, https:\/\/zekiinsaatyapi.com\/wp-content\/uploads\/insaat-cizim-projesi-36x36.jpg 36w, https:\/\/zekiinsaatyapi.com\/wp-content\/uploads\/insaat-cizim-projesi-180x180.jpg 180w, https:\/\/zekiinsaatyapi.com\/wp-content\/uploads\/insaat-cizim-projesi-705x705.jpg 705w\" sizes=\"(max-width: 1300px) 100vw, 1300px\" \/><\/div>\n<\/div>\n<\/div>\n<\/div>\n","protected":false},"excerpt":{"rendered":"<p>Kentsel D\u00f6n\u00fc\u015f\u00fcm \u0130n\u015faat Taahh\u00fct KENTSEL D\u00d6N\u00dc\u015e\u00dcM Kentsel d\u00f6n\u00fc\u015f\u00fcm, sadece binalar\u0131 yenilemek de\u011fil; daha g\u00fcvenli, estetik ve ya\u015fanabilir \u015fehirler kurma hedefidir. Zeki \u0130n\u015faat olarak biz, bu hedefi ger\u00e7e\u011fe d\u00f6n\u00fc\u015ft\u00fcrmek i\u00e7in \u00e7al\u0131\u015f\u0131yoruz. Devam\u0131 \u0130\u00e7in T\u0131klay\u0131n\u0131z \u0130N\u015eAAT Zeki \u0130n\u015faat, modern in\u015faat \u00e7\u00f6z\u00fcmleriyle gelece\u011fi \u015fekillendiren, m\u00fchendislik g\u00fcc\u00fcn\u00fc estetikle bulu\u015fturan bir in\u015faat firmas\u0131d\u0131r. Y\u0131llara dayanan tecr\u00fcbemiz, g\u00fc\u00e7l\u00fc teknik altyap\u0131m\u0131z ve&#8230;<\/p>\n","protected":false},"author":1,"featured_media":0,"parent":0,"menu_order":0,"comment_status":"closed","ping_status":"closed","template":"","meta":{"_monsterinsights_skip_tracking":false,"_monsterinsights_sitenote_active":false,"_monsterinsights_sitenote_note":"","_monsterinsights_sitenote_category":0,"footnotes":""},"class_list":["post-3629","page","type-page","status-publish","hentry","page--item"],"aioseo_notices":[],"_links":{"self":[{"href":"https:\/\/zekiinsaatyapi.com\/index.php\/wp-json\/wp\/v2\/pages\/3629","targetHints":{"allow":["GET"]}}],"collection":[{"href":"https:\/\/zekiinsaatyapi.com\/index.php\/wp-json\/wp\/v2\/pages"}],"about":[{"href":"https:\/\/zekiinsaatyapi.com\/index.php\/wp-json\/wp\/v2\/types\/page"}],"author":[{"embeddable":true,"href":"https:\/\/zekiinsaatyapi.com\/index.php\/wp-json\/wp\/v2\/users\/1"}],"replies":[{"embeddable":true,"href":"https:\/\/zekiinsaatyapi.com\/index.php\/wp-json\/wp\/v2\/comments?post=3629"}],"version-history":[{"count":0,"href":"https:\/\/zekiinsaatyapi.com\/index.php\/wp-json\/wp\/v2\/pages\/3629\/revisions"}],"wp:attachment":[{"href":"https:\/\/zekiinsaatyapi.com\/index.php\/wp-json\/wp\/v2\/media?parent=3629"}],"curies":[{"name":"wp","href":"https:\/\/api.w.org\/{rel}","templated":true}]}}