{"id":3625,"date":"2025-12-19T21:40:24","date_gmt":"2025-12-19T21:40:24","guid":{"rendered":"https:\/\/zekiinsaatyapi.com\/index.php\/kalite-ve-ilkeler\/"},"modified":"2025-12-19T21:40:24","modified_gmt":"2025-12-19T21:40:24","slug":"kalite-ve-ilkeler","status":"publish","type":"page","link":"https:\/\/zekiinsaatyapi.com\/index.php\/kalite-ve-ilkeler\/","title":{"rendered":"Kalite ve \u0130lkeler"},"content":{"rendered":"<style type=\"text\/css\" data-created_by=\"avia_inline_auto\" id=\"style-css-av-av_one_third-96293d759f04aa348e271308ffe36196\">\n.flex_column.av-av_one_third-96293d759f04aa348e271308ffe36196{\nwidth:31.333333333333%;\npadding:15px 15px 15px 15px;\nbackground-color:#f2f2f2;\n}\n<\/style>\n<div  class='flex_column av-av_one_third-96293d759f04aa348e271308ffe36196 av_one_third  avia-builder-el-0  el_before_av_two_third  avia-builder-el-first  first flex_column_div  '     >\n<style type=\"text\/css\" data-created_by=\"avia_inline_auto\" id=\"style-css-av-av_textblock-969916c21fdb1e0890471e3abdc8178b\">\n#top .av_textblock_section.av-av_textblock-969916c21fdb1e0890471e3abdc8178b .avia_textblock{\nfont-size:16px;\ncolor:#000000;\n}\n<\/style>\n<section  class='av_textblock_section av-av_textblock-969916c21fdb1e0890471e3abdc8178b '   itemscope=\"itemscope\" itemtype=\"https:\/\/schema.org\/CreativeWork\" >\n<div class='avia_textblock av_inherit_color'  itemprop=\"text\" >\n<p><strong><a href=\"https:\/\/zekiinsaatyapi.com\/hakkimizda\">Zeki \u0130n\u015faat<\/a><\/strong><\/p>\n<p><strong><a href=\"https:\/\/zekiinsaatyapi.com\/kurucunun-mesaji\">Kurucunun Mesaj\u0131<\/a><\/strong><\/p>\n<p><strong><a href=\"https:\/\/zekiinsaatyapi.com\/kalite-ve-ilkeler\">Kalite ve \u0130lkeler<\/a><\/strong><\/p>\n<p><strong><a href=\"https:\/\/zekiinsaatyapi.com\/vizyon-ve-misyonumuz\">Vizyon ve Misyonumuz<\/a><\/strong><\/p>\n<p><strong><a href=\"https:\/\/zekiinsaatyapi.com\/cozum-ortaklarimiz\">\u00c7\u00f6z\u00fcm Ortaklar\u0131m\u0131z<\/a><\/strong><\/p>\n<\/div>\n<\/section>\n<\/div>\n<style type=\"text\/css\" data-created_by=\"avia_inline_auto\" id=\"style-css-av-av_two_third-4170da8ffa4cdb2c373fe71d3d7f8b3e\">\n.flex_column.av-av_two_third-4170da8ffa4cdb2c373fe71d3d7f8b3e{\nwidth:65.666666666667%;\nmargin-left:3%;\n}\n<\/style>\n<div  class='flex_column av-av_two_third-4170da8ffa4cdb2c373fe71d3d7f8b3e av_two_third  avia-builder-el-2  el_after_av_one_third  avia-builder-el-last  flex_column_div  '     >\n<p><style type=\"text\/css\" data-created_by=\"avia_inline_auto\" id=\"style-css-av-me3nh22n-6b797bafe1dee2d546f60a339d230ed5\">\n.avia-image-container.av-me3nh22n-6b797bafe1dee2d546f60a339d230ed5 img.avia_image{\nbox-shadow:none;\n}\n.avia-image-container.av-me3nh22n-6b797bafe1dee2d546f60a339d230ed5 .av-image-caption-overlay-center{\ncolor:#ffffff;\n}\n<\/style>\n<div  class='avia-image-container av-me3nh22n-6b797bafe1dee2d546f60a339d230ed5 av-styling- avia-align-center  avia-builder-el-3  el_before_av_heading  avia-builder-el-first '   itemprop=\"image\" itemscope=\"itemscope\" itemtype=\"https:\/\/schema.org\/ImageObject\" >\n<div class=\"avia-image-container-inner\">\n<div class=\"avia-image-overlay-wrap\"><img fetchpriority=\"high\" decoding=\"async\" fetchpriority=\"high\" class='wp-image-137 avia-img-lazy-loading-not-137 avia_image ' src=\"https:\/\/zekiinsaatyapi.com\/wp-content\/uploads\/kalite-ve-ilkeler.jpg\" alt='kaliteler, ilkeler, zeki in\u015faat, in\u015faat, m\u00fcteahhit,' title='kalite-ve-ilkeler'  height=\"500\" width=\"1200\"  itemprop=\"thumbnailUrl\" srcset=\"https:\/\/zekiinsaatyapi.com\/wp-content\/uploads\/kalite-ve-ilkeler.jpg 1200w, https:\/\/zekiinsaatyapi.com\/wp-content\/uploads\/kalite-ve-ilkeler-400x167.jpg 400w, https:\/\/zekiinsaatyapi.com\/wp-content\/uploads\/kalite-ve-ilkeler-1024x427.jpg 1024w, https:\/\/zekiinsaatyapi.com\/wp-content\/uploads\/kalite-ve-ilkeler-768x320.jpg 768w, https:\/\/zekiinsaatyapi.com\/wp-content\/uploads\/kalite-ve-ilkeler-705x294.jpg 705w\" sizes=\"(max-width: 1200px) 100vw, 1200px\" \/><\/div>\n<\/div>\n<\/div>\n<p><\/p>\n<style type=\"text\/css\" data-created_by=\"avia_inline_auto\" id=\"style-css-av-me3njrus-bd1d641e71c9a2aef566f1de817861d0\">\n#top .av-special-heading.av-me3njrus-bd1d641e71c9a2aef566f1de817861d0{\npadding-bottom:10px;\n}\nbody .av-special-heading.av-me3njrus-bd1d641e71c9a2aef566f1de817861d0 .av-special-heading-tag .heading-char{\nfont-size:25px;\n}\n.av-special-heading.av-me3njrus-bd1d641e71c9a2aef566f1de817861d0 .av-subheading{\nfont-size:15px;\n}\n<\/style>\n<div  class='av-special-heading av-me3njrus-bd1d641e71c9a2aef566f1de817861d0 av-special-heading-h3  avia-builder-el-4  el_after_av_image  el_before_av_textblock '>\n<h3 class='av-special-heading-tag '  itemprop=\"headline\"  >Kalite Y\u00f6netimi<\/h3>\n<div class=\"special-heading-border\">\n<div class=\"special-heading-inner-border\"><\/div>\n<\/div>\n<\/div>\n<p><\/p>\n<style type=\"text\/css\" data-created_by=\"avia_inline_auto\" id=\"style-css-av-me3njnr0-5dc3849c8fc918cdd23c7fbad5795458\">\n#top .av_textblock_section.av-me3njnr0-5dc3849c8fc918cdd23c7fbad5795458 .avia_textblock{\nfont-size:16px;\ncolor:#000000;\n}\n<\/style>\n<section  class='av_textblock_section av-me3njnr0-5dc3849c8fc918cdd23c7fbad5795458 '   itemscope=\"itemscope\" itemtype=\"https:\/\/schema.org\/CreativeWork\" >\n<div class='avia_textblock av_inherit_color'  itemprop=\"text\" >\n<p data-start=\"266\" data-end=\"604\">Zeki \u0130n\u015faat Yap\u0131 olarak, kaliteyi yaln\u0131zca bir hedef de\u011fil, s\u00fcrd\u00fcr\u00fclebilir ba\u015far\u0131n\u0131n vazge\u00e7ilmez bir unsuru olarak g\u00f6r\u00fcyoruz. Kalite y\u00f6netim sistemimiz, t\u00fcm s\u00fcre\u00e7lerimizi kapsayan b\u00fct\u00fcnsel bir yakla\u015f\u0131mla; \u00e7al\u0131\u015fanlar\u0131m\u0131zdan i\u015f ortaklar\u0131m\u0131za, tedarik\u00e7ilerimizden m\u00fc\u015fterilerimize kadar t\u00fcm payda\u015flar\u0131m\u0131z\u0131n kat\u0131l\u0131m\u0131yla hayata ge\u00e7irilmektedir.<\/p>\n<p data-start=\"606\" data-end=\"657\">Uygulad\u0131\u011f\u0131m\u0131z kalite y\u00f6netimi sistemleri sayesinde:<\/p>\n<ul data-start=\"659\" data-end=\"1258\">\n<li data-start=\"659\" data-end=\"757\">\n<p data-start=\"661\" data-end=\"757\">\u0130n\u015fa etti\u011fimiz t\u00fcm yap\u0131larda ve sundu\u011fumuz hizmetlerde <strong data-start=\"716\" data-end=\"743\">y\u00fcksek kalite standard\u0131<\/strong> sa\u011fl\u0131yoruz,<\/p>\n<\/li>\n<li data-start=\"758\" data-end=\"837\">\n<p data-start=\"760\" data-end=\"837\">S\u00fcre\u00e7 verimlili\u011fimizi art\u0131rarak <strong data-start=\"792\" data-end=\"834\">kaynaklar\u0131m\u0131z\u0131 daha etkin kullan\u0131yoruz<\/strong>,<\/p>\n<\/li>\n<li data-start=\"838\" data-end=\"925\">\n<p data-start=\"840\" data-end=\"925\">\u0130\u015f s\u00fcre\u00e7lerimizi s\u00fcrekli g\u00f6zden ge\u00e7irerek <strong data-start=\"882\" data-end=\"909\">operasyonel m\u00fckemmellik<\/strong> hedefliyoruz,<\/p>\n<\/li>\n<li data-start=\"926\" data-end=\"998\">\n<p data-start=\"928\" data-end=\"998\"><strong data-start=\"928\" data-end=\"948\">Rekabet g\u00fcc\u00fcm\u00fcz\u00fc<\/strong> art\u0131rarak pazardaki konumumuzu g\u00fc\u00e7lendiriyoruz,<\/p>\n<\/li>\n<li data-start=\"999\" data-end=\"1072\">\n<p data-start=\"1001\" data-end=\"1072\">\u00c7al\u0131\u015fanlar\u0131m\u0131za <strong data-start=\"1017\" data-end=\"1059\">nitelikli ve g\u00fcvenli \u00e7al\u0131\u015fma ortamlar\u0131<\/strong> sunuyoruz,<\/p>\n<\/li>\n<li data-start=\"1073\" data-end=\"1168\">\n<p data-start=\"1075\" data-end=\"1168\">M\u00fc\u015fterilerimizin beklentilerini a\u015fmay\u0131 hedefleyerek <strong data-start=\"1127\" data-end=\"1155\">memnuniyet odakl\u0131 hizmet<\/strong> sunuyoruz,<\/p>\n<\/li>\n<li data-start=\"1169\" data-end=\"1258\">\n<p data-start=\"1171\" data-end=\"1258\">Tedarik\u00e7ilerimizle i\u015f birli\u011fi i\u00e7inde kalite anlay\u0131\u015f\u0131m\u0131z\u0131 <strong data-start=\"1228\" data-end=\"1257\">de\u011fer zincirine yay\u0131yoruz<\/strong>.<\/p>\n<\/li>\n<\/ul>\n<\/div>\n<\/section>\n<p><\/p>\n<style type=\"text\/css\" data-created_by=\"avia_inline_auto\" id=\"style-css-av-me3njyhf-1bed8d67caed95f34d6852bf3cc72152\">\n#top .av-special-heading.av-me3njyhf-1bed8d67caed95f34d6852bf3cc72152{\npadding-bottom:10px;\n}\nbody .av-special-heading.av-me3njyhf-1bed8d67caed95f34d6852bf3cc72152 .av-special-heading-tag .heading-char{\nfont-size:25px;\n}\n.av-special-heading.av-me3njyhf-1bed8d67caed95f34d6852bf3cc72152 .av-subheading{\nfont-size:15px;\n}\n<\/style>\n<div  class='av-special-heading av-me3njyhf-1bed8d67caed95f34d6852bf3cc72152 av-special-heading-h3  avia-builder-el-6  el_after_av_textblock  el_before_av_textblock '>\n<h3 class='av-special-heading-tag '  itemprop=\"headline\"  >Kalite \u0130lkelerimiz<\/h3>\n<div class=\"special-heading-border\">\n<div class=\"special-heading-inner-border\"><\/div>\n<\/div>\n<\/div>\n<p><\/p>\n<style type=\"text\/css\" data-created_by=\"avia_inline_auto\" id=\"style-css-av-me3nk73y-d496f1d07614f037bf58b9c356e1c9da\">\n#top .av_textblock_section.av-me3nk73y-d496f1d07614f037bf58b9c356e1c9da .avia_textblock{\nfont-size:16px;\ncolor:#000000;\n}\n<\/style>\n<section  class='av_textblock_section av-me3nk73y-d496f1d07614f037bf58b9c356e1c9da '   itemscope=\"itemscope\" itemtype=\"https:\/\/schema.org\/CreativeWork\" >\n<div class='avia_textblock av_inherit_color'  itemprop=\"text\" >\n<p data-start=\"1292\" data-end=\"1383\">Kurumsal yap\u0131m\u0131z\u0131n temelini olu\u015fturan kalite anlay\u0131\u015f\u0131m\u0131z, a\u015fa\u011f\u0131daki ilkelere dayanmaktad\u0131r:<\/p>\n<ul data-start=\"1385\" data-end=\"1880\">\n<li data-start=\"1385\" data-end=\"1441\">\n<p data-start=\"1387\" data-end=\"1441\">Verdi\u011fimiz s\u00f6zleri <strong data-start=\"1406\" data-end=\"1438\">kararl\u0131l\u0131kla yerine getirmek<\/strong>,<\/p>\n<\/li>\n<li data-start=\"1442\" data-end=\"1519\">\n<p data-start=\"1444\" data-end=\"1519\">S\u00fcrekli geli\u015fimi esas alarak <strong data-start=\"1473\" data-end=\"1516\">teknolojiden en \u00fcst d\u00fczeyde faydalanmak<\/strong>,<\/p>\n<\/li>\n<li data-start=\"1520\" data-end=\"1577\">\n<p data-start=\"1522\" data-end=\"1577\"><strong data-start=\"1522\" data-end=\"1541\">\u00c7evreye duyarl\u0131<\/strong>, s\u00fcrd\u00fcr\u00fclebilir \u00e7\u00f6z\u00fcmler \u00fcretmek,<\/p>\n<\/li>\n<li data-start=\"1578\" data-end=\"1656\">\n<p data-start=\"1580\" data-end=\"1656\">Yap\u0131lar\u0131m\u0131zda <strong data-start=\"1594\" data-end=\"1642\">\u00f6zg\u00fcn, fonksiyonel ve \u00e7a\u011fda\u015f mimari \u00e7izgiler<\/strong> olu\u015fturmak,<\/p>\n<\/li>\n<li data-start=\"1657\" data-end=\"1733\">\n<p data-start=\"1659\" data-end=\"1733\">T\u00fcm payda\u015flar\u0131m\u0131zla <strong data-start=\"1679\" data-end=\"1694\">kazan-kazan<\/strong> esas\u0131na dayal\u0131 i\u015f birlikleri kurmak,<\/p>\n<\/li>\n<li data-start=\"1734\" data-end=\"1780\">\n<p data-start=\"1736\" data-end=\"1780\"><strong data-start=\"1736\" data-end=\"1768\">Ko\u015fulsuz m\u00fc\u015fteri memnuniyeti<\/strong> sa\u011flamak,<\/p>\n<\/li>\n<li data-start=\"1781\" data-end=\"1880\">\n<p data-start=\"1783\" data-end=\"1880\">\u201c<strong data-start=\"1784\" data-end=\"1811\">Kalite detayda gizlidir<\/strong>\u201d anlay\u0131\u015f\u0131yla her projede en ince ayr\u0131nt\u0131ya kadar titizlik g\u00f6stermek.<\/p>\n<\/li>\n<\/ul>\n<\/div>\n<\/section>\n<p><\/p>\n<style type=\"text\/css\" data-created_by=\"avia_inline_auto\" id=\"style-css-av-av_image-f1ed7883f2c9aa3868dbf457d7d16753\">\n.avia-image-container.av-av_image-f1ed7883f2c9aa3868dbf457d7d16753 img.avia_image{\nbox-shadow:none;\n}\n.avia-image-container.av-av_image-f1ed7883f2c9aa3868dbf457d7d16753 .av-image-caption-overlay-center{\ncolor:#ffffff;\n}\n<\/style>\n<div  class='avia-image-container av-av_image-f1ed7883f2c9aa3868dbf457d7d16753 av-styling- avia-align-center  avia-builder-el-8  el_after_av_textblock  avia-builder-el-last '   itemprop=\"image\" itemscope=\"itemscope\" itemtype=\"https:\/\/schema.org\/ImageObject\" >\n<div class=\"avia-image-container-inner\">\n<div class=\"avia-image-overlay-wrap\"><img fetchpriority=\"high\" decoding=\"async\" fetchpriority=\"high\" class='wp-image-124 avia-img-lazy-loading-not-124 avia_image ' src=\"https:\/\/zekiinsaatyapi.com\/wp-content\/uploads\/82384.jpg\" alt='in\u015faat, in\u015faat \u015firketi, in\u015faat firmas\u0131, istanbul in\u015faat firmalar\u0131, in\u015faat projeleri, kentsel d\u00f6n\u00fc\u015f\u00fcm, kat kar\u015f\u0131l\u0131\u011f\u0131 in\u015faat, taahh\u00fct in\u015faat,' title='in\u015faat, in\u015faat \u015firketi, in\u015faat firmas\u0131, istanbul in\u015faat firmalar\u0131, in\u015faat projeleri, kentsel d\u00f6n\u00fc\u015f\u00fcm, kat kar\u015f\u0131l\u0131\u011f\u0131 in\u015faat, taahh\u00fct in\u015faat,'  height=\"1121\" width=\"2000\"  itemprop=\"thumbnailUrl\" srcset=\"https:\/\/zekiinsaatyapi.com\/wp-content\/uploads\/82384.jpg 2000w, https:\/\/zekiinsaatyapi.com\/wp-content\/uploads\/82384-400x224.jpg 400w, https:\/\/zekiinsaatyapi.com\/wp-content\/uploads\/82384-1024x574.jpg 1024w, https:\/\/zekiinsaatyapi.com\/wp-content\/uploads\/82384-768x430.jpg 768w, https:\/\/zekiinsaatyapi.com\/wp-content\/uploads\/82384-1536x861.jpg 1536w, https:\/\/zekiinsaatyapi.com\/wp-content\/uploads\/82384-1500x841.jpg 1500w, https:\/\/zekiinsaatyapi.com\/wp-content\/uploads\/82384-705x395.jpg 705w\" sizes=\"(max-width: 2000px) 100vw, 2000px\" \/><\/div>\n<\/div>\n<\/div>\n<\/div>\n","protected":false},"excerpt":{"rendered":"<p>Zeki \u0130n\u015faat Kurucunun Mesaj\u0131 Kalite ve \u0130lkeler Vizyon ve Misyonumuz \u00c7\u00f6z\u00fcm Ortaklar\u0131m\u0131z Kalite Y\u00f6netimi Zeki \u0130n\u015faat Yap\u0131 olarak, kaliteyi yaln\u0131zca bir hedef de\u011fil, s\u00fcrd\u00fcr\u00fclebilir ba\u015far\u0131n\u0131n vazge\u00e7ilmez bir unsuru olarak g\u00f6r\u00fcyoruz. Kalite y\u00f6netim sistemimiz, t\u00fcm s\u00fcre\u00e7lerimizi kapsayan b\u00fct\u00fcnsel bir yakla\u015f\u0131mla; \u00e7al\u0131\u015fanlar\u0131m\u0131zdan i\u015f ortaklar\u0131m\u0131za, tedarik\u00e7ilerimizden m\u00fc\u015fterilerimize kadar t\u00fcm payda\u015flar\u0131m\u0131z\u0131n kat\u0131l\u0131m\u0131yla hayata ge\u00e7irilmektedir. Uygulad\u0131\u011f\u0131m\u0131z kalite y\u00f6netimi sistemleri sayesinde:&#8230;<\/p>\n","protected":false},"author":1,"featured_media":0,"parent":0,"menu_order":0,"comment_status":"closed","ping_status":"closed","template":"","meta":{"_monsterinsights_skip_tracking":false,"_monsterinsights_sitenote_active":false,"_monsterinsights_sitenote_note":"","_monsterinsights_sitenote_category":0,"footnotes":""},"class_list":["post-3625","page","type-page","status-publish","hentry","page--item"],"aioseo_notices":[],"_links":{"self":[{"href":"https:\/\/zekiinsaatyapi.com\/index.php\/wp-json\/wp\/v2\/pages\/3625","targetHints":{"allow":["GET"]}}],"collection":[{"href":"https:\/\/zekiinsaatyapi.com\/index.php\/wp-json\/wp\/v2\/pages"}],"about":[{"href":"https:\/\/zekiinsaatyapi.com\/index.php\/wp-json\/wp\/v2\/types\/page"}],"author":[{"embeddable":true,"href":"https:\/\/zekiinsaatyapi.com\/index.php\/wp-json\/wp\/v2\/users\/1"}],"replies":[{"embeddable":true,"href":"https:\/\/zekiinsaatyapi.com\/index.php\/wp-json\/wp\/v2\/comments?post=3625"}],"version-history":[{"count":0,"href":"https:\/\/zekiinsaatyapi.com\/index.php\/wp-json\/wp\/v2\/pages\/3625\/revisions"}],"wp:attachment":[{"href":"https:\/\/zekiinsaatyapi.com\/index.php\/wp-json\/wp\/v2\/media?parent=3625"}],"curies":[{"name":"wp","href":"https:\/\/api.w.org\/{rel}","templated":true}]}}