{"id":3623,"date":"2025-12-19T21:40:24","date_gmt":"2025-12-19T21:40:24","guid":{"rendered":"https:\/\/zekiinsaatyapi.com\/index.php\/vizyon-ve-misyonumuz\/"},"modified":"2025-12-19T21:40:24","modified_gmt":"2025-12-19T21:40:24","slug":"vizyon-ve-misyonumuz","status":"publish","type":"page","link":"https:\/\/zekiinsaatyapi.com\/index.php\/vizyon-ve-misyonumuz\/","title":{"rendered":"Vizyon ve Misyonumuz"},"content":{"rendered":"<style type=\"text\/css\" data-created_by=\"avia_inline_auto\" id=\"style-css-av-av_one_third-96293d759f04aa348e271308ffe36196\">\n.flex_column.av-av_one_third-96293d759f04aa348e271308ffe36196{\nwidth:31.333333333333%;\npadding:15px 15px 15px 15px;\nbackground-color:#f2f2f2;\n}\n<\/style>\n<div  class='flex_column av-av_one_third-96293d759f04aa348e271308ffe36196 av_one_third  avia-builder-el-0  el_before_av_two_third  avia-builder-el-first  first flex_column_div  '     >\n<style type=\"text\/css\" data-created_by=\"avia_inline_auto\" id=\"style-css-av-av_textblock-969916c21fdb1e0890471e3abdc8178b\">\n#top .av_textblock_section.av-av_textblock-969916c21fdb1e0890471e3abdc8178b .avia_textblock{\nfont-size:16px;\ncolor:#000000;\n}\n<\/style>\n<section  class='av_textblock_section av-av_textblock-969916c21fdb1e0890471e3abdc8178b '   itemscope=\"itemscope\" itemtype=\"https:\/\/schema.org\/CreativeWork\" >\n<div class='avia_textblock av_inherit_color'  itemprop=\"text\" >\n<p><strong><a href=\"https:\/\/zekiinsaatyapi.com\/hakkimizda\">Zeki \u0130n\u015faat<\/a><\/strong><\/p>\n<p><strong><a href=\"https:\/\/zekiinsaatyapi.com\/kurucunun-mesaji\">Kurucunun Mesaj\u0131<\/a><\/strong><\/p>\n<p><strong><a href=\"https:\/\/zekiinsaatyapi.com\/kalite-ve-ilkeler\">Kalite ve \u0130lkeler<\/a><\/strong><\/p>\n<p><strong><a href=\"https:\/\/zekiinsaatyapi.com\/vizyon-ve-misyonumuz\">Vizyon ve Misyonumuz<\/a><\/strong><\/p>\n<p><strong><a href=\"https:\/\/zekiinsaatyapi.com\/cozum-ortaklarimiz\">\u00c7\u00f6z\u00fcm Ortaklar\u0131m\u0131z<\/a><\/strong><\/p>\n<\/div>\n<\/section>\n<\/div>\n<style type=\"text\/css\" data-created_by=\"avia_inline_auto\" id=\"style-css-av-av_two_third-4170da8ffa4cdb2c373fe71d3d7f8b3e\">\n.flex_column.av-av_two_third-4170da8ffa4cdb2c373fe71d3d7f8b3e{\nwidth:65.666666666667%;\nmargin-left:3%;\n}\n<\/style>\n<div  class='flex_column av-av_two_third-4170da8ffa4cdb2c373fe71d3d7f8b3e av_two_third  avia-builder-el-2  el_after_av_one_third  avia-builder-el-last  flex_column_div  '     >\n<p><style type=\"text\/css\" data-created_by=\"avia_inline_auto\" id=\"style-css-av-me3nlc65-8728d2aae41f8a0ad18f67d734a93fac\">\n.avia-image-container.av-me3nlc65-8728d2aae41f8a0ad18f67d734a93fac img.avia_image{\nbox-shadow:none;\n}\n.avia-image-container.av-me3nlc65-8728d2aae41f8a0ad18f67d734a93fac .av-image-caption-overlay-center{\ncolor:#ffffff;\n}\n<\/style>\n<div  class='avia-image-container av-me3nlc65-8728d2aae41f8a0ad18f67d734a93fac av-styling- avia-align-center  avia-builder-el-3  el_before_av_heading  avia-builder-el-first '   itemprop=\"image\" itemscope=\"itemscope\" itemtype=\"https:\/\/schema.org\/ImageObject\" >\n<div class=\"avia-image-container-inner\">\n<div class=\"avia-image-overlay-wrap\"><img fetchpriority=\"high\" decoding=\"async\" fetchpriority=\"high\" class='wp-image-139 avia-img-lazy-loading-not-139 avia_image ' src=\"https:\/\/zekiinsaatyapi.com\/wp-content\/uploads\/vizyon-ve-misyonumuz.jpg\" alt='vizyonumuz, misyonumuz, zeki in\u015faat, in\u015faat, m\u00fcteahhit,' title='vizyon-ve-misyonumuz'  height=\"500\" width=\"1200\"  itemprop=\"thumbnailUrl\" srcset=\"https:\/\/zekiinsaatyapi.com\/wp-content\/uploads\/vizyon-ve-misyonumuz.jpg 1200w, https:\/\/zekiinsaatyapi.com\/wp-content\/uploads\/vizyon-ve-misyonumuz-400x167.jpg 400w, https:\/\/zekiinsaatyapi.com\/wp-content\/uploads\/vizyon-ve-misyonumuz-1024x427.jpg 1024w, https:\/\/zekiinsaatyapi.com\/wp-content\/uploads\/vizyon-ve-misyonumuz-768x320.jpg 768w, https:\/\/zekiinsaatyapi.com\/wp-content\/uploads\/vizyon-ve-misyonumuz-705x294.jpg 705w\" sizes=\"(max-width: 1200px) 100vw, 1200px\" \/><\/div>\n<\/div>\n<\/div>\n<p><\/p>\n<style type=\"text\/css\" data-created_by=\"avia_inline_auto\" id=\"style-css-av-me3nlex9-15e9a23f9688eb3d1f334c0a8c77618a\">\n#top .av-special-heading.av-me3nlex9-15e9a23f9688eb3d1f334c0a8c77618a{\npadding-bottom:10px;\n}\nbody .av-special-heading.av-me3nlex9-15e9a23f9688eb3d1f334c0a8c77618a .av-special-heading-tag .heading-char{\nfont-size:25px;\n}\n.av-special-heading.av-me3nlex9-15e9a23f9688eb3d1f334c0a8c77618a .av-subheading{\nfont-size:15px;\n}\n<\/style>\n<div  class='av-special-heading av-me3nlex9-15e9a23f9688eb3d1f334c0a8c77618a av-special-heading-h3  avia-builder-el-4  el_after_av_image  el_before_av_textblock '>\n<h3 class='av-special-heading-tag '  itemprop=\"headline\"  >Vizyonumuz<\/h3>\n<div class=\"special-heading-border\">\n<div class=\"special-heading-inner-border\"><\/div>\n<\/div>\n<\/div>\n<p><\/p>\n<style type=\"text\/css\" data-created_by=\"avia_inline_auto\" id=\"style-css-av-me3nn49w-346ff1ee11097a1df12f185737ba0360\">\n#top .av_textblock_section.av-me3nn49w-346ff1ee11097a1df12f185737ba0360 .avia_textblock{\nfont-size:16px;\ncolor:#000000;\n}\n<\/style>\n<section  class='av_textblock_section av-me3nn49w-346ff1ee11097a1df12f185737ba0360 '   itemscope=\"itemscope\" itemtype=\"https:\/\/schema.org\/CreativeWork\" >\n<div class='avia_textblock av_inherit_color'  itemprop=\"text\" >\n<p data-start=\"277\" data-end=\"635\">Sekt\u00f6rdeki lider firmalar aras\u0131nda yer almak ve in\u015faat, taahh\u00fct ve dekorasyon alanlar\u0131nda \u00f6rnek g\u00f6sterilen projeler \u00fcretmek. S\u00fcrekli geli\u015fimi ilke edinerek \u00e7al\u0131\u015fanlar\u0131m\u0131z\u0131 e\u011fitmek, kurumsal yap\u0131m\u0131z\u0131 g\u00fc\u00e7lendirmek ve \u00fclkemizin yap\u0131 sekt\u00f6r\u00fcne de\u011fer katmak temel vizyonumuzdur.<\/p>\n<\/div>\n<\/section>\n<p><\/p>\n<style type=\"text\/css\" data-created_by=\"avia_inline_auto\" id=\"style-css-av-me3nnegs-ee89434c3612e65dbbaf351bd23c913c\">\n#top .av-special-heading.av-me3nnegs-ee89434c3612e65dbbaf351bd23c913c{\npadding-bottom:10px;\n}\nbody .av-special-heading.av-me3nnegs-ee89434c3612e65dbbaf351bd23c913c .av-special-heading-tag .heading-char{\nfont-size:25px;\n}\n.av-special-heading.av-me3nnegs-ee89434c3612e65dbbaf351bd23c913c .av-subheading{\nfont-size:15px;\n}\n<\/style>\n<div  class='av-special-heading av-me3nnegs-ee89434c3612e65dbbaf351bd23c913c av-special-heading-h3  avia-builder-el-6  el_after_av_textblock  el_before_av_textblock '>\n<h3 class='av-special-heading-tag '  itemprop=\"headline\"  >Misyonumuz<\/h3>\n<div class=\"special-heading-border\">\n<div class=\"special-heading-inner-border\"><\/div>\n<\/div>\n<\/div>\n<p><\/p>\n<style type=\"text\/css\" data-created_by=\"avia_inline_auto\" id=\"style-css-av-me3nnlib-bc14845d860e341ccc843adffcd4bc76\">\n#top .av_textblock_section.av-me3nnlib-bc14845d860e341ccc843adffcd4bc76 .avia_textblock{\nfont-size:16px;\ncolor:#000000;\n}\n<\/style>\n<section  class='av_textblock_section av-me3nnlib-bc14845d860e341ccc843adffcd4bc76 '   itemscope=\"itemscope\" itemtype=\"https:\/\/schema.org\/CreativeWork\" >\n<div class='avia_textblock av_inherit_color'  itemprop=\"text\" >\n<p data-start=\"277\" data-end=\"635\">Zeki \u0130n\u015faat Yap\u0131 olarak misyonumuz; in\u015faat ve dekorasyon sekt\u00f6r\u00fcnde yenilikleri ve teknolojik geli\u015fmeleri yak\u0131ndan takip ederek, m\u00fc\u015fterilerimize g\u00fcvenilir, kaliteli ve ekonomik \u00e7\u00f6z\u00fcmler sunmakt\u0131r. Uzman kadromuz, deneyimli ustalar\u0131m\u0131z ve yarat\u0131c\u0131 mimarlar\u0131m\u0131zla birlikte, y\u00fcksek m\u00fc\u015fteri memnuniyeti sa\u011flayan s\u00fcrd\u00fcr\u00fclebilir projelere imza atmay\u0131 hedeflemekteyiz.<\/p>\n<\/div>\n<\/section>\n<p><\/p>\n<style type=\"text\/css\" data-created_by=\"avia_inline_auto\" id=\"style-css-av-av_image-f1ed7883f2c9aa3868dbf457d7d16753\">\n.avia-image-container.av-av_image-f1ed7883f2c9aa3868dbf457d7d16753 img.avia_image{\nbox-shadow:none;\n}\n.avia-image-container.av-av_image-f1ed7883f2c9aa3868dbf457d7d16753 .av-image-caption-overlay-center{\ncolor:#ffffff;\n}\n<\/style>\n<div  class='avia-image-container av-av_image-f1ed7883f2c9aa3868dbf457d7d16753 av-styling- avia-align-center  avia-builder-el-8  el_after_av_textblock  avia-builder-el-last '   itemprop=\"image\" itemscope=\"itemscope\" itemtype=\"https:\/\/schema.org\/ImageObject\" >\n<div class=\"avia-image-container-inner\">\n<div class=\"avia-image-overlay-wrap\"><img fetchpriority=\"high\" decoding=\"async\" fetchpriority=\"high\" class='wp-image-124 avia-img-lazy-loading-not-124 avia_image ' src=\"https:\/\/zekiinsaatyapi.com\/wp-content\/uploads\/82384.jpg\" alt='in\u015faat, in\u015faat \u015firketi, in\u015faat firmas\u0131, istanbul in\u015faat firmalar\u0131, in\u015faat projeleri, kentsel d\u00f6n\u00fc\u015f\u00fcm, kat kar\u015f\u0131l\u0131\u011f\u0131 in\u015faat, taahh\u00fct in\u015faat,' title='in\u015faat, in\u015faat \u015firketi, in\u015faat firmas\u0131, istanbul in\u015faat firmalar\u0131, in\u015faat projeleri, kentsel d\u00f6n\u00fc\u015f\u00fcm, kat kar\u015f\u0131l\u0131\u011f\u0131 in\u015faat, taahh\u00fct in\u015faat,'  height=\"1121\" width=\"2000\"  itemprop=\"thumbnailUrl\" srcset=\"https:\/\/zekiinsaatyapi.com\/wp-content\/uploads\/82384.jpg 2000w, https:\/\/zekiinsaatyapi.com\/wp-content\/uploads\/82384-400x224.jpg 400w, https:\/\/zekiinsaatyapi.com\/wp-content\/uploads\/82384-1024x574.jpg 1024w, https:\/\/zekiinsaatyapi.com\/wp-content\/uploads\/82384-768x430.jpg 768w, https:\/\/zekiinsaatyapi.com\/wp-content\/uploads\/82384-1536x861.jpg 1536w, https:\/\/zekiinsaatyapi.com\/wp-content\/uploads\/82384-1500x841.jpg 1500w, https:\/\/zekiinsaatyapi.com\/wp-content\/uploads\/82384-705x395.jpg 705w\" sizes=\"(max-width: 2000px) 100vw, 2000px\" \/><\/div>\n<\/div>\n<\/div>\n<\/div>\n","protected":false},"excerpt":{"rendered":"<p>Zeki \u0130n\u015faat Kurucunun Mesaj\u0131 Kalite ve \u0130lkeler Vizyon ve Misyonumuz \u00c7\u00f6z\u00fcm Ortaklar\u0131m\u0131z Vizyonumuz Sekt\u00f6rdeki lider firmalar aras\u0131nda yer almak ve in\u015faat, taahh\u00fct ve dekorasyon alanlar\u0131nda \u00f6rnek g\u00f6sterilen projeler \u00fcretmek. S\u00fcrekli geli\u015fimi ilke edinerek \u00e7al\u0131\u015fanlar\u0131m\u0131z\u0131 e\u011fitmek, kurumsal yap\u0131m\u0131z\u0131 g\u00fc\u00e7lendirmek ve \u00fclkemizin yap\u0131 sekt\u00f6r\u00fcne de\u011fer katmak temel vizyonumuzdur. Misyonumuz Zeki \u0130n\u015faat Yap\u0131 olarak misyonumuz; in\u015faat ve dekorasyon&#8230;<\/p>\n","protected":false},"author":1,"featured_media":0,"parent":0,"menu_order":0,"comment_status":"closed","ping_status":"closed","template":"","meta":{"_monsterinsights_skip_tracking":false,"_monsterinsights_sitenote_active":false,"_monsterinsights_sitenote_note":"","_monsterinsights_sitenote_category":0,"footnotes":""},"class_list":["post-3623","page","type-page","status-publish","hentry","page--item"],"aioseo_notices":[],"_links":{"self":[{"href":"https:\/\/zekiinsaatyapi.com\/index.php\/wp-json\/wp\/v2\/pages\/3623","targetHints":{"allow":["GET"]}}],"collection":[{"href":"https:\/\/zekiinsaatyapi.com\/index.php\/wp-json\/wp\/v2\/pages"}],"about":[{"href":"https:\/\/zekiinsaatyapi.com\/index.php\/wp-json\/wp\/v2\/types\/page"}],"author":[{"embeddable":true,"href":"https:\/\/zekiinsaatyapi.com\/index.php\/wp-json\/wp\/v2\/users\/1"}],"replies":[{"embeddable":true,"href":"https:\/\/zekiinsaatyapi.com\/index.php\/wp-json\/wp\/v2\/comments?post=3623"}],"version-history":[{"count":0,"href":"https:\/\/zekiinsaatyapi.com\/index.php\/wp-json\/wp\/v2\/pages\/3623\/revisions"}],"wp:attachment":[{"href":"https:\/\/zekiinsaatyapi.com\/index.php\/wp-json\/wp\/v2\/media?parent=3623"}],"curies":[{"name":"wp","href":"https:\/\/api.w.org\/{rel}","templated":true}]}}