{"id":3621,"date":"2025-12-19T21:40:24","date_gmt":"2025-12-19T21:40:24","guid":{"rendered":"https:\/\/zekiinsaatyapi.com\/index.php\/cozum-ortaklarimiz\/"},"modified":"2026-02-13T12:04:56","modified_gmt":"2026-02-13T12:04:56","slug":"cozum-ortaklarimiz","status":"publish","type":"page","link":"https:\/\/zekiinsaatyapi.com\/index.php\/cozum-ortaklarimiz\/","title":{"rendered":"\u00c7\u00f6z\u00fcm Ortaklar\u0131m\u0131z"},"content":{"rendered":"<style type=\"text\/css\" data-created_by=\"avia_inline_auto\" id=\"style-css-av-av_one_third-96293d759f04aa348e271308ffe36196\">\n.flex_column.av-av_one_third-96293d759f04aa348e271308ffe36196{<br \/>\nwidth:31.333333333333%;<br \/>\npadding:15px 15px 15px 15px;<br \/>\nbackground-color:#f2f2f2;<br \/>\n}<br \/>\n<\/style>\n<div class=\"flex_column av-av_one_third-96293d759f04aa348e271308ffe36196 av_one_third  avia-builder-el-0  el_before_av_two_third  avia-builder-el-first  first flex_column_div  \">\n<style type=\"text\/css\" data-created_by=\"avia_inline_auto\" id=\"style-css-av-av_textblock-969916c21fdb1e0890471e3abdc8178b\">\n#top .av_textblock_section.av-av_textblock-969916c21fdb1e0890471e3abdc8178b .avia_textblock{<br \/>\nfont-size:16px;<br \/>\ncolor:#000000;<br \/>\n}<br \/>\n<\/style>\n<section class=\"av_textblock_section av-av_textblock-969916c21fdb1e0890471e3abdc8178b \">\n<div class=\"avia_textblock av_inherit_color\">\n<p><strong><a href=\"https:\/\/zekiinsaatyapi.com\/hakkimizda\">Zeki \u0130n\u015faat<\/a><\/strong><\/p>\n<p><strong><a href=\"https:\/\/zekiinsaatyapi.com\/kurucunun-mesaji\">Kurucunun Mesaj\u0131<\/a><\/strong><\/p>\n<p><strong><a href=\"https:\/\/zekiinsaatyapi.com\/kalite-ve-ilkeler\">Kalite ve \u0130lkeler<\/a><\/strong><\/p>\n<p><strong><a href=\"https:\/\/zekiinsaatyapi.com\/vizyon-ve-misyonumuz\">Vizyon ve Misyonumuz<\/a><\/strong><\/p>\n<p><strong><a href=\"https:\/\/zekiinsaatyapi.com\/cozum-ortaklarimiz\">\u00c7\u00f6z\u00fcm Ortaklar\u0131m\u0131z<\/a><\/strong><\/p>\n<\/div>\n<\/section>\n<\/div>\n<style type=\"text\/css\" data-created_by=\"avia_inline_auto\" id=\"style-css-av-av_two_third-4170da8ffa4cdb2c373fe71d3d7f8b3e\">\n.flex_column.av-av_two_third-4170da8ffa4cdb2c373fe71d3d7f8b3e{<br \/>\nwidth:65.666666666667%;<br \/>\nmargin-left:3%;<br \/>\n}<br \/>\n<\/style>\n<div class=\"flex_column av-av_two_third-4170da8ffa4cdb2c373fe71d3d7f8b3e av_two_third  avia-builder-el-2  el_after_av_one_third  avia-builder-el-last  flex_column_div  \">\n<style type=\"text\/css\" data-created_by=\"avia_inline_auto\" id=\"style-css-av-me3noszj-88619f9e91bb7a1a25710c6504aba82c\">\n.avia-image-container.av-me3noszj-88619f9e91bb7a1a25710c6504aba82c img.avia_image{<br \/>\nbox-shadow:none;<br \/>\n}<br \/>\n.avia-image-container.av-me3noszj-88619f9e91bb7a1a25710c6504aba82c .av-image-caption-overlay-center{<br \/>\ncolor:#ffffff;<br \/>\n}<br \/>\n<\/style>\n<div class=\"avia-image-container av-me3noszj-88619f9e91bb7a1a25710c6504aba82c av-styling- avia-align-center  avia-builder-el-3  el_before_av_heading  avia-builder-el-first \">\n<div class=\"avia-image-container-inner\">\n<div class=\"avia-image-overlay-wrap\"><img fetchpriority=\"high\" decoding=\"async\" class=\"wp-image-136 avia-img-lazy-loading-not-136 avia_image \" title=\"cozum-ortaklarimiz-2\" src=\"https:\/\/zekiinsaatyapi.com\/wp-content\/uploads\/cozum-ortaklarimiz-2.jpg\" sizes=\"(max-width: 1200px) 100vw, 1200px\" srcset=\"https:\/\/zekiinsaatyapi.com\/wp-content\/uploads\/cozum-ortaklarimiz-2.jpg 1200w, https:\/\/zekiinsaatyapi.com\/wp-content\/uploads\/cozum-ortaklarimiz-2-400x167.jpg 400w, https:\/\/zekiinsaatyapi.com\/wp-content\/uploads\/cozum-ortaklarimiz-2-1024x427.jpg 1024w, https:\/\/zekiinsaatyapi.com\/wp-content\/uploads\/cozum-ortaklarimiz-2-768x320.jpg 768w, https:\/\/zekiinsaatyapi.com\/wp-content\/uploads\/cozum-ortaklarimiz-2-705x294.jpg 705w\" alt=\"\u00e7\u00f6z\u00fcm ortaklar\u0131m\u0131z, zeki in\u015faat, in\u015faat, m\u00fcteahhit,\" width=\"1200\" height=\"500\" \/><\/div>\n<\/div>\n<\/div>\n<style type=\"text\/css\" data-created_by=\"avia_inline_auto\" id=\"style-css-av-me3noyfw-ac726580f53f0c15c45e31d02d20ec15\">\n#top .av-special-heading.av-me3noyfw-ac726580f53f0c15c45e31d02d20ec15{<br \/>\npadding-bottom:10px;<br \/>\n}<br \/>\nbody .av-special-heading.av-me3noyfw-ac726580f53f0c15c45e31d02d20ec15 .av-special-heading-tag .heading-char{<br \/>\nfont-size:25px;<br \/>\n}<br \/>\n.av-special-heading.av-me3noyfw-ac726580f53f0c15c45e31d02d20ec15 .av-subheading{<br \/>\nfont-size:15px;<br \/>\n}<br \/>\n<\/style>\n<div class=\"av-special-heading av-me3noyfw-ac726580f53f0c15c45e31d02d20ec15 av-special-heading-h3  avia-builder-el-4  el_after_av_image  el_before_av_textblock \">\n<h3 class=\"av-special-heading-tag \">\u00c7\u00f6z\u00fcm Ortaklar\u0131m\u0131z<\/h3>\n<div class=\"special-heading-border\">\n<div class=\"special-heading-inner-border\"><\/div>\n<\/div>\n<\/div>\n<style type=\"text\/css\" data-created_by=\"avia_inline_auto\" id=\"style-css-av-me3ns15c-5dcd26a7ab1e52a55a7fc538eb9fe5a9\">\n#top .av_textblock_section.av-me3ns15c-5dcd26a7ab1e52a55a7fc538eb9fe5a9 .avia_textblock{<br \/>\nfont-size:16px;<br \/>\ncolor:#000000;<br \/>\n}<br \/>\n<\/style>\n<section class=\"av_textblock_section av-me3ns15c-5dcd26a7ab1e52a55a7fc538eb9fe5a9 \">\n<div class=\"avia_textblock av_inherit_color\">\n<p data-start=\"277\" data-end=\"635\">Zeki \u0130n\u015faat olarak in\u015faatlar\u0131m\u0131zda birlikte \u00e7al\u0131\u015ft\u0131\u011f\u0131m\u0131z \u00c7\u00f6z\u00fcm Ortaklar\u0131m\u0131z\u0131 bu sayfam\u0131zdan inceleyebilir ve \u00e7\u00f6z\u00fcm orta\u011f\u0131m\u0131z olmak i\u00e7in bizlere ula\u015fabilirsiniz.<\/p>\n<p data-start=\"277\" data-end=\"635\">Baz\u0131 \u00e7\u00f6z\u00fcm ortaklar\u0131m\u0131z;<\/p>\n<p style=\"text-align: center;\" data-start=\"277\" data-end=\"635\"><strong>Siemens &#8211; Bosch &#8211; LineaDecor &#8211; Intema Mutfak\u00a0<\/strong><\/p>\n<p style=\"text-align: center;\" data-start=\"277\" data-end=\"635\"><strong>Franke &#8211; Artema &#8211; <\/strong><strong>Vitra &#8211; <\/strong><strong>\u00c7anakkale Seramik\u00a0<\/strong><\/p>\n<p style=\"text-align: center;\" data-start=\"277\" data-end=\"635\"><strong>Kale \u00c7elik Kap\u0131 &#8211; <\/strong><strong>Daikin &#8211; <\/strong><strong>Buderus &#8211; <\/strong><strong>Vaillant\u00a0<\/strong><\/p>\n<p style=\"text-align: center;\" data-start=\"277\" data-end=\"635\"><strong>Nuh \u00c7imento &#8211; <\/strong><strong>Knauf &#8211; <\/strong><strong>Ytong &#8211; <\/strong><strong>Rehau &#8211; <\/strong><strong>Lafarge<\/strong><br \/>\n<strong>Demird\u00f6k\u00fcm &#8211; <\/strong><strong>Jotun &#8211; <\/strong><strong>Marshall &#8211; <\/strong><strong>Dyo &#8211; <\/strong><strong>Viko<\/strong><\/p>\n<\/div>\n<\/section>\n<style type=\"text\/css\" data-created_by=\"avia_inline_auto\" id=\"style-css-av-av_image-f1ed7883f2c9aa3868dbf457d7d16753\">\n.avia-image-container.av-av_image-f1ed7883f2c9aa3868dbf457d7d16753 img.avia_image{<br \/>\nbox-shadow:none;<br \/>\n}<br \/>\n.avia-image-container.av-av_image-f1ed7883f2c9aa3868dbf457d7d16753 .av-image-caption-overlay-center{<br \/>\ncolor:#ffffff;<br \/>\n}<br \/>\n<\/style>\n<div class=\"avia-image-container av-av_image-f1ed7883f2c9aa3868dbf457d7d16753 av-styling- avia-align-center  avia-builder-el-6  el_after_av_textblock  avia-builder-el-last \">\n<div class=\"avia-image-container-inner\">\n<div class=\"avia-image-overlay-wrap\"><img decoding=\"async\" class=\"wp-image-124 avia-img-lazy-loading-not-124 avia_image lazyload\" title=\"in\u015faat, in\u015faat \u015firketi, in\u015faat firmas\u0131, istanbul in\u015faat firmalar\u0131, in\u015faat projeleri, kentsel d\u00f6n\u00fc\u015f\u00fcm, kat kar\u015f\u0131l\u0131\u011f\u0131 in\u015faat, taahh\u00fct in\u015faat,\" data-src=\"https:\/\/zekiinsaatyapi.com\/wp-content\/uploads\/82384.jpg\" data-sizes=\"(max-width: 2000px) 100vw, 2000px\" data-srcset=\"https:\/\/zekiinsaatyapi.com\/wp-content\/uploads\/82384.jpg 2000w, https:\/\/zekiinsaatyapi.com\/wp-content\/uploads\/82384-400x224.jpg 400w, https:\/\/zekiinsaatyapi.com\/wp-content\/uploads\/82384-1024x574.jpg 1024w, https:\/\/zekiinsaatyapi.com\/wp-content\/uploads\/82384-768x430.jpg 768w, https:\/\/zekiinsaatyapi.com\/wp-content\/uploads\/82384-1536x861.jpg 1536w, https:\/\/zekiinsaatyapi.com\/wp-content\/uploads\/82384-1500x841.jpg 1500w, https:\/\/zekiinsaatyapi.com\/wp-content\/uploads\/82384-705x395.jpg 705w\" alt=\"in\u015faat, in\u015faat \u015firketi, in\u015faat firmas\u0131, istanbul in\u015faat firmalar\u0131, in\u015faat projeleri, kentsel d\u00f6n\u00fc\u015f\u00fcm, kat kar\u015f\u0131l\u0131\u011f\u0131 in\u015faat, taahh\u00fct in\u015faat,\" width=\"2000\" height=\"1121\" src=\"data:image\/svg+xml;base64,PHN2ZyB3aWR0aD0iMSIgaGVpZ2h0PSIxIiB4bWxucz0iaHR0cDovL3d3dy53My5vcmcvMjAwMC9zdmciPjwvc3ZnPg==\" style=\"--smush-placeholder-width: 2000px; --smush-placeholder-aspect-ratio: 2000\/1121;\" \/><\/div>\n<\/div>\n<\/div>\n<\/div>\n","protected":false},"excerpt":{"rendered":"<p>Zeki \u0130n\u015faat Kurucunun Mesaj\u0131 Kalite ve \u0130lkeler Vizyon ve Misyonumuz \u00c7\u00f6z\u00fcm Ortaklar\u0131m\u0131z \u00c7\u00f6z\u00fcm Ortaklar\u0131m\u0131z Zeki \u0130n\u015faat olarak in\u015faatlar\u0131m\u0131zda birlikte \u00e7al\u0131\u015ft\u0131\u011f\u0131m\u0131z \u00c7\u00f6z\u00fcm Ortaklar\u0131m\u0131z\u0131 bu sayfam\u0131zdan inceleyebilir ve \u00e7\u00f6z\u00fcm orta\u011f\u0131m\u0131z olmak i\u00e7in bizlere ula\u015fabilirsiniz. Baz\u0131 \u00e7\u00f6z\u00fcm ortaklar\u0131m\u0131z; Siemens &#8211; Bosch &#8211; LineaDecor &#8211; Intema Mutfak\u00a0 Franke &#8211; Artema &#8211; Vitra &#8211; \u00c7anakkale Seramik\u00a0 Kale \u00c7elik Kap\u0131 &#8211;&#8230;<\/p>\n","protected":false},"author":1,"featured_media":0,"parent":0,"menu_order":0,"comment_status":"closed","ping_status":"closed","template":"","meta":{"_monsterinsights_skip_tracking":false,"_monsterinsights_sitenote_active":false,"_monsterinsights_sitenote_note":"","_monsterinsights_sitenote_category":0,"footnotes":""},"class_list":["post-3621","page","type-page","status-publish","hentry","page--item"],"aioseo_notices":[],"_links":{"self":[{"href":"https:\/\/zekiinsaatyapi.com\/index.php\/wp-json\/wp\/v2\/pages\/3621","targetHints":{"allow":["GET"]}}],"collection":[{"href":"https:\/\/zekiinsaatyapi.com\/index.php\/wp-json\/wp\/v2\/pages"}],"about":[{"href":"https:\/\/zekiinsaatyapi.com\/index.php\/wp-json\/wp\/v2\/types\/page"}],"author":[{"embeddable":true,"href":"https:\/\/zekiinsaatyapi.com\/index.php\/wp-json\/wp\/v2\/users\/1"}],"replies":[{"embeddable":true,"href":"https:\/\/zekiinsaatyapi.com\/index.php\/wp-json\/wp\/v2\/comments?post=3621"}],"version-history":[{"count":3,"href":"https:\/\/zekiinsaatyapi.com\/index.php\/wp-json\/wp\/v2\/pages\/3621\/revisions"}],"predecessor-version":[{"id":3757,"href":"https:\/\/zekiinsaatyapi.com\/index.php\/wp-json\/wp\/v2\/pages\/3621\/revisions\/3757"}],"wp:attachment":[{"href":"https:\/\/zekiinsaatyapi.com\/index.php\/wp-json\/wp\/v2\/media?parent=3621"}],"curies":[{"name":"wp","href":"https:\/\/api.w.org\/{rel}","templated":true}]}}