{"id":3228,"date":"2024-05-09T12:25:20","date_gmt":"2024-05-09T10:25:20","guid":{"rendered":"https:\/\/wordpress.vecurosoft.com\/consik\/cart\/"},"modified":"2024-05-09T12:25:20","modified_gmt":"2024-05-09T10:25:20","slug":"cart-2","status":"publish","type":"page","link":"https:\/\/zekiinsaatyapi.com\/index.php\/cart-2\/","title":{"rendered":"Cart"},"content":{"rendered":"\n<div data-block-name=\"woocommerce\/cart\" class=\"wp-block-woocommerce-cart alignwide is-loading\">\n<div data-block-name=\"woocommerce\/filled-cart-block\" class=\"wp-block-woocommerce-filled-cart-block\">\n<div data-block-name=\"woocommerce\/cart-items-block\" class=\"wp-block-woocommerce-cart-items-block\">\n<div data-block-name=\"woocommerce\/cart-line-items-block\" class=\"wp-block-woocommerce-cart-line-items-block\"><\/div>\n\n\n\n<div data-block-name=\"woocommerce\/cart-cross-sells-block\" class=\"wp-block-woocommerce-cart-cross-sells-block\">\n<h2 class=\"wp-block-heading has-large-font-size\">You may be interested in\u2026<\/h2>\n\n\n\n<div data-block-name=\"woocommerce\/cart-cross-sells-products-block\" class=\"wp-block-woocommerce-cart-cross-sells-products-block\"><\/div>\n<\/div>\n<\/div>\n\n\n\n<div data-block-name=\"woocommerce\/cart-totals-block\" class=\"wp-block-woocommerce-cart-totals-block\">\n<div data-block-name=\"woocommerce\/cart-order-summary-block\" class=\"wp-block-woocommerce-cart-order-summary-block\">\n<div data-block-name=\"woocommerce\/cart-order-summary-heading-block\" class=\"wp-block-woocommerce-cart-order-summary-heading-block\"><\/div><div data-block-name=\"woocommerce\/cart-order-summary-coupon-form-block\" class=\"wp-block-woocommerce-cart-order-summary-coupon-form-block\"><\/div><div data-block-name=\"woocommerce\/cart-order-summary-totals-block\" class=\"wp-block-woocommerce-cart-order-summary-totals-block\">\n<div data-block-name=\"woocommerce\/cart-order-summary-subtotal-block\" class=\"wp-block-woocommerce-cart-order-summary-subtotal-block\"><\/div>\n<div data-block-name=\"woocommerce\/cart-order-summary-discount-block\" class=\"wp-block-woocommerce-cart-order-summary-discount-block\"><\/div>\n<div data-block-name=\"woocommerce\/cart-order-summary-fee-block\" class=\"wp-block-woocommerce-cart-order-summary-fee-block\"><\/div>\n<div data-block-name=\"woocommerce\/cart-order-summary-shipping-block\" class=\"wp-block-woocommerce-cart-order-summary-shipping-block\"><\/div>\n<div data-block-name=\"woocommerce\/cart-order-summary-taxes-block\" class=\"wp-block-woocommerce-cart-order-summary-taxes-block\"><\/div><\/div>\n<\/div>\n\n\n\n<div data-block-name=\"woocommerce\/cart-express-payment-block\" class=\"wp-block-woocommerce-cart-express-payment-block\"><\/div>\n\n\n\n<div data-block-name=\"woocommerce\/proceed-to-checkout-block\" class=\"wp-block-woocommerce-proceed-to-checkout-block\"><\/div>\n\n\n\n<div data-block-name=\"woocommerce\/cart-accepted-payment-methods-block\" class=\"wp-block-woocommerce-cart-accepted-payment-methods-block\"><\/div>\n<\/div>\n<\/div>\n\n\n\n<div data-block-name=\"woocommerce\/empty-cart-block\" class=\"wp-block-woocommerce-empty-cart-block\">\n<h2 class=\"wp-block-heading has-text-align-center with-empty-cart-icon wc-block-cart__empty-cart__title\">Your cart is currently empty!<\/h2>\n\n\n\n<hr class=\"wp-block-separator has-alpha-channel-opacity is-style-dots\"\/>\n\n\n\n<h2 class=\"wp-block-heading has-text-align-center\">New in store<\/h2>\n\n\n<div data-block-name=\"woocommerce\/product-new\" data-columns=\"4\" data-rows=\"1\" class=\"wc-block-grid wp-block-product-new wp-block-woocommerce-product-new wc-block-product-new has-4-columns\"><ul class=\"wc-block-grid__products\"><li class=\"wc-block-grid__product\">\n\t\t\t\t<a href=\"https:\/\/zekiinsaatyapi.com\/index.php\/product\/drill-machine\/\" class=\"wc-block-grid__product-link\">\n\t\t\t\t\t<div class=\"wc-block-grid__product-onsale\">\n\t\t\t<span aria-hidden=\"true\">\u0130ndirim<\/span>\n\t\t\t<span class=\"screen-reader-text\">\u0130ndirimdeki \u00fcr\u00fcn<\/span>\n\t\t<\/div>\n\t\t\t\t\t<div class=\"wc-block-grid__product-image\"><img fetchpriority=\"high\" decoding=\"async\" width=\"300\" height=\"300\" src=\"https:\/\/zekiinsaatyapi.com\/wp-content\/uploads\/2024\/05\/product_1-300x300.png\" class=\"attachment-woocommerce_thumbnail size-woocommerce_thumbnail\" alt=\"Drill Machine\" srcset=\"https:\/\/zekiinsaatyapi.com\/wp-content\/uploads\/2024\/05\/product_1-300x300.png 300w, https:\/\/zekiinsaatyapi.com\/wp-content\/uploads\/2024\/05\/product_1-100x100.png 100w, https:\/\/zekiinsaatyapi.com\/wp-content\/uploads\/2024\/05\/product_1-600x600.png 600w, https:\/\/zekiinsaatyapi.com\/wp-content\/uploads\/2024\/05\/product_1-150x150.png 150w, https:\/\/zekiinsaatyapi.com\/wp-content\/uploads\/2024\/05\/product_1-768x768.png 768w, https:\/\/zekiinsaatyapi.com\/wp-content\/uploads\/2024\/05\/product_1-70x70.png 70w, https:\/\/zekiinsaatyapi.com\/wp-content\/uploads\/2024\/05\/product_1-460x460.png 460w, https:\/\/zekiinsaatyapi.com\/wp-content\/uploads\/2024\/05\/product_1.png 800w\" sizes=\"(max-width: 300px) 100vw, 300px\"><\/div>\n\t\t\t\t\t<div class=\"wc-block-grid__product-title\">Drill Machine<\/div>\n\t\t\t\t<\/a>\n\t\t\t\t<div class=\"wc-block-grid__product-price price\"> <ins><span class=\"woocommerce-Price-amount amount\"><span class=\"woocommerce-Price-currencySymbol\">$<\/span>150.00<\/span><\/ins> <del><span class=\"woocommerce-Price-amount amount\"><span class=\"woocommerce-Price-currencySymbol\">$<\/span>200.00<\/span><\/del><\/div>\n\t\t\t\t<div class=\"wc-block-grid__product-rating\"><div class=\"star-rating\" role=\"img\" aria-label=\"5 \u00fczerinden 5.00 oy ald\u0131\"><span style=\"width:100%\"><span class=\"rating\">1<\/span> m\u00fc\u015fteri puan\u0131na dayanarak 5 \u00fczerinden <strong class=\"rating\">5.00<\/strong> puan ald\u0131<\/span><\/div><\/div>\n\t\t\t\t<div class=\"wp-block-button wc-block-grid__product-add-to-cart\"><a href=\"\/index.php\/wp-json\/wp\/v2\/pages\/3228?add-to-cart=3278\" aria-label=\"Sepete ekle: \u201cDrill Machine\u201d\" data-quantity=\"1\" data-product_id=\"3278\" data-product_sku=\"wp-pennant\" data-price=\"150\" rel=\"nofollow\" class=\"wp-block-button__link  add_to_cart_button ajax_add_to_cart\">Sepete Ekle<\/a><\/div><div class=\"tinv-wraper woocommerce tinv-wishlist tinvwl-after-add-to-cart tinvwl-loop-button-wrapper tinvwl-woocommerce_blocks_product_grid_item_html\" data-tinvwl_product_id=\"3278\">\n\t<div class=\"tinv-wishlist-clear\"><\/div><a role=\"button\" tabindex=\"0\" name=\"add-to-wishlist\" aria-label=\"Add to Wishlist\" class=\"tinvwl_add_to_wishlist_button tinvwl-icon-heart  tinvwl-position-after tinvwl-loop\" data-tinv-wl-list=\"[]\" data-tinv-wl-product=\"3278\" data-tinv-wl-productvariation=\"0\" data-tinv-wl-productvariations=\"[]\" data-tinv-wl-producttype=\"simple\" data-tinv-wl-action=\"add\"><span class=\"tinvwl_add_to_wishlist-text\">Add to Wishlist<\/span><\/a><div class=\"tinv-wishlist-clear\"><\/div>\t\t<div class=\"tinvwl-tooltip\">Add to Wishlist<\/div>\n<\/div>\n\t\t\t<\/li><li class=\"wc-block-grid__product\">\n\t\t\t\t<a href=\"https:\/\/zekiinsaatyapi.com\/index.php\/product\/constructions-tools\/\" class=\"wc-block-grid__product-link\">\n\t\t\t\t\t\n\t\t\t\t\t<div class=\"wc-block-grid__product-image\"><img decoding=\"async\" width=\"300\" height=\"300\" data-src=\"https:\/\/zekiinsaatyapi.com\/wp-content\/uploads\/2024\/05\/product_2-300x300.png\" class=\"attachment-woocommerce_thumbnail size-woocommerce_thumbnail lazyload\" alt=\"Constructions Tools\" data-srcset=\"https:\/\/zekiinsaatyapi.com\/wp-content\/uploads\/2024\/05\/product_2-300x300.png 300w, https:\/\/zekiinsaatyapi.com\/wp-content\/uploads\/2024\/05\/product_2-100x100.png 100w, https:\/\/zekiinsaatyapi.com\/wp-content\/uploads\/2024\/05\/product_2-600x600.png 600w, https:\/\/zekiinsaatyapi.com\/wp-content\/uploads\/2024\/05\/product_2-150x150.png 150w, https:\/\/zekiinsaatyapi.com\/wp-content\/uploads\/2024\/05\/product_2-768x768.png 768w, https:\/\/zekiinsaatyapi.com\/wp-content\/uploads\/2024\/05\/product_2-70x70.png 70w, https:\/\/zekiinsaatyapi.com\/wp-content\/uploads\/2024\/05\/product_2-460x460.png 460w, https:\/\/zekiinsaatyapi.com\/wp-content\/uploads\/2024\/05\/product_2.png 800w\" data-sizes=\"(max-width: 300px) 100vw, 300px\" src=\"data:image\/svg+xml;base64,PHN2ZyB3aWR0aD0iMSIgaGVpZ2h0PSIxIiB4bWxucz0iaHR0cDovL3d3dy53My5vcmcvMjAwMC9zdmciPjwvc3ZnPg==\" style=\"--smush-placeholder-width: 300px; --smush-placeholder-aspect-ratio: 300\/300;\"><\/div>\n\t\t\t\t\t<div class=\"wc-block-grid__product-title\">Constructions Tools<\/div>\n\t\t\t\t<\/a>\n\t\t\t\t<div class=\"wc-block-grid__product-price price\"><span class=\"woocommerce-Price-amount amount\"><span class=\"woocommerce-Price-currencySymbol\">$<\/span>20.00<\/span><\/div>\n\t\t\t\t<div class=\"wc-block-grid__product-rating\"><div class=\"star-rating\" role=\"img\" aria-label=\"5 \u00fczerinden 5.00 oy ald\u0131\"><span style=\"width:100%\"><span class=\"rating\">1<\/span> m\u00fc\u015fteri puan\u0131na dayanarak 5 \u00fczerinden <strong class=\"rating\">5.00<\/strong> puan ald\u0131<\/span><\/div><\/div>\n\t\t\t\t<div class=\"wp-block-button wc-block-grid__product-add-to-cart\"><a href=\"\/index.php\/wp-json\/wp\/v2\/pages\/3228?add-to-cart=3277\" aria-label=\"Sepete ekle: \u201cConstructions Tools\u201d\" data-quantity=\"1\" data-product_id=\"3277\" data-product_sku=\"logo-collection\" data-price=\"20\" rel=\"nofollow\" class=\"wp-block-button__link  add_to_cart_button ajax_add_to_cart\">Sepete Ekle<\/a><\/div><div class=\"tinv-wraper woocommerce tinv-wishlist tinvwl-after-add-to-cart tinvwl-loop-button-wrapper tinvwl-woocommerce_blocks_product_grid_item_html\" data-tinvwl_product_id=\"3277\">\n\t<div class=\"tinv-wishlist-clear\"><\/div><a role=\"button\" tabindex=\"0\" name=\"add-to-wishlist\" aria-label=\"Add to Wishlist\" class=\"tinvwl_add_to_wishlist_button tinvwl-icon-heart  tinvwl-position-after tinvwl-loop\" data-tinv-wl-list=\"[]\" data-tinv-wl-product=\"3277\" data-tinv-wl-productvariation=\"0\" data-tinv-wl-productvariations=\"[]\" data-tinv-wl-producttype=\"simple\" data-tinv-wl-action=\"add\"><span class=\"tinvwl_add_to_wishlist-text\">Add to Wishlist<\/span><\/a><div class=\"tinv-wishlist-clear\"><\/div>\t\t<div class=\"tinvwl-tooltip\">Add to Wishlist<\/div>\n<\/div>\n\t\t\t<\/li><li class=\"wc-block-grid__product\">\n\t\t\t\t<a href=\"https:\/\/zekiinsaatyapi.com\/index.php\/product\/combat-drill\/\" class=\"wc-block-grid__product-link\">\n\t\t\t\t\t<div class=\"wc-block-grid__product-onsale\">\n\t\t\t<span aria-hidden=\"true\">\u0130ndirim<\/span>\n\t\t\t<span class=\"screen-reader-text\">\u0130ndirimdeki \u00fcr\u00fcn<\/span>\n\t\t<\/div>\n\t\t\t\t\t<div class=\"wc-block-grid__product-image\"><img decoding=\"async\" width=\"300\" height=\"300\" data-src=\"https:\/\/zekiinsaatyapi.com\/wp-content\/uploads\/2024\/05\/product_3-300x300.png\" class=\"attachment-woocommerce_thumbnail size-woocommerce_thumbnail lazyload\" alt=\"Combat Drill\" data-srcset=\"https:\/\/zekiinsaatyapi.com\/wp-content\/uploads\/2024\/05\/product_3-300x300.png 300w, https:\/\/zekiinsaatyapi.com\/wp-content\/uploads\/2024\/05\/product_3-100x100.png 100w, https:\/\/zekiinsaatyapi.com\/wp-content\/uploads\/2024\/05\/product_3-600x600.png 600w, https:\/\/zekiinsaatyapi.com\/wp-content\/uploads\/2024\/05\/product_3-150x150.png 150w, https:\/\/zekiinsaatyapi.com\/wp-content\/uploads\/2024\/05\/product_3-768x768.png 768w, https:\/\/zekiinsaatyapi.com\/wp-content\/uploads\/2024\/05\/product_3-70x70.png 70w, https:\/\/zekiinsaatyapi.com\/wp-content\/uploads\/2024\/05\/product_3-460x460.png 460w, https:\/\/zekiinsaatyapi.com\/wp-content\/uploads\/2024\/05\/product_3.png 800w\" data-sizes=\"(max-width: 300px) 100vw, 300px\" src=\"data:image\/svg+xml;base64,PHN2ZyB3aWR0aD0iMSIgaGVpZ2h0PSIxIiB4bWxucz0iaHR0cDovL3d3dy53My5vcmcvMjAwMC9zdmciPjwvc3ZnPg==\" style=\"--smush-placeholder-width: 300px; --smush-placeholder-aspect-ratio: 300\/300;\"><\/div>\n\t\t\t\t\t<div class=\"wc-block-grid__product-title\">Combat Drill<\/div>\n\t\t\t\t<\/a>\n\t\t\t\t<div class=\"wc-block-grid__product-price price\"> <ins><span class=\"woocommerce-Price-amount amount\"><span class=\"woocommerce-Price-currencySymbol\">$<\/span>18.00<\/span><\/ins> <del><span class=\"woocommerce-Price-amount amount\"><span class=\"woocommerce-Price-currencySymbol\">$<\/span>20.00<\/span><\/del><\/div>\n\t\t\t\t<div class=\"wc-block-grid__product-rating\"><div class=\"star-rating\" role=\"img\" aria-label=\"5 \u00fczerinden 5.00 oy ald\u0131\"><span style=\"width:100%\"><span class=\"rating\">1<\/span> m\u00fc\u015fteri puan\u0131na dayanarak 5 \u00fczerinden <strong class=\"rating\">5.00<\/strong> puan ald\u0131<\/span><\/div><\/div>\n\t\t\t\t<div class=\"wp-block-button wc-block-grid__product-add-to-cart\"><a href=\"\/index.php\/wp-json\/wp\/v2\/pages\/3228?add-to-cart=3276\" aria-label=\"Sepete ekle: \u201cCombat Drill\u201d\" data-quantity=\"1\" data-product_id=\"3276\" data-product_sku=\"Woo-beanie-logo\" data-price=\"18\" rel=\"nofollow\" class=\"wp-block-button__link  add_to_cart_button ajax_add_to_cart\">Sepete Ekle<\/a><\/div><div class=\"tinv-wraper woocommerce tinv-wishlist tinvwl-after-add-to-cart tinvwl-loop-button-wrapper tinvwl-woocommerce_blocks_product_grid_item_html\" data-tinvwl_product_id=\"3276\">\n\t<div class=\"tinv-wishlist-clear\"><\/div><a role=\"button\" tabindex=\"0\" name=\"add-to-wishlist\" aria-label=\"Add to Wishlist\" class=\"tinvwl_add_to_wishlist_button tinvwl-icon-heart  tinvwl-position-after tinvwl-loop\" data-tinv-wl-list=\"[]\" data-tinv-wl-product=\"3276\" data-tinv-wl-productvariation=\"0\" data-tinv-wl-productvariations=\"[]\" data-tinv-wl-producttype=\"simple\" data-tinv-wl-action=\"add\"><span class=\"tinvwl_add_to_wishlist-text\">Add to Wishlist<\/span><\/a><div class=\"tinv-wishlist-clear\"><\/div>\t\t<div class=\"tinvwl-tooltip\">Add to Wishlist<\/div>\n<\/div>\n\t\t\t<\/li><li class=\"wc-block-grid__product\">\n\t\t\t\t<a href=\"https:\/\/zekiinsaatyapi.com\/index.php\/product\/cutter-machine\/\" class=\"wc-block-grid__product-link\">\n\t\t\t\t\t\n\t\t\t\t\t<div class=\"wc-block-grid__product-image\"><img decoding=\"async\" width=\"300\" height=\"300\" data-src=\"https:\/\/zekiinsaatyapi.com\/wp-content\/uploads\/2024\/05\/product_5-300x300.png\" class=\"attachment-woocommerce_thumbnail size-woocommerce_thumbnail lazyload\" alt=\"Cutter Machine\" data-srcset=\"https:\/\/zekiinsaatyapi.com\/wp-content\/uploads\/2024\/05\/product_5-300x300.png 300w, https:\/\/zekiinsaatyapi.com\/wp-content\/uploads\/2024\/05\/product_5-100x100.png 100w, https:\/\/zekiinsaatyapi.com\/wp-content\/uploads\/2024\/05\/product_5-600x600.png 600w, https:\/\/zekiinsaatyapi.com\/wp-content\/uploads\/2024\/05\/product_5-150x150.png 150w, https:\/\/zekiinsaatyapi.com\/wp-content\/uploads\/2024\/05\/product_5-768x768.png 768w, https:\/\/zekiinsaatyapi.com\/wp-content\/uploads\/2024\/05\/product_5-70x70.png 70w, https:\/\/zekiinsaatyapi.com\/wp-content\/uploads\/2024\/05\/product_5-460x460.png 460w, https:\/\/zekiinsaatyapi.com\/wp-content\/uploads\/2024\/05\/product_5.png 800w\" data-sizes=\"(max-width: 300px) 100vw, 300px\" src=\"data:image\/svg+xml;base64,PHN2ZyB3aWR0aD0iMSIgaGVpZ2h0PSIxIiB4bWxucz0iaHR0cDovL3d3dy53My5vcmcvMjAwMC9zdmciPjwvc3ZnPg==\" style=\"--smush-placeholder-width: 300px; --smush-placeholder-aspect-ratio: 300\/300;\"><\/div>\n\t\t\t\t\t<div class=\"wc-block-grid__product-title\">Cutter Machine<\/div>\n\t\t\t\t<\/a>\n\t\t\t\t<div class=\"wc-block-grid__product-price price\"><span class=\"woocommerce-Price-amount amount\"><span class=\"woocommerce-Price-currencySymbol\">$<\/span>18.00<\/span><\/div>\n\t\t\t\t<div class=\"wc-block-grid__product-rating\"><div class=\"star-rating\" role=\"img\" aria-label=\"5 \u00fczerinden 5.00 oy ald\u0131\"><span style=\"width:100%\"><span class=\"rating\">1<\/span> m\u00fc\u015fteri puan\u0131na dayanarak 5 \u00fczerinden <strong class=\"rating\">5.00<\/strong> puan ald\u0131<\/span><\/div><\/div>\n\t\t\t\t<div class=\"wp-block-button wc-block-grid__product-add-to-cart\"><a href=\"\/index.php\/wp-json\/wp\/v2\/pages\/3228?add-to-cart=3275\" aria-label=\"Sepete ekle: \u201cCutter Machine\u201d\" data-quantity=\"1\" data-product_id=\"3275\" data-product_sku=\"Woo-tshirt-logo\" data-price=\"18\" rel=\"nofollow\" class=\"wp-block-button__link  add_to_cart_button ajax_add_to_cart\">Sepete Ekle<\/a><\/div><div class=\"tinv-wraper woocommerce tinv-wishlist tinvwl-after-add-to-cart tinvwl-loop-button-wrapper tinvwl-woocommerce_blocks_product_grid_item_html\" data-tinvwl_product_id=\"3275\">\n\t<div class=\"tinv-wishlist-clear\"><\/div><a role=\"button\" tabindex=\"0\" name=\"add-to-wishlist\" aria-label=\"Add to Wishlist\" class=\"tinvwl_add_to_wishlist_button tinvwl-icon-heart  tinvwl-position-after tinvwl-loop\" data-tinv-wl-list=\"[]\" data-tinv-wl-product=\"3275\" data-tinv-wl-productvariation=\"0\" data-tinv-wl-productvariations=\"[]\" data-tinv-wl-producttype=\"simple\" data-tinv-wl-action=\"add\"><span class=\"tinvwl_add_to_wishlist-text\">Add to Wishlist<\/span><\/a><div class=\"tinv-wishlist-clear\"><\/div>\t\t<div class=\"tinvwl-tooltip\">Add to Wishlist<\/div>\n<\/div>\n\t\t\t<\/li><\/ul><\/div><\/div>\n<\/div>\n","protected":false},"excerpt":{"rendered":"","protected":false},"author":1,"featured_media":0,"parent":0,"menu_order":0,"comment_status":"closed","ping_status":"closed","template":"","meta":{"_monsterinsights_skip_tracking":false,"_monsterinsights_sitenote_active":false,"_monsterinsights_sitenote_note":"","_monsterinsights_sitenote_category":0,"footnotes":""},"class_list":["post-3228","page","type-page","status-publish","hentry","page--item"],"aioseo_notices":[],"_links":{"self":[{"href":"https:\/\/zekiinsaatyapi.com\/index.php\/wp-json\/wp\/v2\/pages\/3228","targetHints":{"allow":["GET"]}}],"collection":[{"href":"https:\/\/zekiinsaatyapi.com\/index.php\/wp-json\/wp\/v2\/pages"}],"about":[{"href":"https:\/\/zekiinsaatyapi.com\/index.php\/wp-json\/wp\/v2\/types\/page"}],"author":[{"embeddable":true,"href":"https:\/\/zekiinsaatyapi.com\/index.php\/wp-json\/wp\/v2\/users\/1"}],"replies":[{"embeddable":true,"href":"https:\/\/zekiinsaatyapi.com\/index.php\/wp-json\/wp\/v2\/comments?post=3228"}],"version-history":[{"count":0,"href":"https:\/\/zekiinsaatyapi.com\/index.php\/wp-json\/wp\/v2\/pages\/3228\/revisions"}],"wp:attachment":[{"href":"https:\/\/zekiinsaatyapi.com\/index.php\/wp-json\/wp\/v2\/media?parent=3228"}],"curies":[{"name":"wp","href":"https:\/\/api.w.org\/{rel}","templated":true}]}}